{"id":249781,"date":"2025-06-25T13:59:21","date_gmt":"2025-06-25T10:59:21","guid":{"rendered":"https:\/\/topdisc.fi\/?post_type=product&#038;p=249781"},"modified":"2026-01-27T15:37:23","modified_gmt":"2026-01-27T13:37:23","slug":"discmania-horizon-s-line-glacier-prototype-gannon-buhr-creator-series","status":"publish","type":"product","link":"https:\/\/topdisc.fi\/sv\/produkt\/discmania-horizon-s-line-glacier-prototype-gannon-buhr-creator-series\/","title":{"rendered":"Discmania Horizon S-Line Glacier Prototype &#8211; Gannon Buhr Creator Series"},"content":{"rendered":"<p>Discmania Horizon S-Line Glacier Prototype &#8211; Gannon Buhr Creator Series<\/p>\n<p>Flygv\u00e4rden: 5 5 0 2<\/p>\n<p>Skick: A-<\/p>\n<p>Vikt: 177g<\/p>\n<p>Mark\u00f6rer: -<\/p>\n<p>Gannon Buhrin suunnittelema Glacier on nopea ja v\u00e4\u00e4nt\u00f6\u00e4 kest\u00e4v\u00e4, suoran ja vakaan v\u00e4liin menev\u00e4 midari, joka kest\u00e4\u00e4 kovempiakin heittonopeuksia ja vastatuulia. Glacier pit\u00e4\u00e4 luotettavan suoran linjan heitossa omaa miedon eteenp\u00e4in puskevan feidin lennon lopussa. Glacierin tasainen kansi ja beadit\u00f6n kovera rimmi tarjoaa eritt\u00e4in mukavan otteen.<\/p>\n<p>Jos Method ja MD3x on tuttuja, voi Glacieria ajatella niiden isoveljen\u00e4 vedon keston johdosta, etenkin lennon alkuvaiheessa.<\/p>","protected":false},"excerpt":{"rendered":"<p>Discmania Horizon S-Line Glacier Prototype &#8211; Gannon Buhr Creator Series<\/p>\n<p>Flygv\u00e4rden: 5 5 0 2<\/p>\n<p>Skick: A-<\/p>\n<p>Vikt: 177g<\/p>\n<p>Mark\u00f6rer: -<\/p>\n<p>Gannon Buhrin suunnittelema Glacier on nopea ja v\u00e4\u00e4nt\u00f6\u00e4 kest\u00e4v\u00e4, suoran ja vakaan v\u00e4liin menev\u00e4 midari, joka kest\u00e4\u00e4 kovempiakin heittonopeuksia ja vastatuulia. Glacier pit\u00e4\u00e4 luotettavan suoran linjan heitossa omaa miedon eteenp\u00e4in puskevan feidin lennon lopussa. Glacierin tasainen kansi ja beadit\u00f6n kovera rimmi tarjoaa eritt\u00e4in mukavan otteen.<\/p>\n<p>Jos Method ja MD3x on tuttuja, voi Glacieria ajatella niiden isoveljen\u00e4 vedon keston johdosta, etenkin lennon alkuvaiheessa.<\/p>","protected":false},"featured_media":249783,"comment_status":"open","ping_status":"closed","template":"","meta":{"_acf_changed":false,"om_disable_all_campaigns":false,"_improvement_type_select":"improve_an_existing","_thumb_yes_seoaic":false,"_frame_yes_seoaic":false,"seoaic_generate_description":"","seoaic_improve_instructions_prompt":"","seoaic_rollback_content_improvement":"","seoaic_idea_thumbnail_generator":"","thumbnail_generated":false,"thumbnail_generate_prompt":"","seoaic_article_description":""},"product_brand":[4855],"product_cat":[1806,656,1807,1755,1757,4670,1811,369,4065,678,73,2625],"product_tag":[566,839,1458,2319,2520,1944],"class_list":{"0":"post-249781","1":"product","2":"type-product","3":"status-publish","4":"has-post-thumbnail","6":"product_brand-discmania","7":"product_cat-kaytetyt-frisbeegolfkiekot","8":"product_cat-discmania-kaikki","9":"product_cat-discmania-kaytetyt-frisbeegolfkiekot","10":"product_cat-discmania-kaytetyt-midarit","11":"product_cat-discmania-kaytetyt-spesiaalikiekot","12":"product_cat-inv","13":"product_cat-midarit","14":"product_cat-signature-kiekot","15":"product_cat-special","16":"product_cat-spessut","17":"product_cat-uutuudet","18":"product_cat-valmistajat","19":"product_tag-midari","20":"product_tag-midrange","21":"product_tag-prototype","22":"product_tag-signature","23":"product_tag-suora","24":"product_tag-vakaa","25":"pa_feidi-287","26":"pa_kunto-a-3","27":"pa_liito-274","28":"pa_nopeus-259","29":"pa_paino-332","30":"pa_vakaus-zero","31":"pa_valmistajat-discmania","33":"first","34":"instock","35":"shipping-taxable","36":"purchasable","37":"product-type-simple"},"acf":[],"_links":{"self":[{"href":"https:\/\/topdisc.fi\/sv\/wp-json\/wp\/v2\/product\/249781","targetHints":{"allow":["GET"]}}],"collection":[{"href":"https:\/\/topdisc.fi\/sv\/wp-json\/wp\/v2\/product"}],"about":[{"href":"https:\/\/topdisc.fi\/sv\/wp-json\/wp\/v2\/types\/product"}],"replies":[{"embeddable":true,"href":"https:\/\/topdisc.fi\/sv\/wp-json\/wp\/v2\/comments?post=249781"}],"version-history":[{"count":1,"href":"https:\/\/topdisc.fi\/sv\/wp-json\/wp\/v2\/product\/249781\/revisions"}],"predecessor-version":[{"id":263698,"href":"https:\/\/topdisc.fi\/sv\/wp-json\/wp\/v2\/product\/249781\/revisions\/263698"}],"wp:featuredmedia":[{"embeddable":true,"href":"https:\/\/topdisc.fi\/sv\/wp-json\/wp\/v2\/media\/249783"}],"wp:attachment":[{"href":"https:\/\/topdisc.fi\/sv\/wp-json\/wp\/v2\/media?parent=249781"}],"wp:term":[{"taxonomy":"product_brand","embeddable":true,"href":"https:\/\/topdisc.fi\/sv\/wp-json\/wp\/v2\/product_brand?post=249781"},{"taxonomy":"product_cat","embeddable":true,"href":"https:\/\/topdisc.fi\/sv\/wp-json\/wp\/v2\/product_cat?post=249781"},{"taxonomy":"product_tag","embeddable":true,"href":"https:\/\/topdisc.fi\/sv\/wp-json\/wp\/v2\/product_tag?post=249781"}],"curies":[{"name":"wp","href":"https:\/\/api.w.org\/{rel}","templated":true}]}}