{"id":249848,"date":"2025-06-25T17:18:24","date_gmt":"2025-06-25T14:18:24","guid":{"rendered":"https:\/\/topdisc.fi\/?post_type=product&#038;p=249848"},"modified":"2026-01-27T15:37:22","modified_gmt":"2026-01-27T13:37:22","slug":"discmania-swirl-d-line-flex-2-p1-special-edition","status":"publish","type":"product","link":"https:\/\/topdisc.fi\/sv\/produkt\/discmania-swirl-d-line-flex-2-p1-special-edition\/","title":{"rendered":"Discmania Swirl D-Line Flex 2 P1 &#8211; Special Edition"},"content":{"rendered":"<p>Discmania Swirl D-Line Flex 2 P1 &#8211; Special Edition<\/p>\n<p>Flygv\u00e4rden: 2 3 0 0<\/p>\n<p>Skick: A<\/p>\n<p>Vikt: 174 g<\/p>\n<p>&nbsp;<\/p>\n<p>Discmania P1 \u00e4r symbolen f\u00f6r en putter som passar alla. Dess flygning \u00e4r mycket neutral och hal, vilket g\u00f6r den till ett utm\u00e4rkt verktyg f\u00f6r att l\u00e4ra sig ren kastteknik. Att k\u00f6ra med denna putter l\u00e4r dig mycket om din kastteknik. Den raka banan g\u00f6r ocks\u00e5 puttning njutbar.<\/p>\n<p>P1 \u00e4r en betorfri, rak flygning och n\u00e5got l\u00e4gre putter \u00e4n p2.<\/p>","protected":false},"excerpt":{"rendered":"<p>Discmania Swirl D-Line Flex 2 P1 &#8211; Special Edition<\/p>\n<p>Flygv\u00e4rden: 2 3 0 0<\/p>\n<p>Skick: A<\/p>\n<p>Vikt: 174 g<\/p>\n<p>&nbsp;<\/p>\n<p>Discmania P1 \u00e4r symbolen f\u00f6r en putter som passar alla. Dess flygning \u00e4r mycket neutral och hal, vilket g\u00f6r den till ett utm\u00e4rkt verktyg f\u00f6r att l\u00e4ra sig ren kastteknik. Att k\u00f6ra med denna putter l\u00e4r dig mycket om din kastteknik. Den raka banan g\u00f6r ocks\u00e5 puttning njutbar.<\/p>\n<p>P1 \u00e4r en betorfri, rak flygning och n\u00e5got l\u00e4gre putter \u00e4n p2.<\/p>","protected":false},"featured_media":249825,"comment_status":"open","ping_status":"closed","template":"","meta":{"_acf_changed":false,"om_disable_all_campaigns":false,"_improvement_type_select":"improve_an_existing","_thumb_yes_seoaic":false,"_frame_yes_seoaic":false,"seoaic_generate_description":"","seoaic_improve_instructions_prompt":"","seoaic_rollback_content_improvement":"","seoaic_idea_thumbnail_generator":"","thumbnail_generated":false,"thumbnail_generate_prompt":"","seoaic_article_description":""},"product_brand":[4855],"product_cat":[656,1807,1756,1757,1806,1808,4065,678,73,2625],"product_tag":[716,677],"class_list":{"0":"post-249848","1":"product","2":"type-product","3":"status-publish","4":"has-post-thumbnail","6":"product_brand-discmania","7":"product_cat-discmania-kaikki","8":"product_cat-discmania-kaytetyt-frisbeegolfkiekot","9":"product_cat-discmania-kaytetyt-putterit","10":"product_cat-discmania-kaytetyt-spesiaalikiekot","11":"product_cat-kaytetyt-frisbeegolfkiekot","12":"product_cat-kaytetyt-putterit","13":"product_cat-special","14":"product_cat-spessut","15":"product_cat-uutuudet","16":"product_cat-valmistajat","17":"product_tag-putter","18":"product_tag-special","19":"pa_kunto-a-2","20":"pa_liito-272","21":"pa_nopeus-256","22":"pa_paino-325","23":"pa_vakaus-zero","24":"pa_valmistajat-discmania","25":"pa_vari-keltainen","26":"pa_vari-sininen","27":"pa_vari-turkoosi","29":"first","30":"instock","31":"shipping-taxable","32":"purchasable","33":"product-type-variable"},"acf":[],"_links":{"self":[{"href":"https:\/\/topdisc.fi\/sv\/wp-json\/wp\/v2\/product\/249848","targetHints":{"allow":["GET"]}}],"collection":[{"href":"https:\/\/topdisc.fi\/sv\/wp-json\/wp\/v2\/product"}],"about":[{"href":"https:\/\/topdisc.fi\/sv\/wp-json\/wp\/v2\/types\/product"}],"replies":[{"embeddable":true,"href":"https:\/\/topdisc.fi\/sv\/wp-json\/wp\/v2\/comments?post=249848"}],"version-history":[{"count":1,"href":"https:\/\/topdisc.fi\/sv\/wp-json\/wp\/v2\/product\/249848\/revisions"}],"predecessor-version":[{"id":263697,"href":"https:\/\/topdisc.fi\/sv\/wp-json\/wp\/v2\/product\/249848\/revisions\/263697"}],"wp:featuredmedia":[{"embeddable":true,"href":"https:\/\/topdisc.fi\/sv\/wp-json\/wp\/v2\/media\/249825"}],"wp:attachment":[{"href":"https:\/\/topdisc.fi\/sv\/wp-json\/wp\/v2\/media?parent=249848"}],"wp:term":[{"taxonomy":"product_brand","embeddable":true,"href":"https:\/\/topdisc.fi\/sv\/wp-json\/wp\/v2\/product_brand?post=249848"},{"taxonomy":"product_cat","embeddable":true,"href":"https:\/\/topdisc.fi\/sv\/wp-json\/wp\/v2\/product_cat?post=249848"},{"taxonomy":"product_tag","embeddable":true,"href":"https:\/\/topdisc.fi\/sv\/wp-json\/wp\/v2\/product_tag?post=249848"}],"curies":[{"name":"wp","href":"https:\/\/api.w.org\/{rel}","templated":true}]}}