{"id":252230,"date":"2025-07-15T14:37:21","date_gmt":"2025-07-15T11:37:21","guid":{"rendered":"https:\/\/topdisc.fi\/?post_type=product&#038;p=252230"},"modified":"2026-01-27T17:46:20","modified_gmt":"2026-01-27T15:46:20","slug":"prodigy-feedback-400-spectrum-brandon-brown-2025-signature-series","status":"publish","type":"product","link":"https:\/\/topdisc.fi\/sv\/produkt\/prodigy-feedback-400-spectrum-brandon-brown-2025-signature-series\/","title":{"rendered":"Prodigy Feedback 400 Spectrum &#8211; Brandon Brown 2025 Signature Series"},"content":{"rendered":"<p>Prodigy Feedback 400 Spectrum &#8211; Brandon Brown 2025 Signature Series<\/p>\n<p>Flygv\u00e4rden: 9 5 -1 3<\/p>\n<p class=\"\" data-start=\"0\" data-end=\"96\">Esittelyss\u00e4 Brandon Brownin 2025 Signature Series Feedback 400 Spectrum:\u00a0<em data-start=\"73\" data-end=\"95\">Stonegolem Landslide<\/em>.<\/p>\n<p class=\"\" data-start=\"98\" data-end=\"261\"><strong data-start=\"98\" data-end=\"112\">Stonegolem<\/strong>\u00a0on vaaninut juuri pinnan alla mittaamattomien aikakausien ajan ja iskee varoittamatta \u2014 muovaten maata uudelleen yhdell\u00e4 ainoalla kivisell\u00e4 iskulla!<\/p>\n<p class=\"\" data-start=\"263\" data-end=\"828\">Brandon valitsi v\u00e4yl\u00e4draiverikseen\u00a0<strong data-start=\"298\" data-end=\"312\">Feedbackin<\/strong>\u00a0400 Spectrum -muovissa. Feedback on ylivakaa v\u00e4yl\u00e4draiveri, joka tarjoaa erinomaista hallittavuutta. Se s\u00e4ilytt\u00e4\u00e4 linjansa suurimman osan lennosta ilman suurta sivuttaisliikett\u00e4, kunnes luotettava feidi vie sen tarkasti haluttuun laskeutumispaikkaan. Kiekko kest\u00e4\u00e4 hyvin tuulista s\u00e4\u00e4t\u00e4, tehden siit\u00e4 loistavan valinnan monenlaisiin heittoihin \u2013 kuten hyzereihin tai tarkkoihin suoraviivaisiin heittoihin, kun pit\u00e4\u00e4 p\u00e4\u00e4st\u00e4 ahtaasta v\u00e4list\u00e4. T\u00e4m\u00e4 kiekko kehitettiin alun perin osana Prodigy Collabs -sarjaa.<\/p>\n<p class=\"\" data-start=\"830\" data-end=\"904\">Jokainen kiekko on oma upea uniikki yksil\u00f6ns\u00e4 \u2013 takuuvarma katseenk\u00e4\u00e4nt\u00e4j\u00e4 jokaisella heitolla.<\/p>","protected":false},"excerpt":{"rendered":"<p>Prodigy Feedback 400 Spectrum &#8211; Brandon Brown 2025 Signature Series<\/p>\n<p>Flygv\u00e4rden: 9 5 -1 3<\/p>\n<p class=\"\" data-start=\"0\" data-end=\"96\">Esittelyss\u00e4 Brandon Brownin 2025 Signature Series Feedback 400 Spectrum:\u00a0<em data-start=\"73\" data-end=\"95\">Stonegolem Landslide<\/em>.<\/p>\n<p class=\"\" data-start=\"98\" data-end=\"261\"><strong data-start=\"98\" data-end=\"112\">Stonegolem<\/strong>\u00a0on vaaninut juuri pinnan alla mittaamattomien aikakausien ajan ja iskee varoittamatta \u2014 muovaten maata uudelleen yhdell\u00e4 ainoalla kivisell\u00e4 iskulla!<\/p>\n<p class=\"\" data-start=\"263\" data-end=\"828\">Brandon valitsi v\u00e4yl\u00e4draiverikseen\u00a0<strong data-start=\"298\" data-end=\"312\">Feedbackin<\/strong>\u00a0400 Spectrum -muovissa. Feedback on ylivakaa v\u00e4yl\u00e4draiveri, joka tarjoaa erinomaista hallittavuutta. Se s\u00e4ilytt\u00e4\u00e4 linjansa suurimman osan lennosta ilman suurta sivuttaisliikett\u00e4, kunnes luotettava feidi vie sen tarkasti haluttuun laskeutumispaikkaan. Kiekko kest\u00e4\u00e4 hyvin tuulista s\u00e4\u00e4t\u00e4, tehden siit\u00e4 loistavan valinnan monenlaisiin heittoihin \u2013 kuten hyzereihin tai tarkkoihin suoraviivaisiin heittoihin, kun pit\u00e4\u00e4 p\u00e4\u00e4st\u00e4 ahtaasta v\u00e4list\u00e4. T\u00e4m\u00e4 kiekko kehitettiin alun perin osana Prodigy Collabs -sarjaa.<\/p>\n<p class=\"\" data-start=\"830\" data-end=\"904\">Jokainen kiekko on oma upea uniikki yksil\u00f6ns\u00e4 \u2013 takuuvarma katseenk\u00e4\u00e4nt\u00e4j\u00e4 jokaisella heitolla.<\/p>","protected":false},"featured_media":252577,"comment_status":"open","ping_status":"closed","template":"","meta":{"_acf_changed":false,"om_disable_all_campaigns":false,"_improvement_type_select":"improve_an_existing","_thumb_yes_seoaic":false,"_frame_yes_seoaic":false,"seoaic_generate_description":"","seoaic_improve_instructions_prompt":"","seoaic_rollback_content_improvement":"","seoaic_idea_thumbnail_generator":"","thumbnail_generated":false,"thumbnail_generate_prompt":"","seoaic_article_description":""},"product_brand":[4872],"product_cat":[1817,1900,1832,369,678,73,2625],"product_tag":[1226,2319],"class_list":{"0":"post-252230","1":"product","2":"type-product","3":"status-publish","4":"has-post-thumbnail","6":"product_brand-prodigy-disc","7":"product_cat-uudet-kiekot","8":"product_cat-prodigy-kaikki-kiekot","9":"product_cat-uudet-prodigy-kiekot","10":"product_cat-signature-kiekot","11":"product_cat-spessut","12":"product_cat-uutuudet","13":"product_cat-valmistajat","14":"product_tag-fairway","15":"product_tag-signature","16":"pa_feidi-288","17":"pa_liito-274","18":"pa_nopeus-263","19":"pa_paino-322","20":"pa_paino-323","21":"pa_paino-331","22":"pa_vakaus-281","23":"pa_valmistajat-prodigy-discs","24":"pa_vari-sininen","25":"pa_vari-sinipunainen","26":"pa_vari-sinivihrea","27":"pa_vari-vihrea","28":"pa_vari-vihrea-harmaa-2","30":"first","31":"instock","32":"taxable","33":"shipping-taxable","34":"purchasable","35":"product-type-variable"},"acf":[],"_links":{"self":[{"href":"https:\/\/topdisc.fi\/sv\/wp-json\/wp\/v2\/product\/252230","targetHints":{"allow":["GET"]}}],"collection":[{"href":"https:\/\/topdisc.fi\/sv\/wp-json\/wp\/v2\/product"}],"about":[{"href":"https:\/\/topdisc.fi\/sv\/wp-json\/wp\/v2\/types\/product"}],"replies":[{"embeddable":true,"href":"https:\/\/topdisc.fi\/sv\/wp-json\/wp\/v2\/comments?post=252230"}],"version-history":[{"count":1,"href":"https:\/\/topdisc.fi\/sv\/wp-json\/wp\/v2\/product\/252230\/revisions"}],"predecessor-version":[{"id":264105,"href":"https:\/\/topdisc.fi\/sv\/wp-json\/wp\/v2\/product\/252230\/revisions\/264105"}],"wp:featuredmedia":[{"embeddable":true,"href":"https:\/\/topdisc.fi\/sv\/wp-json\/wp\/v2\/media\/252577"}],"wp:attachment":[{"href":"https:\/\/topdisc.fi\/sv\/wp-json\/wp\/v2\/media?parent=252230"}],"wp:term":[{"taxonomy":"product_brand","embeddable":true,"href":"https:\/\/topdisc.fi\/sv\/wp-json\/wp\/v2\/product_brand?post=252230"},{"taxonomy":"product_cat","embeddable":true,"href":"https:\/\/topdisc.fi\/sv\/wp-json\/wp\/v2\/product_cat?post=252230"},{"taxonomy":"product_tag","embeddable":true,"href":"https:\/\/topdisc.fi\/sv\/wp-json\/wp\/v2\/product_tag?post=252230"}],"curies":[{"name":"wp","href":"https:\/\/api.w.org\/{rel}","templated":true}]}}