{"id":252248,"date":"2025-07-15T14:58:39","date_gmt":"2025-07-15T11:58:39","guid":{"rendered":"https:\/\/topdisc.fi\/?post_type=product&#038;p=252248"},"modified":"2026-01-27T17:46:19","modified_gmt":"2026-01-27T15:46:19","slug":"prodigy-pa-2-500-spectrum-manabu-kajiyama-2025-signature-series","status":"publish","type":"product","link":"https:\/\/topdisc.fi\/sv\/produkt\/prodigy-pa-2-500-spectrum-manabu-kajiyama-2025-signature-series\/","title":{"rendered":"Prodigy PA-2 500 Spectrum &#8211; Manabu Kajiyama 2025 Signature Series"},"content":{"rendered":"<p>Prodigy PA-2 500 Spectrum &#8211; Manabu Kajiyama 2025 Signature Series<\/p>\n<p>Flygv\u00e4rden: 3 3 0 2<\/p>\n<p class=\"\" data-start=\"0\" data-end=\"96\">Esittelyss\u00e4 Manabu Kajiyaman 2025 Signature Series PA-2 500 Spectrum:\u00a0<em data-start=\"70\" data-end=\"95\">White Waves Blue Dragon<\/em>.<\/p>\n<p class=\"\" data-start=\"98\" data-end=\"330\"><strong data-start=\"98\" data-end=\"125\">White Waves Blue Dragon<\/strong>\u00a0on valtameren ikivanha, hyv\u00e4nsuopa henki, joka liit\u00e4\u00e4 aaltojen alla rajattomalla voimalla. Sen virtaukset muovaavat vuorovesi\u00e4 ja aaltoja, raviten planeetan elinvoimaa jokaisella liikkeell\u00e4\u00e4n pinnan alla.<\/p>\n<p class=\"\" data-start=\"332\" data-end=\"649\">Manabu valitsi putti- ja l\u00e4hestymiskiekokseen\u00a0<strong data-start=\"378\" data-end=\"388\">PA-2:n<\/strong>\u00a0500 Spectrum -muovissa. T\u00e4m\u00e4 kiekko on suunniteltu tarkkoihin, vakaista ylivakaisiin lentoihin kaikissa tuuliolosuhteissa. Sen tasainen lentorata tekee siit\u00e4 eritt\u00e4in luotettavan valinnan niin avauksiin, l\u00e4hestymisiin kuin putteihinkin.<\/p>\n<p>Jokainen kiekko on oma upea uniikki yksil\u00f6ns\u00e4 \u2013 takuuvarma katseenk\u00e4\u00e4nt\u00e4j\u00e4 jokaisella heitolla.<\/p>","protected":false},"excerpt":{"rendered":"<p>Prodigy PA-2 500 Spectrum &#8211; Manabu Kajiyama 2025 Signature Series<\/p>\n<p>Flygv\u00e4rden: 3 3 0 2<\/p>\n<p class=\"\" data-start=\"0\" data-end=\"96\">Esittelyss\u00e4 Manabu Kajiyaman 2025 Signature Series PA-2 500 Spectrum:\u00a0<em data-start=\"70\" data-end=\"95\">White Waves Blue Dragon<\/em>.<\/p>\n<p class=\"\" data-start=\"98\" data-end=\"330\"><strong data-start=\"98\" data-end=\"125\">White Waves Blue Dragon<\/strong>\u00a0on valtameren ikivanha, hyv\u00e4nsuopa henki, joka liit\u00e4\u00e4 aaltojen alla rajattomalla voimalla. Sen virtaukset muovaavat vuorovesi\u00e4 ja aaltoja, raviten planeetan elinvoimaa jokaisella liikkeell\u00e4\u00e4n pinnan alla.<\/p>\n<p class=\"\" data-start=\"332\" data-end=\"649\">Manabu valitsi putti- ja l\u00e4hestymiskiekokseen\u00a0<strong data-start=\"378\" data-end=\"388\">PA-2:n<\/strong>\u00a0500 Spectrum -muovissa. T\u00e4m\u00e4 kiekko on suunniteltu tarkkoihin, vakaista ylivakaisiin lentoihin kaikissa tuuliolosuhteissa. Sen tasainen lentorata tekee siit\u00e4 eritt\u00e4in luotettavan valinnan niin avauksiin, l\u00e4hestymisiin kuin putteihinkin.<\/p>\n<p>Jokainen kiekko on oma upea uniikki yksil\u00f6ns\u00e4 \u2013 takuuvarma katseenk\u00e4\u00e4nt\u00e4j\u00e4 jokaisella heitolla.<\/p>","protected":false},"featured_media":252572,"comment_status":"open","ping_status":"closed","template":"","meta":{"_acf_changed":false,"om_disable_all_campaigns":false,"_improvement_type_select":"improve_an_existing","_thumb_yes_seoaic":false,"_frame_yes_seoaic":false,"seoaic_generate_description":"","seoaic_improve_instructions_prompt":"","seoaic_rollback_content_improvement":"","seoaic_idea_thumbnail_generator":"","thumbnail_generated":false,"thumbnail_generate_prompt":"","seoaic_article_description":""},"product_brand":[4872],"product_cat":[1817,1900,1832,369,678,73,2625],"product_tag":[2319],"class_list":{"0":"post-252248","1":"product","2":"type-product","3":"status-publish","4":"has-post-thumbnail","6":"product_brand-prodigy-disc","7":"product_cat-uudet-kiekot","8":"product_cat-prodigy-kaikki-kiekot","9":"product_cat-uudet-prodigy-kiekot","10":"product_cat-signature-kiekot","11":"product_cat-spessut","12":"product_cat-uutuudet","13":"product_cat-valmistajat","14":"product_tag-signature","15":"pa_feidi-287","16":"pa_liito-272","17":"pa_nopeus-257","18":"pa_paino-325","19":"pa_vakaus-zero","20":"pa_valmistajat-prodigy-discs","21":"pa_vari-persikka","22":"pa_vari-sininen","23":"pa_vari-violetti","25":"first","26":"instock","27":"taxable","28":"shipping-taxable","29":"purchasable","30":"product-type-variable"},"acf":[],"_links":{"self":[{"href":"https:\/\/topdisc.fi\/sv\/wp-json\/wp\/v2\/product\/252248","targetHints":{"allow":["GET"]}}],"collection":[{"href":"https:\/\/topdisc.fi\/sv\/wp-json\/wp\/v2\/product"}],"about":[{"href":"https:\/\/topdisc.fi\/sv\/wp-json\/wp\/v2\/types\/product"}],"replies":[{"embeddable":true,"href":"https:\/\/topdisc.fi\/sv\/wp-json\/wp\/v2\/comments?post=252248"}],"version-history":[{"count":1,"href":"https:\/\/topdisc.fi\/sv\/wp-json\/wp\/v2\/product\/252248\/revisions"}],"predecessor-version":[{"id":264103,"href":"https:\/\/topdisc.fi\/sv\/wp-json\/wp\/v2\/product\/252248\/revisions\/264103"}],"wp:featuredmedia":[{"embeddable":true,"href":"https:\/\/topdisc.fi\/sv\/wp-json\/wp\/v2\/media\/252572"}],"wp:attachment":[{"href":"https:\/\/topdisc.fi\/sv\/wp-json\/wp\/v2\/media?parent=252248"}],"wp:term":[{"taxonomy":"product_brand","embeddable":true,"href":"https:\/\/topdisc.fi\/sv\/wp-json\/wp\/v2\/product_brand?post=252248"},{"taxonomy":"product_cat","embeddable":true,"href":"https:\/\/topdisc.fi\/sv\/wp-json\/wp\/v2\/product_cat?post=252248"},{"taxonomy":"product_tag","embeddable":true,"href":"https:\/\/topdisc.fi\/sv\/wp-json\/wp\/v2\/product_tag?post=252248"}],"curies":[{"name":"wp","href":"https:\/\/api.w.org\/{rel}","templated":true}]}}