{"id":252284,"date":"2025-07-15T16:55:49","date_gmt":"2025-07-15T13:55:49","guid":{"rendered":"https:\/\/topdisc.fi\/?post_type=product&#038;p=252284"},"modified":"2026-01-27T17:46:16","modified_gmt":"2026-01-27T15:46:16","slug":"prodigy-a5-750-color-glow-the-cub-2-seppo-paju","status":"publish","type":"product","link":"https:\/\/topdisc.fi\/sv\/produkt\/prodigy-a5-750-color-glow-the-cub-2-seppo-paju\/","title":{"rendered":"Prodigy A5 750 Color Glow &#8211; The Cub 2 Seppo Paju"},"content":{"rendered":"<p class=\"product-meta__title heading h1\">Prodigy A5 750 Color Glow &#8211; The Cub 2 Seppo Paju<\/p>\n<p>Flygv\u00e4rden: 4 3 0 2<\/p>\n<p><strong>Seppo Pajun<\/strong> 750 Color Glow A5 <strong>The Cub 2. <\/strong>T\u00e4ydellinen, jopa hieman concave profiili!<\/p>\n<p><strong>A5<\/strong>\u00a0on Prodigyn uudistettu, hieman ylivakaa ja matalaprofiilinen l\u00e4hestymiskiekko, joka toimii suoriin lopussa feidaaviin heittoihin. A5 on matalaprofiilinen ja fl\u00e4tti, mik\u00e4 tekee siit\u00e4 t\u00e4ydellisen my\u00f6s k\u00e4mmenheittoihin. A5 kest\u00e4\u00e4 kovaakin vetoa, eik\u00e4 skippaile liikaa.<\/p>","protected":false},"excerpt":{"rendered":"<p class=\"product-meta__title heading h1\">Prodigy A5 750 Color Glow &#8211; The Cub 2 Seppo Paju<\/p>\n<p>Flygv\u00e4rden: 4 3 0 2<\/p>\n<p><strong>Seppo Pajun<\/strong> 750 Color Glow A5 <strong>The Cub 2. <\/strong>T\u00e4ydellinen, jopa hieman concave profiili!<\/p>\n<p><strong>A5<\/strong>\u00a0on Prodigyn uudistettu, hieman ylivakaa ja matalaprofiilinen l\u00e4hestymiskiekko, joka toimii suoriin lopussa feidaaviin heittoihin. A5 on matalaprofiilinen ja fl\u00e4tti, mik\u00e4 tekee siit\u00e4 t\u00e4ydellisen my\u00f6s k\u00e4mmenheittoihin. A5 kest\u00e4\u00e4 kovaakin vetoa, eik\u00e4 skippaile liikaa.<\/p>","protected":false},"featured_media":252563,"comment_status":"open","ping_status":"closed","template":"","meta":{"_acf_changed":false,"om_disable_all_campaigns":false,"_improvement_type_select":"improve_an_existing","_thumb_yes_seoaic":false,"_frame_yes_seoaic":false,"seoaic_generate_description":"","seoaic_improve_instructions_prompt":"","seoaic_rollback_content_improvement":"","seoaic_idea_thumbnail_generator":"","thumbnail_generated":false,"thumbnail_generate_prompt":"","seoaic_article_description":""},"product_brand":[4872],"product_cat":[1817,366,1900,1832,369,678,73,2625],"product_tag":[4862,3002],"class_list":{"0":"post-252284","1":"product","2":"type-product","3":"status-publish","4":"has-post-thumbnail","6":"product_brand-prodigy-disc","7":"product_cat-uudet-kiekot","8":"product_cat-glowit","9":"product_cat-prodigy-kaikki-kiekot","10":"product_cat-uudet-prodigy-kiekot","11":"product_cat-signature-kiekot","12":"product_cat-spessut","13":"product_cat-uutuudet","14":"product_cat-valmistajat","15":"product_tag-glow","16":"product_tag-lahestymis","17":"pa_feidi-287","18":"pa_liito-272","19":"pa_nopeus-258","20":"pa_paino-326","21":"pa_paino-331","22":"pa_vakaus-zero","23":"pa_valmistajat-prodigy-discs","24":"pa_vari-keltainen","25":"pa_vari-pinkki","27":"first","28":"instock","29":"taxable","30":"shipping-taxable","31":"purchasable","32":"product-type-variable"},"acf":[],"_links":{"self":[{"href":"https:\/\/topdisc.fi\/sv\/wp-json\/wp\/v2\/product\/252284","targetHints":{"allow":["GET"]}}],"collection":[{"href":"https:\/\/topdisc.fi\/sv\/wp-json\/wp\/v2\/product"}],"about":[{"href":"https:\/\/topdisc.fi\/sv\/wp-json\/wp\/v2\/types\/product"}],"replies":[{"embeddable":true,"href":"https:\/\/topdisc.fi\/sv\/wp-json\/wp\/v2\/comments?post=252284"}],"version-history":[{"count":1,"href":"https:\/\/topdisc.fi\/sv\/wp-json\/wp\/v2\/product\/252284\/revisions"}],"predecessor-version":[{"id":261265,"href":"https:\/\/topdisc.fi\/sv\/wp-json\/wp\/v2\/product\/252284\/revisions\/261265"}],"wp:featuredmedia":[{"embeddable":true,"href":"https:\/\/topdisc.fi\/sv\/wp-json\/wp\/v2\/media\/252563"}],"wp:attachment":[{"href":"https:\/\/topdisc.fi\/sv\/wp-json\/wp\/v2\/media?parent=252284"}],"wp:term":[{"taxonomy":"product_brand","embeddable":true,"href":"https:\/\/topdisc.fi\/sv\/wp-json\/wp\/v2\/product_brand?post=252284"},{"taxonomy":"product_cat","embeddable":true,"href":"https:\/\/topdisc.fi\/sv\/wp-json\/wp\/v2\/product_cat?post=252284"},{"taxonomy":"product_tag","embeddable":true,"href":"https:\/\/topdisc.fi\/sv\/wp-json\/wp\/v2\/product_tag?post=252284"}],"curies":[{"name":"wp","href":"https:\/\/api.w.org\/{rel}","templated":true}]}}