{"id":252293,"date":"2025-07-15T17:32:57","date_gmt":"2025-07-15T14:32:57","guid":{"rendered":"https:\/\/topdisc.fi\/?post_type=product&#038;p=252293"},"modified":"2026-01-27T17:46:16","modified_gmt":"2026-01-27T15:46:16","slug":"prodigy-pa-3-400-spectrum-kristian-kuoksa-2025-signature-series","status":"publish","type":"product","link":"https:\/\/topdisc.fi\/sv\/produkt\/prodigy-pa-3-400-spectrum-kristian-kuoksa-2025-signature-series\/","title":{"rendered":"Prodigy PA-3 400 Spectrum &#8211; Kristian Kuoksa 2025 Signature Series"},"content":{"rendered":"<p>Prodigy PA-3 400 Spectrum &#8211; Kristian Kuoksa 2025 Signature Series<\/p>\n<p>Flygv\u00e4rden: 3 3 0 1<\/p>\n<p class=\"\" data-start=\"0\" data-end=\"102\">Esittelyss\u00e4 Kristian Kuoksan 2025 Signature Series PA-3 400 Spectrum:\u00a0<em data-start=\"70\" data-end=\"101\">Fogbringer, Temporal Guardian<\/em>.<\/p>\n<p class=\"\" data-start=\"104\" data-end=\"272\"><strong data-start=\"104\" data-end=\"118\">Fogbringer<\/strong>\u00a0seisoo muinaisen el\u00e4m\u00e4n ja kuoleman rajan vartijana. T\u00e4m\u00e4 muinainen hirvi hallitsee sumua ja toimii rajanvartijana el\u00e4vien ja kuolleiden v\u00e4lill\u00e4.<\/p>\n<p class=\"\" data-start=\"274\" data-end=\"615\">Kristian valitsi kiekokseen\u00a0<strong data-start=\"302\" data-end=\"333\">PA-3 Putt &amp; Approach Discin<\/strong>\u00a0400 Spectrum -muovissa. PA-3 on myydyin putti- ja l\u00e4hestymiskiekkomme. Suuntaa suoraan korille ja osut sek\u00e4 puteissa ett\u00e4 l\u00e4hestymisiss\u00e4 tarkasti \u2013 kiekon lento on laserin lailla suora ja vakaa. PA-3:ssa on beadillinen reuna, ja se on toimiva kiekko kaikentasoisille frisbeegolfaajille.<\/p>\n<p class=\"\" data-start=\"617\" data-end=\"691\">Jokainen kiekko on oma upea uniikki yksil\u00f6ns\u00e4 \u2013\u00a0<em>takuuvarma katseenk\u00e4\u00e4nt\u00e4j\u00e4<\/em>\u00a0<em data-start=\"651\" data-end=\"690\">jokaisella heitolla<\/em>.<\/p>","protected":false},"excerpt":{"rendered":"<p>Prodigy PA-3 400 Spectrum &#8211; Kristian Kuoksa 2025 Signature Series<\/p>\n<p>Flygv\u00e4rden: 3 3 0 1<\/p>\n<p class=\"\" data-start=\"0\" data-end=\"102\">Esittelyss\u00e4 Kristian Kuoksan 2025 Signature Series PA-3 400 Spectrum:\u00a0<em data-start=\"70\" data-end=\"101\">Fogbringer, Temporal Guardian<\/em>.<\/p>\n<p class=\"\" data-start=\"104\" data-end=\"272\"><strong data-start=\"104\" data-end=\"118\">Fogbringer<\/strong>\u00a0seisoo muinaisen el\u00e4m\u00e4n ja kuoleman rajan vartijana. T\u00e4m\u00e4 muinainen hirvi hallitsee sumua ja toimii rajanvartijana el\u00e4vien ja kuolleiden v\u00e4lill\u00e4.<\/p>\n<p class=\"\" data-start=\"274\" data-end=\"615\">Kristian valitsi kiekokseen\u00a0<strong data-start=\"302\" data-end=\"333\">PA-3 Putt &amp; Approach Discin<\/strong>\u00a0400 Spectrum -muovissa. PA-3 on myydyin putti- ja l\u00e4hestymiskiekkomme. Suuntaa suoraan korille ja osut sek\u00e4 puteissa ett\u00e4 l\u00e4hestymisiss\u00e4 tarkasti \u2013 kiekon lento on laserin lailla suora ja vakaa. PA-3:ssa on beadillinen reuna, ja se on toimiva kiekko kaikentasoisille frisbeegolfaajille.<\/p>\n<p class=\"\" data-start=\"617\" data-end=\"691\">Jokainen kiekko on oma upea uniikki yksil\u00f6ns\u00e4 \u2013\u00a0<em>takuuvarma katseenk\u00e4\u00e4nt\u00e4j\u00e4<\/em>\u00a0<em data-start=\"651\" data-end=\"690\">jokaisella heitolla<\/em>.<\/p>","protected":false},"featured_media":252561,"comment_status":"open","ping_status":"closed","template":"","meta":{"_acf_changed":false,"om_disable_all_campaigns":false,"_improvement_type_select":"improve_an_existing","_thumb_yes_seoaic":false,"_frame_yes_seoaic":false,"seoaic_generate_description":"","seoaic_improve_instructions_prompt":"","seoaic_rollback_content_improvement":"","seoaic_idea_thumbnail_generator":"","thumbnail_generated":false,"thumbnail_generate_prompt":"","seoaic_article_description":""},"product_brand":[4872],"product_cat":[1817,1900,1832,369,678,73,2625],"product_tag":[2319],"class_list":{"0":"post-252293","1":"product","2":"type-product","3":"status-publish","4":"has-post-thumbnail","6":"product_brand-prodigy-disc","7":"product_cat-uudet-kiekot","8":"product_cat-prodigy-kaikki-kiekot","9":"product_cat-uudet-prodigy-kiekot","10":"product_cat-signature-kiekot","11":"product_cat-spessut","12":"product_cat-uutuudet","13":"product_cat-valmistajat","14":"product_tag-signature","15":"pa_feidi-286","16":"pa_liito-272","17":"pa_nopeus-257","18":"pa_paino-324","19":"pa_paino-325","20":"pa_vakaus-zero","21":"pa_valmistajat-prodigy-discs","22":"pa_vari-marjapuuro","23":"pa_vari-turkoosi","24":"pa_vari-vaaleansininen","25":"pa_vari-violetti","27":"first","28":"instock","29":"taxable","30":"shipping-taxable","31":"purchasable","32":"product-type-variable"},"acf":[],"_links":{"self":[{"href":"https:\/\/topdisc.fi\/sv\/wp-json\/wp\/v2\/product\/252293","targetHints":{"allow":["GET"]}}],"collection":[{"href":"https:\/\/topdisc.fi\/sv\/wp-json\/wp\/v2\/product"}],"about":[{"href":"https:\/\/topdisc.fi\/sv\/wp-json\/wp\/v2\/types\/product"}],"replies":[{"embeddable":true,"href":"https:\/\/topdisc.fi\/sv\/wp-json\/wp\/v2\/comments?post=252293"}],"version-history":[{"count":1,"href":"https:\/\/topdisc.fi\/sv\/wp-json\/wp\/v2\/product\/252293\/revisions"}],"predecessor-version":[{"id":264099,"href":"https:\/\/topdisc.fi\/sv\/wp-json\/wp\/v2\/product\/252293\/revisions\/264099"}],"wp:featuredmedia":[{"embeddable":true,"href":"https:\/\/topdisc.fi\/sv\/wp-json\/wp\/v2\/media\/252561"}],"wp:attachment":[{"href":"https:\/\/topdisc.fi\/sv\/wp-json\/wp\/v2\/media?parent=252293"}],"wp:term":[{"taxonomy":"product_brand","embeddable":true,"href":"https:\/\/topdisc.fi\/sv\/wp-json\/wp\/v2\/product_brand?post=252293"},{"taxonomy":"product_cat","embeddable":true,"href":"https:\/\/topdisc.fi\/sv\/wp-json\/wp\/v2\/product_cat?post=252293"},{"taxonomy":"product_tag","embeddable":true,"href":"https:\/\/topdisc.fi\/sv\/wp-json\/wp\/v2\/product_tag?post=252293"}],"curies":[{"name":"wp","href":"https:\/\/api.w.org\/{rel}","templated":true}]}}