{"id":252305,"date":"2025-07-15T18:08:30","date_gmt":"2025-07-15T15:08:30","guid":{"rendered":"https:\/\/topdisc.fi\/?post_type=product&#038;p=252305"},"modified":"2026-01-27T17:46:15","modified_gmt":"2026-01-27T15:46:15","slug":"prodigy-pa-3-300-glow-kaidi-allsalu-2025-signature-series","status":"publish","type":"product","link":"https:\/\/topdisc.fi\/sv\/produkt\/prodigy-pa-3-300-glow-kaidi-allsalu-2025-signature-series\/","title":{"rendered":"Prodigy PA-3 300 GLOW &#8211; Kaidi Allsalu 2025 Signature Series"},"content":{"rendered":"<p>Prodigy PA-3 300 GLOW &#8211; Kaidi Allsalu 2025 Signature Series<\/p>\n<p>Flygv\u00e4rden: 3 3 0 1<\/p>\n<p class=\"\" data-end=\"89\" data-start=\"0\">Esittelyss\u00e4 Kaidi Allsalun 2025 Signature Series PA-3 300 Glow:\u00a0<em data-end=\"88\" data-start=\"64\">The Heatwave Mercenary<\/em>.<\/p>\n<p class=\"\" data-end=\"340\" data-start=\"91\"><strong data-end=\"113\" data-start=\"91\">Heatwave Mercenary<\/strong>\u00a0vaeltaa aavikon autiomaita, kultaiseen haarniskaan pukeutuneena, suojautuen polttavalta kuumuudelta. Auringon jumala Ran pyh\u00e4ll\u00e4 sauvalla aseistautuneena h\u00e4n n\u00e4ytt\u00e4\u00e4 pelottavat taistelutaitonsa vihollisille.<\/p>\n<p class=\"\" data-end=\"644\" data-start=\"342\">Kaidi valitsi\u00a0<strong data-end=\"387\" data-start=\"356\">PA-3 Putt &amp; Approach Discin<\/strong>\u00a0300 Glow -muovissa. PA-3 on myydyin putti- ja l\u00e4hestymiskiekomme. Suuntaa suoraan kohti koria ja osu\u00a0puttaamalla ja l\u00e4hestymisheitolla\u00a0laserin suoran ja vakaan lentoradan avulla. PA-3:ssa on beadillinen rimmi ja se on suosittu kiekko kaiken tasoisille frisbeegolfaajille.<\/p>\n<p class=\"\" data-end=\"732\" data-start=\"646\">Glow-efektill\u00e4 varustettuna kiekko hohtaa my\u00f6s pime\u00e4ss\u00e4.<\/p>\n<p data-end=\"732\" data-start=\"646\">Stampin v\u00e4ri saattaa vaihdella.<\/p>","protected":false},"excerpt":{"rendered":"<p>Prodigy PA-3 300 GLOW &#8211; Kaidi Allsalu 2025 Signature Series<\/p>\n<p>Flygv\u00e4rden: 3 3 0 1<\/p>\n<p class=\"\" data-end=\"89\" data-start=\"0\">Esittelyss\u00e4 Kaidi Allsalun 2025 Signature Series PA-3 300 Glow:\u00a0<em data-end=\"88\" data-start=\"64\">The Heatwave Mercenary<\/em>.<\/p>\n<p class=\"\" data-end=\"340\" data-start=\"91\"><strong data-end=\"113\" data-start=\"91\">Heatwave Mercenary<\/strong>\u00a0vaeltaa aavikon autiomaita, kultaiseen haarniskaan pukeutuneena, suojautuen polttavalta kuumuudelta. Auringon jumala Ran pyh\u00e4ll\u00e4 sauvalla aseistautuneena h\u00e4n n\u00e4ytt\u00e4\u00e4 pelottavat taistelutaitonsa vihollisille.<\/p>\n<p class=\"\" data-end=\"644\" data-start=\"342\">Kaidi valitsi\u00a0<strong data-end=\"387\" data-start=\"356\">PA-3 Putt &amp; Approach Discin<\/strong>\u00a0300 Glow -muovissa. PA-3 on myydyin putti- ja l\u00e4hestymiskiekomme. Suuntaa suoraan kohti koria ja osu\u00a0puttaamalla ja l\u00e4hestymisheitolla\u00a0laserin suoran ja vakaan lentoradan avulla. PA-3:ssa on beadillinen rimmi ja se on suosittu kiekko kaiken tasoisille frisbeegolfaajille.<\/p>\n<p class=\"\" data-end=\"732\" data-start=\"646\">Glow-efektill\u00e4 varustettuna kiekko hohtaa my\u00f6s pime\u00e4ss\u00e4.<\/p>\n<p data-end=\"732\" data-start=\"646\">Stampin v\u00e4ri saattaa vaihdella.<\/p>","protected":false},"featured_media":252559,"comment_status":"open","ping_status":"closed","template":"","meta":{"_acf_changed":false,"om_disable_all_campaigns":false,"_improvement_type_select":"improve_an_existing","_thumb_yes_seoaic":false,"_frame_yes_seoaic":false,"seoaic_generate_description":"","seoaic_improve_instructions_prompt":"","seoaic_rollback_content_improvement":"","seoaic_idea_thumbnail_generator":"","thumbnail_generated":false,"thumbnail_generate_prompt":"","seoaic_article_description":""},"product_brand":[4872],"product_cat":[1817,366,1900,1832,369,678,73,2625],"product_tag":[4862,2319],"class_list":{"0":"post-252305","1":"product","2":"type-product","3":"status-publish","4":"has-post-thumbnail","6":"product_brand-prodigy-disc","7":"product_cat-uudet-kiekot","8":"product_cat-glowit","9":"product_cat-prodigy-kaikki-kiekot","10":"product_cat-uudet-prodigy-kiekot","11":"product_cat-signature-kiekot","12":"product_cat-spessut","13":"product_cat-uutuudet","14":"product_cat-valmistajat","15":"product_tag-glow","16":"product_tag-signature","17":"pa_feidi-286","18":"pa_liito-272","19":"pa_nopeus-257","20":"pa_paino-324","21":"pa_vakaus-zero","22":"pa_valmistajat-prodigy-discs","23":"pa_vari-vaaleanpunainen","25":"first","26":"instock","27":"taxable","28":"shipping-taxable","29":"purchasable","30":"product-type-variable"},"acf":[],"_links":{"self":[{"href":"https:\/\/topdisc.fi\/sv\/wp-json\/wp\/v2\/product\/252305","targetHints":{"allow":["GET"]}}],"collection":[{"href":"https:\/\/topdisc.fi\/sv\/wp-json\/wp\/v2\/product"}],"about":[{"href":"https:\/\/topdisc.fi\/sv\/wp-json\/wp\/v2\/types\/product"}],"replies":[{"embeddable":true,"href":"https:\/\/topdisc.fi\/sv\/wp-json\/wp\/v2\/comments?post=252305"}],"version-history":[{"count":1,"href":"https:\/\/topdisc.fi\/sv\/wp-json\/wp\/v2\/product\/252305\/revisions"}],"predecessor-version":[{"id":261264,"href":"https:\/\/topdisc.fi\/sv\/wp-json\/wp\/v2\/product\/252305\/revisions\/261264"}],"wp:featuredmedia":[{"embeddable":true,"href":"https:\/\/topdisc.fi\/sv\/wp-json\/wp\/v2\/media\/252559"}],"wp:attachment":[{"href":"https:\/\/topdisc.fi\/sv\/wp-json\/wp\/v2\/media?parent=252305"}],"wp:term":[{"taxonomy":"product_brand","embeddable":true,"href":"https:\/\/topdisc.fi\/sv\/wp-json\/wp\/v2\/product_brand?post=252305"},{"taxonomy":"product_cat","embeddable":true,"href":"https:\/\/topdisc.fi\/sv\/wp-json\/wp\/v2\/product_cat?post=252305"},{"taxonomy":"product_tag","embeddable":true,"href":"https:\/\/topdisc.fi\/sv\/wp-json\/wp\/v2\/product_tag?post=252305"}],"curies":[{"name":"wp","href":"https:\/\/api.w.org\/{rel}","templated":true}]}}