{"id":252389,"date":"2025-07-16T13:51:19","date_gmt":"2025-07-16T10:51:19","guid":{"rendered":"https:\/\/topdisc.fi\/?post_type=product&#038;p=252389"},"modified":"2026-01-27T17:46:11","modified_gmt":"2026-01-27T15:46:11","slug":"prodigy-reblend-m4","status":"publish","type":"product","link":"https:\/\/topdisc.fi\/sv\/produkt\/prodigy-reblend-m4\/","title":{"rendered":"Prodigy ReBlend M4"},"content":{"rendered":"<p>Prodigy ReBlend M4<\/p>\n<p>Flygv\u00e4rden: 5 5 -1 1<\/p>\n<p>Prodigy Disc M4 on eritt\u00e4in luotettava alivakaa midrange-kiekko. Se on suunniteltu kaikille pelaajille ja lent\u00e4\u00e4 eritt\u00e4in pitk\u00e4lle midrange-kiekoksi. M4 k\u00e4\u00e4ntyy yl\u00f6s kovalla heitolla ja liit\u00e4\u00e4 pitk\u00e4\u00e4n, p\u00e4\u00e4tyen pehme\u00e4\u00e4n ja suoraan loppulaskuun.<\/p>\n<p>ReBlend on 100 % kierr\u00e4tetty muoviseos. Se on valmistettu uudelleen jauhetuista kiekoista, jotka eiv\u00e4t alkujaan t\u00e4ytt\u00e4neet tuotantovaatimuksia. ReBlend v\u00e4hent\u00e4\u00e4 j\u00e4tett\u00e4 tinkim\u00e4tt\u00e4 laadusta. ReBlend Premium -muovi on yhdistelm\u00e4 kierr\u00e4tetty\u00e4 400-, 500-, 750-, Special Blend- ja ProFlex-muovia, ja sen tuntuma ja joustavuus muistuttavat 500-muovia. Kierr\u00e4tysprosessissa k\u00e4ytettyjen muovien ja v\u00e4rien yhdistelm\u00e4n ansiosta ReBlendill\u00e4 on oma erottuva ulkon\u00e4k\u00f6ns\u00e4.<\/p>\n<p>Stampin v\u00e4ri saattaa vaihdella.<\/p>","protected":false},"excerpt":{"rendered":"<p>Prodigy ReBlend M4<\/p>\n<p>Flygv\u00e4rden: 5 5 -1 1<\/p>\n<p>Prodigy Disc M4 on eritt\u00e4in luotettava alivakaa midrange-kiekko. Se on suunniteltu kaikille pelaajille ja lent\u00e4\u00e4 eritt\u00e4in pitk\u00e4lle midrange-kiekoksi. M4 k\u00e4\u00e4ntyy yl\u00f6s kovalla heitolla ja liit\u00e4\u00e4 pitk\u00e4\u00e4n, p\u00e4\u00e4tyen pehme\u00e4\u00e4n ja suoraan loppulaskuun.<\/p>\n<p>ReBlend on 100 % kierr\u00e4tetty muoviseos. Se on valmistettu uudelleen jauhetuista kiekoista, jotka eiv\u00e4t alkujaan t\u00e4ytt\u00e4neet tuotantovaatimuksia. ReBlend v\u00e4hent\u00e4\u00e4 j\u00e4tett\u00e4 tinkim\u00e4tt\u00e4 laadusta. ReBlend Premium -muovi on yhdistelm\u00e4 kierr\u00e4tetty\u00e4 400-, 500-, 750-, Special Blend- ja ProFlex-muovia, ja sen tuntuma ja joustavuus muistuttavat 500-muovia. Kierr\u00e4tysprosessissa k\u00e4ytettyjen muovien ja v\u00e4rien yhdistelm\u00e4n ansiosta ReBlendill\u00e4 on oma erottuva ulkon\u00e4k\u00f6ns\u00e4.<\/p>\n<p>Stampin v\u00e4ri saattaa vaihdella.<\/p>","protected":false},"featured_media":252550,"comment_status":"open","ping_status":"closed","template":"","meta":{"_acf_changed":false,"om_disable_all_campaigns":false,"_improvement_type_select":"improve_an_existing","_thumb_yes_seoaic":false,"_frame_yes_seoaic":false,"seoaic_generate_description":"","seoaic_improve_instructions_prompt":"","seoaic_rollback_content_improvement":"","seoaic_idea_thumbnail_generator":"","thumbnail_generated":false,"thumbnail_generate_prompt":"","seoaic_article_description":""},"product_brand":[4872],"product_cat":[1817,1900,1832,73,2625],"product_tag":[2708,3352],"class_list":{"0":"post-252389","1":"product","2":"type-product","3":"status-publish","4":"has-post-thumbnail","6":"product_brand-prodigy-disc","7":"product_cat-uudet-kiekot","8":"product_cat-prodigy-kaikki-kiekot","9":"product_cat-uudet-prodigy-kiekot","10":"product_cat-uutuudet","11":"product_cat-valmistajat","12":"product_tag-aloittelija","13":"product_tag-understable","14":"pa_feidi-286","15":"pa_liito-274","16":"pa_nopeus-259","17":"pa_paino-321","18":"pa_paino-323","19":"pa_paino-324","20":"pa_paino-325","21":"pa_vakaus-281","22":"pa_valmistajat-prodigy-discs","23":"pa_vari-sininen","24":"pa_vari-violetti","26":"first","27":"instock","28":"taxable","29":"shipping-taxable","30":"purchasable","31":"product-type-variable"},"acf":[],"_links":{"self":[{"href":"https:\/\/topdisc.fi\/sv\/wp-json\/wp\/v2\/product\/252389","targetHints":{"allow":["GET"]}}],"collection":[{"href":"https:\/\/topdisc.fi\/sv\/wp-json\/wp\/v2\/product"}],"about":[{"href":"https:\/\/topdisc.fi\/sv\/wp-json\/wp\/v2\/types\/product"}],"replies":[{"embeddable":true,"href":"https:\/\/topdisc.fi\/sv\/wp-json\/wp\/v2\/comments?post=252389"}],"version-history":[{"count":1,"href":"https:\/\/topdisc.fi\/sv\/wp-json\/wp\/v2\/product\/252389\/revisions"}],"predecessor-version":[{"id":264094,"href":"https:\/\/topdisc.fi\/sv\/wp-json\/wp\/v2\/product\/252389\/revisions\/264094"}],"wp:featuredmedia":[{"embeddable":true,"href":"https:\/\/topdisc.fi\/sv\/wp-json\/wp\/v2\/media\/252550"}],"wp:attachment":[{"href":"https:\/\/topdisc.fi\/sv\/wp-json\/wp\/v2\/media?parent=252389"}],"wp:term":[{"taxonomy":"product_brand","embeddable":true,"href":"https:\/\/topdisc.fi\/sv\/wp-json\/wp\/v2\/product_brand?post=252389"},{"taxonomy":"product_cat","embeddable":true,"href":"https:\/\/topdisc.fi\/sv\/wp-json\/wp\/v2\/product_cat?post=252389"},{"taxonomy":"product_tag","embeddable":true,"href":"https:\/\/topdisc.fi\/sv\/wp-json\/wp\/v2\/product_tag?post=252389"}],"curies":[{"name":"wp","href":"https:\/\/api.w.org\/{rel}","templated":true}]}}