{"id":252403,"date":"2025-07-16T14:05:06","date_gmt":"2025-07-16T11:05:06","guid":{"rendered":"https:\/\/topdisc.fi\/?post_type=product&#038;p=252403"},"modified":"2026-01-27T17:46:10","modified_gmt":"2026-01-27T15:46:10","slug":"prodigy-400-mx-2","status":"publish","type":"product","link":"https:\/\/topdisc.fi\/sv\/produkt\/prodigy-400-mx-2\/","title":{"rendered":"Prodigy 400 MX-2"},"content":{"rendered":"<p>Prodigy 400 MX-2<\/p>\n<p>Flygv\u00e4rden: 5 4 0 3<\/p>\n<p>MX-2 julkaistiin alun perin Prodigy Clubin j\u00e4senille yksinoikeudella Q3 2023 -laatikossa, ja j\u00e4senilt\u00e4 saatu palaute auttoi vahvistamaan kiekon lentonumerot ja virallisen nimen. Ne, jotka tuntevat M-sarjan l\u00e4hestymiskiekot, huomaavat, ett\u00e4 MX-sarjan kiekot ovat hieman pienempi\u00e4 halkaisijaltaan ja profiililtaan ohuempia.<\/p>\n<p>MX-2 on ylivakaa l\u00e4hestymiskiekko, jota voi heitt\u00e4\u00e4 todella kovaa. Tuotteen muotoilun vuoksi se takaa puhtaan otteen kaikenkokoisille k\u00e4sille, varmistaen sujuvan irroituksen, ennustettavan lennon ja tasaisen feidin. Se on yksi helpoimmista l\u00e4hestymiskiekoista k\u00e4mmenheittoihin.<\/p>\n<p>400\u00a0muovi on korkealaatuinen materiaaliseos, joka on eritt\u00e4in kest\u00e4v\u00e4. Muovien ainutlaatuinen yhdistelm\u00e4 tuntuu yht\u00e4 hyv\u00e4lt\u00e4 kuin n\u00e4ytt\u00e4\u00e4kin ja se paranee k\u00e4yt\u00f6ss\u00e4 ajan my\u00f6t\u00e4. T\u00e4m\u00e4 kilpatason muovi tarjoaa heitt\u00e4j\u00e4lle erinomaisen otteen, jopa m\u00e4riss\u00e4 olosuhteissa.<\/p>\n<p>Kiekon ja st\u00e4mpin v\u00e4ri ja s\u00e4vy voi vaihdella.<\/p>","protected":false},"excerpt":{"rendered":"<p>Prodigy 400 MX-2<\/p>\n<p>Flygv\u00e4rden: 5 4 0 3<\/p>\n<p>MX-2 julkaistiin alun perin Prodigy Clubin j\u00e4senille yksinoikeudella Q3 2023 -laatikossa, ja j\u00e4senilt\u00e4 saatu palaute auttoi vahvistamaan kiekon lentonumerot ja virallisen nimen. Ne, jotka tuntevat M-sarjan l\u00e4hestymiskiekot, huomaavat, ett\u00e4 MX-sarjan kiekot ovat hieman pienempi\u00e4 halkaisijaltaan ja profiililtaan ohuempia.<\/p>\n<p>MX-2 on ylivakaa l\u00e4hestymiskiekko, jota voi heitt\u00e4\u00e4 todella kovaa. Tuotteen muotoilun vuoksi se takaa puhtaan otteen kaikenkokoisille k\u00e4sille, varmistaen sujuvan irroituksen, ennustettavan lennon ja tasaisen feidin. Se on yksi helpoimmista l\u00e4hestymiskiekoista k\u00e4mmenheittoihin.<\/p>\n<p>400\u00a0muovi on korkealaatuinen materiaaliseos, joka on eritt\u00e4in kest\u00e4v\u00e4. Muovien ainutlaatuinen yhdistelm\u00e4 tuntuu yht\u00e4 hyv\u00e4lt\u00e4 kuin n\u00e4ytt\u00e4\u00e4kin ja se paranee k\u00e4yt\u00f6ss\u00e4 ajan my\u00f6t\u00e4. T\u00e4m\u00e4 kilpatason muovi tarjoaa heitt\u00e4j\u00e4lle erinomaisen otteen, jopa m\u00e4riss\u00e4 olosuhteissa.<\/p>\n<p>Kiekon ja st\u00e4mpin v\u00e4ri ja s\u00e4vy voi vaihdella.<\/p>","protected":false},"featured_media":252547,"comment_status":"open","ping_status":"closed","template":"","meta":{"_acf_changed":false,"om_disable_all_campaigns":false,"_improvement_type_select":"improve_an_existing","_thumb_yes_seoaic":false,"_frame_yes_seoaic":false,"seoaic_generate_description":"","seoaic_improve_instructions_prompt":"","seoaic_rollback_content_improvement":"","seoaic_idea_thumbnail_generator":"","thumbnail_generated":false,"thumbnail_generate_prompt":"","seoaic_article_description":""},"product_brand":[4872],"product_cat":[1817,1900,1832,73,2625],"product_tag":[3002,1264,569],"class_list":{"0":"post-252403","1":"product","2":"type-product","3":"status-publish","4":"has-post-thumbnail","6":"product_brand-prodigy-disc","7":"product_cat-uudet-kiekot","8":"product_cat-prodigy-kaikki-kiekot","9":"product_cat-uudet-prodigy-kiekot","10":"product_cat-uutuudet","11":"product_cat-valmistajat","12":"product_tag-lahestymis","13":"product_tag-overstable","14":"product_tag-ylivakaa","15":"pa_feidi-288","16":"pa_liito-273","17":"pa_nopeus-259","18":"pa_paino-325","19":"pa_paino-326","20":"pa_paino-331","21":"pa_vakaus-zero","22":"pa_valmistajat-prodigy-discs","23":"pa_vari-sininen","24":"pa_vari-vihrea","26":"first","27":"instock","28":"taxable","29":"shipping-taxable","30":"purchasable","31":"product-type-variable"},"acf":[],"_links":{"self":[{"href":"https:\/\/topdisc.fi\/sv\/wp-json\/wp\/v2\/product\/252403","targetHints":{"allow":["GET"]}}],"collection":[{"href":"https:\/\/topdisc.fi\/sv\/wp-json\/wp\/v2\/product"}],"about":[{"href":"https:\/\/topdisc.fi\/sv\/wp-json\/wp\/v2\/types\/product"}],"replies":[{"embeddable":true,"href":"https:\/\/topdisc.fi\/sv\/wp-json\/wp\/v2\/comments?post=252403"}],"version-history":[{"count":1,"href":"https:\/\/topdisc.fi\/sv\/wp-json\/wp\/v2\/product\/252403\/revisions"}],"predecessor-version":[{"id":264092,"href":"https:\/\/topdisc.fi\/sv\/wp-json\/wp\/v2\/product\/252403\/revisions\/264092"}],"wp:featuredmedia":[{"embeddable":true,"href":"https:\/\/topdisc.fi\/sv\/wp-json\/wp\/v2\/media\/252547"}],"wp:attachment":[{"href":"https:\/\/topdisc.fi\/sv\/wp-json\/wp\/v2\/media?parent=252403"}],"wp:term":[{"taxonomy":"product_brand","embeddable":true,"href":"https:\/\/topdisc.fi\/sv\/wp-json\/wp\/v2\/product_brand?post=252403"},{"taxonomy":"product_cat","embeddable":true,"href":"https:\/\/topdisc.fi\/sv\/wp-json\/wp\/v2\/product_cat?post=252403"},{"taxonomy":"product_tag","embeddable":true,"href":"https:\/\/topdisc.fi\/sv\/wp-json\/wp\/v2\/product_tag?post=252403"}],"curies":[{"name":"wp","href":"https:\/\/api.w.org\/{rel}","templated":true}]}}