{"id":252412,"date":"2025-07-16T14:15:35","date_gmt":"2025-07-16T11:15:35","guid":{"rendered":"https:\/\/topdisc.fi\/?post_type=product&#038;p=252412"},"modified":"2026-01-27T17:46:09","modified_gmt":"2026-01-27T15:46:09","slug":"prodigy-400-ultra-soft-pa-5","status":"publish","type":"product","link":"https:\/\/topdisc.fi\/sv\/produkt\/prodigy-400-ultra-soft-pa-5\/","title":{"rendered":"Prodigy 400 Ultra Soft PA-5"},"content":{"rendered":"<p>Prodigy 400 Ultra Soft PA-5<\/p>\n<p>Lentoarvot: 3 4 -2 0.5<\/p>\n<p>PA-5 \u00e4r en understabil och l\u00e5gprofilputter som flyger rakt \u00e4ven med ett l\u00e4tt kast. N\u00e4r man kastar h\u00e5rdare fungerar PA-5 utm\u00e4rkt f\u00f6r kast som kr\u00f6ker sig fr\u00e5n v\u00e4nster till h\u00f6ger (h\u00f6ger knogkast).<\/p>\n<p><strong>400 Ultra Soft<\/strong>iin ja sen uskomattomaan joustavuuteen voit luottaa. Kiekko pys\u00e4htyy ja pysyy paikoillaan l\u00e4hestymisiss\u00e4, sek\u00e4 antaa anteeksi puuosumat. Koska se sopii kaikkiin vuodenaikoihin ja olosuhteisiin, t\u00e4m\u00e4 monipuolinen muovi ansaitsee paikkansa b\u00e4giss\u00e4si \u2013 aivan kuten se ansaitsee paikkansa radalla.<\/p>\n<p>Stampin v\u00e4ri saattaa vaihdella.<\/p>","protected":false},"excerpt":{"rendered":"<p>Prodigy 400 Ultra Soft PA-5<\/p>\n<p>Lentoarvot: 3 4 -2 0.5<\/p>\n<p>PA-5 \u00e4r en understabil och l\u00e5gprofilputter som flyger rakt \u00e4ven med ett l\u00e4tt kast. N\u00e4r man kastar h\u00e5rdare fungerar PA-5 utm\u00e4rkt f\u00f6r kast som kr\u00f6ker sig fr\u00e5n v\u00e4nster till h\u00f6ger (h\u00f6ger knogkast).<\/p>\n<p><strong>400 Ultra Soft<\/strong>iin ja sen uskomattomaan joustavuuteen voit luottaa. Kiekko pys\u00e4htyy ja pysyy paikoillaan l\u00e4hestymisiss\u00e4, sek\u00e4 antaa anteeksi puuosumat. Koska se sopii kaikkiin vuodenaikoihin ja olosuhteisiin, t\u00e4m\u00e4 monipuolinen muovi ansaitsee paikkansa b\u00e4giss\u00e4si \u2013 aivan kuten se ansaitsee paikkansa radalla.<\/p>\n<p>Stampin v\u00e4ri saattaa vaihdella.<\/p>","protected":false},"featured_media":252546,"comment_status":"open","ping_status":"closed","template":"","meta":{"_acf_changed":false,"om_disable_all_campaigns":false,"_improvement_type_select":"improve_an_existing","_thumb_yes_seoaic":false,"_frame_yes_seoaic":false,"seoaic_generate_description":"","seoaic_improve_instructions_prompt":"","seoaic_rollback_content_improvement":"","seoaic_idea_thumbnail_generator":"","thumbnail_generated":false,"thumbnail_generate_prompt":"","seoaic_article_description":""},"product_brand":[4872],"product_cat":[1817,1900,1832,73,2625],"product_tag":[2708,716,3352],"class_list":{"0":"post-252412","1":"product","2":"type-product","3":"status-publish","4":"has-post-thumbnail","6":"product_brand-prodigy-disc","7":"product_cat-uudet-kiekot","8":"product_cat-prodigy-kaikki-kiekot","9":"product_cat-uudet-prodigy-kiekot","10":"product_cat-uutuudet","11":"product_cat-valmistajat","12":"product_tag-aloittelija","13":"product_tag-putter","14":"product_tag-understable","15":"pa_feidi-0-5","16":"pa_liito-273","17":"pa_nopeus-257","18":"pa_paino-325","19":"pa_vakaus-280","20":"pa_valmistajat-prodigy-discs","21":"pa_vari-keltainen","23":"first","24":"instock","25":"taxable","26":"shipping-taxable","27":"purchasable","28":"product-type-variable"},"acf":[],"_links":{"self":[{"href":"https:\/\/topdisc.fi\/sv\/wp-json\/wp\/v2\/product\/252412","targetHints":{"allow":["GET"]}}],"collection":[{"href":"https:\/\/topdisc.fi\/sv\/wp-json\/wp\/v2\/product"}],"about":[{"href":"https:\/\/topdisc.fi\/sv\/wp-json\/wp\/v2\/types\/product"}],"replies":[{"embeddable":true,"href":"https:\/\/topdisc.fi\/sv\/wp-json\/wp\/v2\/comments?post=252412"}],"version-history":[{"count":1,"href":"https:\/\/topdisc.fi\/sv\/wp-json\/wp\/v2\/product\/252412\/revisions"}],"predecessor-version":[{"id":264091,"href":"https:\/\/topdisc.fi\/sv\/wp-json\/wp\/v2\/product\/252412\/revisions\/264091"}],"wp:featuredmedia":[{"embeddable":true,"href":"https:\/\/topdisc.fi\/sv\/wp-json\/wp\/v2\/media\/252546"}],"wp:attachment":[{"href":"https:\/\/topdisc.fi\/sv\/wp-json\/wp\/v2\/media?parent=252412"}],"wp:term":[{"taxonomy":"product_brand","embeddable":true,"href":"https:\/\/topdisc.fi\/sv\/wp-json\/wp\/v2\/product_brand?post=252412"},{"taxonomy":"product_cat","embeddable":true,"href":"https:\/\/topdisc.fi\/sv\/wp-json\/wp\/v2\/product_cat?post=252412"},{"taxonomy":"product_tag","embeddable":true,"href":"https:\/\/topdisc.fi\/sv\/wp-json\/wp\/v2\/product_tag?post=252412"}],"curies":[{"name":"wp","href":"https:\/\/api.w.org\/{rel}","templated":true}]}}