{"id":252419,"date":"2025-07-16T14:20:51","date_gmt":"2025-07-16T11:20:51","guid":{"rendered":"https:\/\/topdisc.fi\/?post_type=product&#038;p=252419"},"modified":"2026-01-27T17:46:09","modified_gmt":"2026-01-27T15:46:09","slug":"prodigy-reblend-a3","status":"publish","type":"product","link":"https:\/\/topdisc.fi\/sv\/produkt\/prodigy-reblend-a3\/","title":{"rendered":"Prodigy ReBlend A3"},"content":{"rendered":"<p>Prodigy ReBlend A3<\/p>\n<p>Flygv\u00e4rden: 4 3 0 3<\/p>\n<p><strong>A3<\/strong> on vakaa ja hyvin liit\u00e4v\u00e4 l\u00e4hestymiskiekko, joka kest\u00e4\u00e4 kovaa heitt\u00e4mist\u00e4 tuulisissakin olosuhteissa. Luotettavan loppukaarroksensa takia A3 on erinomainen l\u00e4hestymiskiekkovalinta kaiken tasoisten pelaajien b\u00e4giin.<\/p>\n<p><strong>ReBlend<\/strong> on 100 % kierr\u00e4tetty muoviseos. Se on valmistettu uudelleen jauhetuista kiekoista, jotka eiv\u00e4t alkujaan t\u00e4ytt\u00e4neet tuotantovaatimuksia. ReBlend v\u00e4hent\u00e4\u00e4 j\u00e4tett\u00e4 tinkim\u00e4tt\u00e4 laadusta. ReBlend Premium -muovi on yhdistelm\u00e4 kierr\u00e4tetty\u00e4 400-, 500-, 750-, Special Blend- ja ProFlex-muovia, ja sen tuntuma ja joustavuus muistuttavat 500-muovia. Kierr\u00e4tysprosessissa k\u00e4ytettyjen muovien ja v\u00e4rien yhdistelm\u00e4n ansiosta ReBlendill\u00e4 on oma erottuva ulkon\u00e4k\u00f6ns\u00e4.<\/p>\n<p>Stampin v\u00e4ri saattaa vaihdella.<\/p>","protected":false},"excerpt":{"rendered":"<p>Prodigy ReBlend A3<\/p>\n<p>Flygv\u00e4rden: 4 3 0 3<\/p>\n<p><strong>A3<\/strong> on vakaa ja hyvin liit\u00e4v\u00e4 l\u00e4hestymiskiekko, joka kest\u00e4\u00e4 kovaa heitt\u00e4mist\u00e4 tuulisissakin olosuhteissa. Luotettavan loppukaarroksensa takia A3 on erinomainen l\u00e4hestymiskiekkovalinta kaiken tasoisten pelaajien b\u00e4giin.<\/p>\n<p><strong>ReBlend<\/strong> on 100 % kierr\u00e4tetty muoviseos. Se on valmistettu uudelleen jauhetuista kiekoista, jotka eiv\u00e4t alkujaan t\u00e4ytt\u00e4neet tuotantovaatimuksia. ReBlend v\u00e4hent\u00e4\u00e4 j\u00e4tett\u00e4 tinkim\u00e4tt\u00e4 laadusta. ReBlend Premium -muovi on yhdistelm\u00e4 kierr\u00e4tetty\u00e4 400-, 500-, 750-, Special Blend- ja ProFlex-muovia, ja sen tuntuma ja joustavuus muistuttavat 500-muovia. Kierr\u00e4tysprosessissa k\u00e4ytettyjen muovien ja v\u00e4rien yhdistelm\u00e4n ansiosta ReBlendill\u00e4 on oma erottuva ulkon\u00e4k\u00f6ns\u00e4.<\/p>\n<p>Stampin v\u00e4ri saattaa vaihdella.<\/p>","protected":false},"featured_media":252545,"comment_status":"open","ping_status":"closed","template":"","meta":{"_acf_changed":false,"om_disable_all_campaigns":false,"_improvement_type_select":"improve_an_existing","_thumb_yes_seoaic":false,"_frame_yes_seoaic":false,"seoaic_generate_description":"","seoaic_improve_instructions_prompt":"","seoaic_rollback_content_improvement":"","seoaic_idea_thumbnail_generator":"","thumbnail_generated":false,"thumbnail_generate_prompt":"","seoaic_article_description":""},"product_brand":[4872],"product_cat":[1817,1900,1832,73,2625],"product_tag":[3002,1264,569],"class_list":{"0":"post-252419","1":"product","2":"type-product","3":"status-publish","4":"has-post-thumbnail","6":"product_brand-prodigy-disc","7":"product_cat-uudet-kiekot","8":"product_cat-prodigy-kaikki-kiekot","9":"product_cat-uudet-prodigy-kiekot","10":"product_cat-uutuudet","11":"product_cat-valmistajat","12":"product_tag-lahestymis","13":"product_tag-overstable","14":"product_tag-ylivakaa","15":"pa_feidi-288","16":"pa_liito-272","17":"pa_nopeus-258","18":"pa_paino-323","19":"pa_paino-324","20":"pa_vakaus-zero","21":"pa_valmistajat-prodigy-discs","22":"pa_vari-violetti","24":"first","25":"instock","26":"taxable","27":"shipping-taxable","28":"purchasable","29":"product-type-variable"},"acf":[],"_links":{"self":[{"href":"https:\/\/topdisc.fi\/sv\/wp-json\/wp\/v2\/product\/252419","targetHints":{"allow":["GET"]}}],"collection":[{"href":"https:\/\/topdisc.fi\/sv\/wp-json\/wp\/v2\/product"}],"about":[{"href":"https:\/\/topdisc.fi\/sv\/wp-json\/wp\/v2\/types\/product"}],"replies":[{"embeddable":true,"href":"https:\/\/topdisc.fi\/sv\/wp-json\/wp\/v2\/comments?post=252419"}],"version-history":[{"count":1,"href":"https:\/\/topdisc.fi\/sv\/wp-json\/wp\/v2\/product\/252419\/revisions"}],"predecessor-version":[{"id":264090,"href":"https:\/\/topdisc.fi\/sv\/wp-json\/wp\/v2\/product\/252419\/revisions\/264090"}],"wp:featuredmedia":[{"embeddable":true,"href":"https:\/\/topdisc.fi\/sv\/wp-json\/wp\/v2\/media\/252545"}],"wp:attachment":[{"href":"https:\/\/topdisc.fi\/sv\/wp-json\/wp\/v2\/media?parent=252419"}],"wp:term":[{"taxonomy":"product_brand","embeddable":true,"href":"https:\/\/topdisc.fi\/sv\/wp-json\/wp\/v2\/product_brand?post=252419"},{"taxonomy":"product_cat","embeddable":true,"href":"https:\/\/topdisc.fi\/sv\/wp-json\/wp\/v2\/product_cat?post=252419"},{"taxonomy":"product_tag","embeddable":true,"href":"https:\/\/topdisc.fi\/sv\/wp-json\/wp\/v2\/product_tag?post=252419"}],"curies":[{"name":"wp","href":"https:\/\/api.w.org\/{rel}","templated":true}]}}