{"id":252438,"date":"2025-07-16T14:44:02","date_gmt":"2025-07-16T11:44:02","guid":{"rendered":"https:\/\/topdisc.fi\/?post_type=product&#038;p=252438"},"modified":"2026-01-27T17:46:06","modified_gmt":"2026-01-27T15:46:06","slug":"prodigy-300-a5","status":"publish","type":"product","link":"https:\/\/topdisc.fi\/sv\/produkt\/prodigy-300-a5\/","title":{"rendered":"Prodigy 300 A5"},"content":{"rendered":"<p>Prodigy 300 A5<\/p>\n<p>Flygv\u00e4rden: 3 4 -1 1<\/p>\n<p>A5 \u00e4r en n\u00e5got \u00f6verstabil inflygningspuck, som har ett rakt flyg n\u00e4r det kastas h\u00e5rt, men har en p\u00e5litlig slutkurva. A5 \u00e4r lite l\u00e5ngsammare och mindre \u00f6verstabil \u00e4n Prodigys andra Approach-puckar och av denna anledning landar den lugnare och hoppar inte lika k\u00e4nsligt. Tack vare sin tillf\u00f6rlitliga flygning \u00e4r A5 l\u00e4mplig f\u00f6r spelare p\u00e5 m\u00e5nga niv\u00e5er.<\/p>\n<p>300-muovissa on erinomainen otetuntuma, mutta 200-muovin tavoin se kuluu muita Prodigyn muoveja nopeammin. 300-muovia suositellaan erityisesti puttereihin ja l\u00e4hestymiskiekkoihin.<\/p>\n<p>F\u00e4rgen p\u00e5 skivan och st\u00e4mpeln kan variera.<\/p>","protected":false},"excerpt":{"rendered":"<p>Prodigy 300 A5<\/p>\n<p>Flygv\u00e4rden: 3 4 -1 1<\/p>\n<p>A5 \u00e4r en n\u00e5got \u00f6verstabil inflygningspuck, som har ett rakt flyg n\u00e4r det kastas h\u00e5rt, men har en p\u00e5litlig slutkurva. A5 \u00e4r lite l\u00e5ngsammare och mindre \u00f6verstabil \u00e4n Prodigys andra Approach-puckar och av denna anledning landar den lugnare och hoppar inte lika k\u00e4nsligt. Tack vare sin tillf\u00f6rlitliga flygning \u00e4r A5 l\u00e4mplig f\u00f6r spelare p\u00e5 m\u00e5nga niv\u00e5er.<\/p>\n<p>300-muovissa on erinomainen otetuntuma, mutta 200-muovin tavoin se kuluu muita Prodigyn muoveja nopeammin. 300-muovia suositellaan erityisesti puttereihin ja l\u00e4hestymiskiekkoihin.<\/p>\n<p>F\u00e4rgen p\u00e5 skivan och st\u00e4mpeln kan variera.<\/p>","protected":false},"featured_media":252540,"comment_status":"open","ping_status":"closed","template":"","meta":{"_acf_changed":false,"om_disable_all_campaigns":false,"_improvement_type_select":"improve_an_existing","_thumb_yes_seoaic":false,"_frame_yes_seoaic":false,"seoaic_generate_description":"","seoaic_improve_instructions_prompt":"","seoaic_rollback_content_improvement":"","seoaic_idea_thumbnail_generator":"","thumbnail_generated":false,"thumbnail_generate_prompt":"","seoaic_article_description":""},"product_brand":[4872],"product_cat":[1817,1900,1832,73,2625],"product_tag":[3002,2521,2520],"class_list":{"0":"post-252438","1":"product","2":"type-product","3":"status-publish","4":"has-post-thumbnail","6":"product_brand-prodigy-disc","7":"product_cat-uudet-kiekot","8":"product_cat-prodigy-kaikki-kiekot","9":"product_cat-uudet-prodigy-kiekot","10":"product_cat-uutuudet","11":"product_cat-valmistajat","12":"product_tag-lahestymis","13":"product_tag-straight","14":"product_tag-suora","15":"pa_feidi-286","16":"pa_liito-273","17":"pa_nopeus-257","18":"pa_paino-331","19":"pa_paino-332","20":"pa_vakaus-281","21":"pa_valmistajat-prodigy-discs","22":"pa_vari-violetti","24":"first","25":"instock","26":"taxable","27":"shipping-taxable","28":"purchasable","29":"product-type-variable"},"acf":[],"_links":{"self":[{"href":"https:\/\/topdisc.fi\/sv\/wp-json\/wp\/v2\/product\/252438","targetHints":{"allow":["GET"]}}],"collection":[{"href":"https:\/\/topdisc.fi\/sv\/wp-json\/wp\/v2\/product"}],"about":[{"href":"https:\/\/topdisc.fi\/sv\/wp-json\/wp\/v2\/types\/product"}],"replies":[{"embeddable":true,"href":"https:\/\/topdisc.fi\/sv\/wp-json\/wp\/v2\/comments?post=252438"}],"version-history":[{"count":1,"href":"https:\/\/topdisc.fi\/sv\/wp-json\/wp\/v2\/product\/252438\/revisions"}],"predecessor-version":[{"id":264087,"href":"https:\/\/topdisc.fi\/sv\/wp-json\/wp\/v2\/product\/252438\/revisions\/264087"}],"wp:featuredmedia":[{"embeddable":true,"href":"https:\/\/topdisc.fi\/sv\/wp-json\/wp\/v2\/media\/252540"}],"wp:attachment":[{"href":"https:\/\/topdisc.fi\/sv\/wp-json\/wp\/v2\/media?parent=252438"}],"wp:term":[{"taxonomy":"product_brand","embeddable":true,"href":"https:\/\/topdisc.fi\/sv\/wp-json\/wp\/v2\/product_brand?post=252438"},{"taxonomy":"product_cat","embeddable":true,"href":"https:\/\/topdisc.fi\/sv\/wp-json\/wp\/v2\/product_cat?post=252438"},{"taxonomy":"product_tag","embeddable":true,"href":"https:\/\/topdisc.fi\/sv\/wp-json\/wp\/v2\/product_tag?post=252438"}],"curies":[{"name":"wp","href":"https:\/\/api.w.org\/{rel}","templated":true}]}}