{"id":252446,"date":"2025-07-16T15:13:37","date_gmt":"2025-07-16T12:13:37","guid":{"rendered":"https:\/\/topdisc.fi\/?post_type=product&#038;p=252446"},"modified":"2026-04-21T11:36:09","modified_gmt":"2026-04-21T08:36:09","slug":"prodigy-300-firm-fractal-pa-3","status":"publish","type":"product","link":"https:\/\/topdisc.fi\/sv\/produkt\/prodigy-300-firm-fractal-pa-3\/","title":{"rendered":"Prodigy 300 Firm Fractal PA-3"},"content":{"rendered":"<p>Prodigy 300 Firm Fractal PA-3<\/p>\n<p>Flygv\u00e4rden: 3 3 0 1<\/p>\n<p><span class=\"TextRun SCXW96320081 BCX0\" lang=\"FI-FI\" xml:lang=\"FI-FI\" data-contrast=\"auto\"><span class=\"NormalTextRun SCXW96320081 BCX0\">PA-3 on\u00a0<\/span><span class=\"SpellingError SCXW96320081 BCX0\">underverk<\/span><span class=\"NormalTextRun SCXW96320081 BCX0\">\u00a0Disc malliston suoralentoisin matalareunainen\u00a0<\/span><span class=\"NormalTextRun SCXW96320081 BCX0\">putter<\/span><span class=\"NormalTextRun SCXW96320081 BCX0\">. Pa3 sopii eritt\u00e4in hyvin niin aloittelijan, kuin kilpapelaajankin\u00a0<\/span><span class=\"SpellingError SCXW96320081 BCX0\">l\u00e4hestymisheitoihin<\/span><span class=\"NormalTextRun SCXW96320081 BCX0\">\u00a0ja putteihin. T\u00e4m\u00e4\u00a0<\/span><span class=\"NormalTextRun SCXW96320081 BCX0\">putter<\/span><span class=\"NormalTextRun SCXW96320081 BCX0\">\u00a0s\u00e4ilytt\u00e4\u00e4 suoran lentoratansa luotettavasti loppuun asti. Monen harrastajan ja Pro-tason pelaajan ehdoton\u00a0<\/span><span class=\"NormalTextRun SCXW96320081 BCX0\">suosikkiputteri<\/span><span class=\"NormalTextRun SCXW96320081 BCX0\">.<\/span><\/span><span class=\"EOP SCXW96320081 BCX0\" data-ccp-props=\"{&quot;201341983&quot;:0,&quot;335559739&quot;:160,&quot;335559740&quot;:240}\">\u00a0<\/span><\/p>\n<p><a href=\"https:\/\/topdisc.fi\/wp-content\/uploads\/2025\/07\/FRACTAL_600x600.webp\"><img loading=\"lazy\" decoding=\"async\" class=\"alignnone size-medium wp-image-252449\" src=\"https:\/\/topdisc.fi\/wp-content\/uploads\/2025\/07\/FRACTAL_600x600-272x300.webp\" alt=\"\" width=\"272\" height=\"300\"><\/a><\/p>\n<p>300-muovissa on erinomainen otetuntuma, mutta 200-muovin tavoin se kuluu muita Prodigyn muoveja nopeammin. 300-muovia suositellaan erityisesti puttereihin ja l\u00e4hestymiskiekkoihin.<\/p>\n<p><em>F\u00e4rgen p\u00e5 trycket och nyansen p\u00e5 skivan kanske inte matchar produktbilden.<\/em><\/p>","protected":false},"excerpt":{"rendered":"<p>Prodigy 300 Firm Fractal PA-3<\/p>\n<p>Flygv\u00e4rden: 3 3 0 1<\/p>\n<p><span class=\"TextRun SCXW96320081 BCX0\" lang=\"FI-FI\" xml:lang=\"FI-FI\" data-contrast=\"auto\"><span class=\"NormalTextRun SCXW96320081 BCX0\">PA-3 on\u00a0<\/span><span class=\"SpellingError SCXW96320081 BCX0\">underverk<\/span><span class=\"NormalTextRun SCXW96320081 BCX0\">\u00a0Disc malliston suoralentoisin matalareunainen\u00a0<\/span><span class=\"NormalTextRun SCXW96320081 BCX0\">putter<\/span><span class=\"NormalTextRun SCXW96320081 BCX0\">. Pa3 sopii eritt\u00e4in hyvin niin aloittelijan, kuin kilpapelaajankin\u00a0<\/span><span class=\"SpellingError SCXW96320081 BCX0\">l\u00e4hestymisheitoihin<\/span><span class=\"NormalTextRun SCXW96320081 BCX0\">\u00a0ja putteihin. T\u00e4m\u00e4\u00a0<\/span><span class=\"NormalTextRun SCXW96320081 BCX0\">putter<\/span><span class=\"NormalTextRun SCXW96320081 BCX0\">\u00a0s\u00e4ilytt\u00e4\u00e4 suoran lentoratansa luotettavasti loppuun asti. Monen harrastajan ja Pro-tason pelaajan ehdoton\u00a0<\/span><span class=\"NormalTextRun SCXW96320081 BCX0\">suosikkiputteri<\/span><span class=\"NormalTextRun SCXW96320081 BCX0\">.<\/span><\/span><span class=\"EOP SCXW96320081 BCX0\" data-ccp-props=\"{&quot;201341983&quot;:0,&quot;335559739&quot;:160,&quot;335559740&quot;:240}\">\u00a0<\/span><\/p>\n<p><a href=\"https:\/\/topdisc.fi\/wp-content\/uploads\/2025\/07\/FRACTAL_600x600.webp\"><img loading=\"lazy\" decoding=\"async\" class=\"alignnone size-medium wp-image-252449\" src=\"https:\/\/topdisc.fi\/wp-content\/uploads\/2025\/07\/FRACTAL_600x600-272x300.webp\" alt=\"\" width=\"272\" height=\"300\" \/><\/a><\/p>\n<p>300-muovissa on erinomainen otetuntuma, mutta 200-muovin tavoin se kuluu muita Prodigyn muoveja nopeammin. 300-muovia suositellaan erityisesti puttereihin ja l\u00e4hestymiskiekkoihin.<\/p>\n<p><em>F\u00e4rgen p\u00e5 trycket och nyansen p\u00e5 skivan kanske inte matchar produktbilden.<\/em><\/p>","protected":false},"featured_media":252539,"comment_status":"open","ping_status":"closed","template":"","meta":{"_acf_changed":false,"om_disable_all_campaigns":false,"_improvement_type_select":"improve_an_existing","_thumb_yes_seoaic":false,"_frame_yes_seoaic":false,"seoaic_generate_description":"","seoaic_improve_instructions_prompt":"","seoaic_rollback_content_improvement":"","seoaic_idea_thumbnail_generator":"","thumbnail_generated":false,"thumbnail_generate_prompt":"","seoaic_article_description":""},"product_brand":[4872],"product_cat":[1817,1900,1832,4065,73,2625],"product_tag":[716],"class_list":{"0":"post-252446","1":"product","2":"type-product","3":"status-publish","4":"has-post-thumbnail","6":"product_brand-prodigy-disc","7":"product_cat-uudet-kiekot","8":"product_cat-prodigy-kaikki-kiekot","9":"product_cat-uudet-prodigy-kiekot","10":"product_cat-special","11":"product_cat-uutuudet","12":"product_cat-valmistajat","13":"product_tag-putter","14":"pa_feidi-286","15":"pa_liito-272","16":"pa_nopeus-257","17":"pa_paino-323","18":"pa_paino-324","19":"pa_paino-325","20":"pa_vakaus-zero","21":"pa_valmistajat-prodigy-discs","22":"pa_vari-kellertava","23":"pa_vari-punertava","24":"pa_vari-sinertava","25":"pa_vari-vihertava","27":"first","28":"instock","29":"taxable","30":"shipping-taxable","31":"purchasable","32":"product-type-variable"},"acf":[],"_links":{"self":[{"href":"https:\/\/topdisc.fi\/sv\/wp-json\/wp\/v2\/product\/252446","targetHints":{"allow":["GET"]}}],"collection":[{"href":"https:\/\/topdisc.fi\/sv\/wp-json\/wp\/v2\/product"}],"about":[{"href":"https:\/\/topdisc.fi\/sv\/wp-json\/wp\/v2\/types\/product"}],"replies":[{"embeddable":true,"href":"https:\/\/topdisc.fi\/sv\/wp-json\/wp\/v2\/comments?post=252446"}],"version-history":[{"count":1,"href":"https:\/\/topdisc.fi\/sv\/wp-json\/wp\/v2\/product\/252446\/revisions"}],"predecessor-version":[{"id":264086,"href":"https:\/\/topdisc.fi\/sv\/wp-json\/wp\/v2\/product\/252446\/revisions\/264086"}],"wp:featuredmedia":[{"embeddable":true,"href":"https:\/\/topdisc.fi\/sv\/wp-json\/wp\/v2\/media\/252539"}],"wp:attachment":[{"href":"https:\/\/topdisc.fi\/sv\/wp-json\/wp\/v2\/media?parent=252446"}],"wp:term":[{"taxonomy":"product_brand","embeddable":true,"href":"https:\/\/topdisc.fi\/sv\/wp-json\/wp\/v2\/product_brand?post=252446"},{"taxonomy":"product_cat","embeddable":true,"href":"https:\/\/topdisc.fi\/sv\/wp-json\/wp\/v2\/product_cat?post=252446"},{"taxonomy":"product_tag","embeddable":true,"href":"https:\/\/topdisc.fi\/sv\/wp-json\/wp\/v2\/product_tag?post=252446"}],"curies":[{"name":"wp","href":"https:\/\/api.w.org\/{rel}","templated":true}]}}