{"id":252522,"date":"2025-07-17T14:13:22","date_gmt":"2025-07-17T11:13:22","guid":{"rendered":"https:\/\/topdisc.fi\/?post_type=product&#038;p=252522"},"modified":"2026-01-27T17:45:15","modified_gmt":"2026-01-27T15:45:15","slug":"prodigy-500-f5","status":"publish","type":"product","link":"https:\/\/topdisc.fi\/sv\/produkt\/prodigy-500-f5\/","title":{"rendered":"Prodigy 500 F5"},"content":{"rendered":"<p>Prodigy 500 F5<\/p>\n<p>Flygv\u00e4rden: 8 6 -2 1<\/p>\n<p>Prodigy Disc F5 on nopea, vakaa-alivakaa v\u00e4yl\u00e4draiveri. Se on suunniteltu kaikentasoisille pelaajille ja lent\u00e4\u00e4 eritt\u00e4in pitk\u00e4lle ja uskomattoman suoraan. F5 k\u00e4\u00e4ntyy hieman yl\u00f6s kovalla heitolla, liit\u00e4en pitk\u00e4\u00e4n ennen kuin p\u00e4\u00e4ttyy kevyesti vakaalle puolelle.<\/p>\n<p>500-muovi on hieman j\u00e4ykemp\u00e4\u00e4 ja kovempaa kuin 400-muovi. Se tarjoaa luotettavan ja mukavan otteen kiekosta ja n\u00e4ytt\u00e4\u00e4 upealta.<\/p>\n<p><em>F\u00e4rgen p\u00e5 trycket och nyansen p\u00e5 skivan kanske inte matchar produktbilden.<\/em><\/p>","protected":false},"excerpt":{"rendered":"<p>Prodigy 500 F5<\/p>\n<p>Flygv\u00e4rden: 8 6 -2 1<\/p>\n<p>Prodigy Disc F5 on nopea, vakaa-alivakaa v\u00e4yl\u00e4draiveri. Se on suunniteltu kaikentasoisille pelaajille ja lent\u00e4\u00e4 eritt\u00e4in pitk\u00e4lle ja uskomattoman suoraan. F5 k\u00e4\u00e4ntyy hieman yl\u00f6s kovalla heitolla, liit\u00e4en pitk\u00e4\u00e4n ennen kuin p\u00e4\u00e4ttyy kevyesti vakaalle puolelle.<\/p>\n<p>500-muovi on hieman j\u00e4ykemp\u00e4\u00e4 ja kovempaa kuin 400-muovi. Se tarjoaa luotettavan ja mukavan otteen kiekosta ja n\u00e4ytt\u00e4\u00e4 upealta.<\/p>\n<p><em>F\u00e4rgen p\u00e5 trycket och nyansen p\u00e5 skivan kanske inte matchar produktbilden.<\/em><\/p>","protected":false},"featured_media":252527,"comment_status":"open","ping_status":"closed","template":"","meta":{"_acf_changed":false,"om_disable_all_campaigns":false,"_improvement_type_select":"improve_an_existing","_thumb_yes_seoaic":false,"_frame_yes_seoaic":false,"seoaic_generate_description":"","seoaic_improve_instructions_prompt":"","seoaic_rollback_content_improvement":"","seoaic_idea_thumbnail_generator":"","thumbnail_generated":false,"thumbnail_generate_prompt":"","seoaic_article_description":""},"product_brand":[4872],"product_cat":[1817,1900,1832,73,2625],"product_tag":[1226,3352],"class_list":{"0":"post-252522","1":"product","2":"type-product","3":"status-publish","4":"has-post-thumbnail","6":"product_brand-prodigy-disc","7":"product_cat-uudet-kiekot","8":"product_cat-prodigy-kaikki-kiekot","9":"product_cat-uudet-prodigy-kiekot","10":"product_cat-uutuudet","11":"product_cat-valmistajat","12":"product_tag-fairway","13":"product_tag-understable","14":"pa_feidi-286","15":"pa_liito-275","16":"pa_nopeus-262","17":"pa_paino-323","18":"pa_paino-324","19":"pa_paino-325","20":"pa_vakaus-280","21":"pa_valmistajat-prodigy-discs","22":"pa_vari-pinkki","23":"pa_vari-vihrea","24":"pa_vari-violetti","26":"first","27":"instock","28":"taxable","29":"shipping-taxable","30":"purchasable","31":"product-type-variable"},"acf":[],"_links":{"self":[{"href":"https:\/\/topdisc.fi\/sv\/wp-json\/wp\/v2\/product\/252522","targetHints":{"allow":["GET"]}}],"collection":[{"href":"https:\/\/topdisc.fi\/sv\/wp-json\/wp\/v2\/product"}],"about":[{"href":"https:\/\/topdisc.fi\/sv\/wp-json\/wp\/v2\/types\/product"}],"replies":[{"embeddable":true,"href":"https:\/\/topdisc.fi\/sv\/wp-json\/wp\/v2\/comments?post=252522"}],"version-history":[{"count":1,"href":"https:\/\/topdisc.fi\/sv\/wp-json\/wp\/v2\/product\/252522\/revisions"}],"predecessor-version":[{"id":264078,"href":"https:\/\/topdisc.fi\/sv\/wp-json\/wp\/v2\/product\/252522\/revisions\/264078"}],"wp:featuredmedia":[{"embeddable":true,"href":"https:\/\/topdisc.fi\/sv\/wp-json\/wp\/v2\/media\/252527"}],"wp:attachment":[{"href":"https:\/\/topdisc.fi\/sv\/wp-json\/wp\/v2\/media?parent=252522"}],"wp:term":[{"taxonomy":"product_brand","embeddable":true,"href":"https:\/\/topdisc.fi\/sv\/wp-json\/wp\/v2\/product_brand?post=252522"},{"taxonomy":"product_cat","embeddable":true,"href":"https:\/\/topdisc.fi\/sv\/wp-json\/wp\/v2\/product_cat?post=252522"},{"taxonomy":"product_tag","embeddable":true,"href":"https:\/\/topdisc.fi\/sv\/wp-json\/wp\/v2\/product_tag?post=252522"}],"curies":[{"name":"wp","href":"https:\/\/api.w.org\/{rel}","templated":true}]}}