{"id":252601,"date":"2025-07-17T15:23:23","date_gmt":"2025-07-17T12:23:23","guid":{"rendered":"https:\/\/topdisc.fi\/?post_type=product&#038;p=252601"},"modified":"2026-01-27T17:45:14","modified_gmt":"2026-01-27T15:45:14","slug":"prodigy-reblend-d2","status":"publish","type":"product","link":"https:\/\/topdisc.fi\/sv\/produkt\/prodigy-reblend-d2\/","title":{"rendered":"Prodigy ReBlend D2"},"content":{"rendered":"<p>Prodigy ReBlend D2<\/p>\n<p>Flygv\u00e4rden: 12 5 0 3<\/p>\n<p>D2 on eritt\u00e4in nopea pituusdraiveri, joka on suunniteltu vahvoille heitt\u00e4jille. T\u00e4m\u00e4 draiveri lent\u00e4\u00e4 luotettavasti my\u00f6s tuulisissa olosuhteissa. Lentorata on todella ennustettava ja sivulta sivulle liike onkin yksi v\u00e4h\u00e4isimmist\u00e4 markkinoilla olevista draivereista.<\/p>\n<p>ReBlend on 100 % kierr\u00e4tetty muoviseos. Se on valmistettu uudelleen jauhetuista kiekoista, jotka eiv\u00e4t alkujaan t\u00e4ytt\u00e4neet tuotantovaatimuksia. ReBlend v\u00e4hent\u00e4\u00e4 j\u00e4tett\u00e4 tinkim\u00e4tt\u00e4 laadusta. ReBlend Premium -muovi on yhdistelm\u00e4 kierr\u00e4tetty\u00e4 400-, 500-, 750-, Special Blend- ja ProFlex-muovia, ja sen tuntuma ja joustavuus muistuttavat 500-muovia. Kierr\u00e4tysprosessissa k\u00e4ytettyjen muovien ja v\u00e4rien yhdistelm\u00e4n ansiosta ReBlendill\u00e4 on oma erottuva ulkon\u00e4k\u00f6ns\u00e4.<\/p>\n<p><em>F\u00e4rgen p\u00e5 trycket och nyansen p\u00e5 skivan kanske inte matchar produktbilden.<\/em><\/p>","protected":false},"excerpt":{"rendered":"<p>Prodigy ReBlend D2<\/p>\n<p>Flygv\u00e4rden: 12 5 0 3<\/p>\n<p>D2 on eritt\u00e4in nopea pituusdraiveri, joka on suunniteltu vahvoille heitt\u00e4jille. T\u00e4m\u00e4 draiveri lent\u00e4\u00e4 luotettavasti my\u00f6s tuulisissa olosuhteissa. Lentorata on todella ennustettava ja sivulta sivulle liike onkin yksi v\u00e4h\u00e4isimmist\u00e4 markkinoilla olevista draivereista.<\/p>\n<p>ReBlend on 100 % kierr\u00e4tetty muoviseos. Se on valmistettu uudelleen jauhetuista kiekoista, jotka eiv\u00e4t alkujaan t\u00e4ytt\u00e4neet tuotantovaatimuksia. ReBlend v\u00e4hent\u00e4\u00e4 j\u00e4tett\u00e4 tinkim\u00e4tt\u00e4 laadusta. ReBlend Premium -muovi on yhdistelm\u00e4 kierr\u00e4tetty\u00e4 400-, 500-, 750-, Special Blend- ja ProFlex-muovia, ja sen tuntuma ja joustavuus muistuttavat 500-muovia. Kierr\u00e4tysprosessissa k\u00e4ytettyjen muovien ja v\u00e4rien yhdistelm\u00e4n ansiosta ReBlendill\u00e4 on oma erottuva ulkon\u00e4k\u00f6ns\u00e4.<\/p>\n<p><em>F\u00e4rgen p\u00e5 trycket och nyansen p\u00e5 skivan kanske inte matchar produktbilden.<\/em><\/p>","protected":false},"featured_media":252589,"comment_status":"open","ping_status":"closed","template":"","meta":{"_acf_changed":false,"om_disable_all_campaigns":false,"_improvement_type_select":"improve_an_existing","_thumb_yes_seoaic":false,"_frame_yes_seoaic":false,"seoaic_generate_description":"","seoaic_improve_instructions_prompt":"","seoaic_rollback_content_improvement":"","seoaic_idea_thumbnail_generator":"","thumbnail_generated":false,"thumbnail_generate_prompt":"","seoaic_article_description":""},"product_brand":[4872],"product_cat":[1817,1900,1832,73,2625],"product_tag":[555],"class_list":{"0":"post-252601","1":"product","2":"type-product","3":"status-publish","4":"has-post-thumbnail","6":"product_brand-prodigy-disc","7":"product_cat-uudet-kiekot","8":"product_cat-prodigy-kaikki-kiekot","9":"product_cat-uudet-prodigy-kiekot","10":"product_cat-uutuudet","11":"product_cat-valmistajat","12":"product_tag-driver","13":"pa_feidi-288","14":"pa_liito-274","15":"pa_nopeus-266","16":"pa_paino-324","17":"pa_paino-325","18":"pa_vakaus-zero","19":"pa_valmistajat-prodigy-discs","20":"pa_vari-sininen","21":"pa_vari-violetti","23":"first","24":"instock","25":"taxable","26":"shipping-taxable","27":"purchasable","28":"product-type-variable"},"acf":[],"_links":{"self":[{"href":"https:\/\/topdisc.fi\/sv\/wp-json\/wp\/v2\/product\/252601","targetHints":{"allow":["GET"]}}],"collection":[{"href":"https:\/\/topdisc.fi\/sv\/wp-json\/wp\/v2\/product"}],"about":[{"href":"https:\/\/topdisc.fi\/sv\/wp-json\/wp\/v2\/types\/product"}],"replies":[{"embeddable":true,"href":"https:\/\/topdisc.fi\/sv\/wp-json\/wp\/v2\/comments?post=252601"}],"version-history":[{"count":1,"href":"https:\/\/topdisc.fi\/sv\/wp-json\/wp\/v2\/product\/252601\/revisions"}],"predecessor-version":[{"id":264076,"href":"https:\/\/topdisc.fi\/sv\/wp-json\/wp\/v2\/product\/252601\/revisions\/264076"}],"wp:featuredmedia":[{"embeddable":true,"href":"https:\/\/topdisc.fi\/sv\/wp-json\/wp\/v2\/media\/252589"}],"wp:attachment":[{"href":"https:\/\/topdisc.fi\/sv\/wp-json\/wp\/v2\/media?parent=252601"}],"wp:term":[{"taxonomy":"product_brand","embeddable":true,"href":"https:\/\/topdisc.fi\/sv\/wp-json\/wp\/v2\/product_brand?post=252601"},{"taxonomy":"product_cat","embeddable":true,"href":"https:\/\/topdisc.fi\/sv\/wp-json\/wp\/v2\/product_cat?post=252601"},{"taxonomy":"product_tag","embeddable":true,"href":"https:\/\/topdisc.fi\/sv\/wp-json\/wp\/v2\/product_tag?post=252601"}],"curies":[{"name":"wp","href":"https:\/\/api.w.org\/{rel}","templated":true}]}}