{"id":252606,"date":"2025-07-17T15:28:55","date_gmt":"2025-07-17T12:28:55","guid":{"rendered":"https:\/\/topdisc.fi\/?post_type=product&#038;p=252606"},"modified":"2026-01-27T17:45:13","modified_gmt":"2026-01-27T15:45:13","slug":"prodigy-500-f3","status":"publish","type":"product","link":"https:\/\/topdisc.fi\/sv\/produkt\/prodigy-500-f3\/","title":{"rendered":"Prodigy 500 F3"},"content":{"rendered":"<p>Prodigy 500 F3<\/p>\n<p>Lentoarvot: 8 5 -2 2<\/p>\n<p>F3 \u00e4r en av de mest popul\u00e4ra Prodigy Disc-bussf\u00f6rarna. Pucken passar b\u00e5de nyb\u00f6rjare och dig som h\u00e5llit p\u00e5 med sporten l\u00e4nge. En p\u00e5litlig, f\u00f6ruts\u00e4gbar, \u00e5terh\u00e5llsam slutsv\u00e4ng, bra flygning och en rak bana beskriver pucken b\u00e4st. En fairwayf\u00f6rare f\u00f6r m\u00e5nga frisbeegolfentusiaster. Nyb\u00f6rjare b\u00f6r v\u00e4lja l\u00e4ttare vikter.<\/p>\n<p>500-muovi on hieman j\u00e4ykemp\u00e4\u00e4 ja kovempaa kuin 400-muovi. Se tarjoaa luotettavan ja mukavan otteen kiekosta.<\/p>\n<p><em>F\u00e4rgen p\u00e5 trycket och nyansen p\u00e5 skivan kanske inte matchar produktbilden.<\/em><\/p>","protected":false},"excerpt":{"rendered":"<p>Prodigy 500 F3<\/p>\n<p>Lentoarvot: 8 5 -2 2<\/p>\n<p>F3 \u00e4r en av de mest popul\u00e4ra Prodigy Disc-bussf\u00f6rarna. Pucken passar b\u00e5de nyb\u00f6rjare och dig som h\u00e5llit p\u00e5 med sporten l\u00e4nge. En p\u00e5litlig, f\u00f6ruts\u00e4gbar, \u00e5terh\u00e5llsam slutsv\u00e4ng, bra flygning och en rak bana beskriver pucken b\u00e4st. En fairwayf\u00f6rare f\u00f6r m\u00e5nga frisbeegolfentusiaster. Nyb\u00f6rjare b\u00f6r v\u00e4lja l\u00e4ttare vikter.<\/p>\n<p>500-muovi on hieman j\u00e4ykemp\u00e4\u00e4 ja kovempaa kuin 400-muovi. Se tarjoaa luotettavan ja mukavan otteen kiekosta.<\/p>\n<p><em>F\u00e4rgen p\u00e5 trycket och nyansen p\u00e5 skivan kanske inte matchar produktbilden.<\/em><\/p>","protected":false},"featured_media":252590,"comment_status":"open","ping_status":"closed","template":"","meta":{"_acf_changed":false,"om_disable_all_campaigns":false,"_improvement_type_select":"improve_an_existing","_thumb_yes_seoaic":false,"_frame_yes_seoaic":false,"seoaic_generate_description":"","seoaic_improve_instructions_prompt":"","seoaic_rollback_content_improvement":"","seoaic_idea_thumbnail_generator":"","thumbnail_generated":false,"thumbnail_generate_prompt":"","seoaic_article_description":""},"product_brand":[4872],"product_cat":[1817,1900,1832,73,2625],"product_tag":[1226,2521,2520],"class_list":{"0":"post-252606","1":"product","2":"type-product","3":"status-publish","4":"has-post-thumbnail","6":"product_brand-prodigy-disc","7":"product_cat-uudet-kiekot","8":"product_cat-prodigy-kaikki-kiekot","9":"product_cat-uudet-prodigy-kiekot","10":"product_cat-uutuudet","11":"product_cat-valmistajat","12":"product_tag-fairway","13":"product_tag-straight","14":"product_tag-suora","15":"pa_feidi-287","16":"pa_liito-274","17":"pa_nopeus-262","18":"pa_paino-323","19":"pa_paino-325","20":"pa_paino-326","21":"pa_vakaus-280","22":"pa_valmistajat-prodigy-discs","23":"pa_vari-punertava","24":"pa_vari-ruskea","26":"first","27":"instock","28":"taxable","29":"shipping-taxable","30":"purchasable","31":"product-type-variable"},"acf":[],"_links":{"self":[{"href":"https:\/\/topdisc.fi\/sv\/wp-json\/wp\/v2\/product\/252606","targetHints":{"allow":["GET"]}}],"collection":[{"href":"https:\/\/topdisc.fi\/sv\/wp-json\/wp\/v2\/product"}],"about":[{"href":"https:\/\/topdisc.fi\/sv\/wp-json\/wp\/v2\/types\/product"}],"replies":[{"embeddable":true,"href":"https:\/\/topdisc.fi\/sv\/wp-json\/wp\/v2\/comments?post=252606"}],"version-history":[{"count":1,"href":"https:\/\/topdisc.fi\/sv\/wp-json\/wp\/v2\/product\/252606\/revisions"}],"predecessor-version":[{"id":264075,"href":"https:\/\/topdisc.fi\/sv\/wp-json\/wp\/v2\/product\/252606\/revisions\/264075"}],"wp:featuredmedia":[{"embeddable":true,"href":"https:\/\/topdisc.fi\/sv\/wp-json\/wp\/v2\/media\/252590"}],"wp:attachment":[{"href":"https:\/\/topdisc.fi\/sv\/wp-json\/wp\/v2\/media?parent=252606"}],"wp:term":[{"taxonomy":"product_brand","embeddable":true,"href":"https:\/\/topdisc.fi\/sv\/wp-json\/wp\/v2\/product_brand?post=252606"},{"taxonomy":"product_cat","embeddable":true,"href":"https:\/\/topdisc.fi\/sv\/wp-json\/wp\/v2\/product_cat?post=252606"},{"taxonomy":"product_tag","embeddable":true,"href":"https:\/\/topdisc.fi\/sv\/wp-json\/wp\/v2\/product_tag?post=252606"}],"curies":[{"name":"wp","href":"https:\/\/api.w.org\/{rel}","templated":true}]}}