{"id":252611,"date":"2025-07-17T15:34:45","date_gmt":"2025-07-17T12:34:45","guid":{"rendered":"https:\/\/topdisc.fi\/?post_type=product&#038;p=252611"},"modified":"2026-01-27T17:45:12","modified_gmt":"2026-01-27T15:45:12","slug":"prodigy-400-fx-4","status":"publish","type":"product","link":"https:\/\/topdisc.fi\/sv\/produkt\/prodigy-400-fx-4\/","title":{"rendered":"Prodigy 400 FX-4"},"content":{"rendered":"<p>Prodigy 400 FX-4<\/p>\n<p>Flygv\u00e4rden: 9 5 -2 2<\/p>\n<p>FX-4 \u00e4r en snabb och lite mindre stabil fairwayf\u00f6rare med en n\u00e5got snabbare och bredare kant j\u00e4mf\u00f6rt med skivorna i F-serien. Den har en mycket l\u00e5ng flygning, har utm\u00e4rkta glidegenskaper och \u00e4r l\u00e4mplig f\u00f6r spelare p\u00e5 m\u00e5nga niv\u00e5er.<\/p>\n<p>400 plast \u00e4r en h\u00f6gkvalitativ och h\u00e5llbar plast som k\u00e4nns och ser bra ut.<\/p>\n<p><em>F\u00e4rgen p\u00e5 trycket och nyansen p\u00e5 skivan kanske inte matchar produktbilden.<\/em><\/p>","protected":false},"excerpt":{"rendered":"<p>Prodigy 400 FX-4<\/p>\n<p>Flygv\u00e4rden: 9 5 -2 2<\/p>\n<p>FX-4 \u00e4r en snabb och lite mindre stabil fairwayf\u00f6rare med en n\u00e5got snabbare och bredare kant j\u00e4mf\u00f6rt med skivorna i F-serien. Den har en mycket l\u00e5ng flygning, har utm\u00e4rkta glidegenskaper och \u00e4r l\u00e4mplig f\u00f6r spelare p\u00e5 m\u00e5nga niv\u00e5er.<\/p>\n<p>400 plast \u00e4r en h\u00f6gkvalitativ och h\u00e5llbar plast som k\u00e4nns och ser bra ut.<\/p>\n<p><em>F\u00e4rgen p\u00e5 trycket och nyansen p\u00e5 skivan kanske inte matchar produktbilden.<\/em><\/p>","protected":false},"featured_media":252591,"comment_status":"open","ping_status":"closed","template":"","meta":{"_acf_changed":false,"om_disable_all_campaigns":false,"_improvement_type_select":"improve_an_existing","_thumb_yes_seoaic":false,"_frame_yes_seoaic":false,"seoaic_generate_description":"","seoaic_improve_instructions_prompt":"","seoaic_rollback_content_improvement":"","seoaic_idea_thumbnail_generator":"","thumbnail_generated":false,"thumbnail_generate_prompt":"","seoaic_article_description":""},"product_brand":[4872],"product_cat":[1817,1900,1832,73,2625],"product_tag":[555,1226,2521,2520],"class_list":{"0":"post-252611","1":"product","2":"type-product","3":"status-publish","4":"has-post-thumbnail","6":"product_brand-prodigy-disc","7":"product_cat-uudet-kiekot","8":"product_cat-prodigy-kaikki-kiekot","9":"product_cat-uudet-prodigy-kiekot","10":"product_cat-uutuudet","11":"product_cat-valmistajat","12":"product_tag-driver","13":"product_tag-fairway","14":"product_tag-straight","15":"product_tag-suora","16":"pa_feidi-287","17":"pa_liito-274","18":"pa_nopeus-263","19":"pa_paino-322","20":"pa_paino-325","21":"pa_vakaus-280","22":"pa_valmistajat-prodigy-discs","23":"pa_vari-keltavihrea","24":"pa_vari-sininen","25":"pa_vari-violetti","27":"first","28":"instock","29":"taxable","30":"shipping-taxable","31":"purchasable","32":"product-type-variable"},"acf":[],"_links":{"self":[{"href":"https:\/\/topdisc.fi\/sv\/wp-json\/wp\/v2\/product\/252611","targetHints":{"allow":["GET"]}}],"collection":[{"href":"https:\/\/topdisc.fi\/sv\/wp-json\/wp\/v2\/product"}],"about":[{"href":"https:\/\/topdisc.fi\/sv\/wp-json\/wp\/v2\/types\/product"}],"replies":[{"embeddable":true,"href":"https:\/\/topdisc.fi\/sv\/wp-json\/wp\/v2\/comments?post=252611"}],"version-history":[{"count":1,"href":"https:\/\/topdisc.fi\/sv\/wp-json\/wp\/v2\/product\/252611\/revisions"}],"predecessor-version":[{"id":264074,"href":"https:\/\/topdisc.fi\/sv\/wp-json\/wp\/v2\/product\/252611\/revisions\/264074"}],"wp:featuredmedia":[{"embeddable":true,"href":"https:\/\/topdisc.fi\/sv\/wp-json\/wp\/v2\/media\/252591"}],"wp:attachment":[{"href":"https:\/\/topdisc.fi\/sv\/wp-json\/wp\/v2\/media?parent=252611"}],"wp:term":[{"taxonomy":"product_brand","embeddable":true,"href":"https:\/\/topdisc.fi\/sv\/wp-json\/wp\/v2\/product_brand?post=252611"},{"taxonomy":"product_cat","embeddable":true,"href":"https:\/\/topdisc.fi\/sv\/wp-json\/wp\/v2\/product_cat?post=252611"},{"taxonomy":"product_tag","embeddable":true,"href":"https:\/\/topdisc.fi\/sv\/wp-json\/wp\/v2\/product_tag?post=252611"}],"curies":[{"name":"wp","href":"https:\/\/api.w.org\/{rel}","templated":true}]}}