{"id":252630,"date":"2025-07-17T15:58:46","date_gmt":"2025-07-17T12:58:46","guid":{"rendered":"https:\/\/topdisc.fi\/?post_type=product&#038;p=252630"},"modified":"2026-01-27T17:45:10","modified_gmt":"2026-01-27T15:45:10","slug":"prodigy-300-soft-pa-3","status":"publish","type":"product","link":"https:\/\/topdisc.fi\/sv\/produkt\/prodigy-300-soft-pa-3\/","title":{"rendered":"Prodigy 300 Soft PA-3"},"content":{"rendered":"<p>Prodigy 300 Soft PA-3<\/p>\n<p>Flygv\u00e4rden: 3 3 0 1<\/p>\n<p>Pa3 \u00e4r den mest raktflygande puttern med l\u00e5g kant i Prodigy Disc-kollektionen. Pa3 l\u00e4mpar sig mycket bra f\u00f6r infallskast och puttar f\u00f6r b\u00e5de nyb\u00f6rjare och t\u00e4vlingsspelare. Denna putter beh\u00e5ller p\u00e5 ett tillf\u00f6rlitligt s\u00e4tt sin raka bana till slutet. Den absoluta favoritputtern f\u00f6r m\u00e5nga entusiaster och proffsspelare.<\/p>\n<p>300 SOFT -muovi on tuntumaltaan hyvin 300 muovin kaltainen, mutta hieman pehme\u00e4mpi. 300 SOFT -muovi soveltuu erityisen hyvin kylmemmiss\u00e4 olosuhteissa puttaamiseen ja l\u00e4hipeliin.<\/p>\n<p><em>F\u00e4rgen p\u00e5 trycket och nyansen p\u00e5 skivan kanske inte matchar produktbilden.<\/em><\/p>","protected":false},"excerpt":{"rendered":"<p>Prodigy 300 Soft PA-3<\/p>\n<p>Flygv\u00e4rden: 3 3 0 1<\/p>\n<p>Pa3 \u00e4r den mest raktflygande puttern med l\u00e5g kant i Prodigy Disc-kollektionen. Pa3 l\u00e4mpar sig mycket bra f\u00f6r infallskast och puttar f\u00f6r b\u00e5de nyb\u00f6rjare och t\u00e4vlingsspelare. Denna putter beh\u00e5ller p\u00e5 ett tillf\u00f6rlitligt s\u00e4tt sin raka bana till slutet. Den absoluta favoritputtern f\u00f6r m\u00e5nga entusiaster och proffsspelare.<\/p>\n<p>300 SOFT -muovi on tuntumaltaan hyvin 300 muovin kaltainen, mutta hieman pehme\u00e4mpi. 300 SOFT -muovi soveltuu erityisen hyvin kylmemmiss\u00e4 olosuhteissa puttaamiseen ja l\u00e4hipeliin.<\/p>\n<p><em>F\u00e4rgen p\u00e5 trycket och nyansen p\u00e5 skivan kanske inte matchar produktbilden.<\/em><\/p>","protected":false},"featured_media":252596,"comment_status":"open","ping_status":"closed","template":"","meta":{"_acf_changed":false,"om_disable_all_campaigns":false,"_improvement_type_select":"improve_an_existing","_thumb_yes_seoaic":false,"_frame_yes_seoaic":false,"seoaic_generate_description":"","seoaic_improve_instructions_prompt":"","seoaic_rollback_content_improvement":"","seoaic_idea_thumbnail_generator":"","thumbnail_generated":false,"thumbnail_generate_prompt":"","seoaic_article_description":""},"product_brand":[4872],"product_cat":[1817,1900,1832,73,2625],"product_tag":[716],"class_list":{"0":"post-252630","1":"product","2":"type-product","3":"status-publish","4":"has-post-thumbnail","6":"product_brand-prodigy-disc","7":"product_cat-uudet-kiekot","8":"product_cat-prodigy-kaikki-kiekot","9":"product_cat-uudet-prodigy-kiekot","10":"product_cat-uutuudet","11":"product_cat-valmistajat","12":"product_tag-putter","13":"pa_feidi-286","14":"pa_liito-272","15":"pa_nopeus-257","16":"pa_paino-323","17":"pa_paino-325","18":"pa_vakaus-zero","19":"pa_valmistajat-prodigy-discs","20":"pa_vari-oranssi","21":"pa_vari-sininen","23":"first","24":"instock","25":"taxable","26":"shipping-taxable","27":"purchasable","28":"product-type-variable"},"acf":[],"_links":{"self":[{"href":"https:\/\/topdisc.fi\/sv\/wp-json\/wp\/v2\/product\/252630","targetHints":{"allow":["GET"]}}],"collection":[{"href":"https:\/\/topdisc.fi\/sv\/wp-json\/wp\/v2\/product"}],"about":[{"href":"https:\/\/topdisc.fi\/sv\/wp-json\/wp\/v2\/types\/product"}],"replies":[{"embeddable":true,"href":"https:\/\/topdisc.fi\/sv\/wp-json\/wp\/v2\/comments?post=252630"}],"version-history":[{"count":1,"href":"https:\/\/topdisc.fi\/sv\/wp-json\/wp\/v2\/product\/252630\/revisions"}],"predecessor-version":[{"id":264071,"href":"https:\/\/topdisc.fi\/sv\/wp-json\/wp\/v2\/product\/252630\/revisions\/264071"}],"wp:featuredmedia":[{"embeddable":true,"href":"https:\/\/topdisc.fi\/sv\/wp-json\/wp\/v2\/media\/252596"}],"wp:attachment":[{"href":"https:\/\/topdisc.fi\/sv\/wp-json\/wp\/v2\/media?parent=252630"}],"wp:term":[{"taxonomy":"product_brand","embeddable":true,"href":"https:\/\/topdisc.fi\/sv\/wp-json\/wp\/v2\/product_brand?post=252630"},{"taxonomy":"product_cat","embeddable":true,"href":"https:\/\/topdisc.fi\/sv\/wp-json\/wp\/v2\/product_cat?post=252630"},{"taxonomy":"product_tag","embeddable":true,"href":"https:\/\/topdisc.fi\/sv\/wp-json\/wp\/v2\/product_tag?post=252630"}],"curies":[{"name":"wp","href":"https:\/\/api.w.org\/{rel}","templated":true}]}}