{"id":252687,"date":"2025-07-18T13:08:33","date_gmt":"2025-07-18T10:08:33","guid":{"rendered":"https:\/\/topdisc.fi\/?post_type=product&#038;p=252687"},"modified":"2025-07-23T16:57:18","modified_gmt":"2025-07-23T13:57:18","slug":"latitude-64-gold-orbit-pioneer-kevin-kiefer-iii-team-series-2023","status":"publish","type":"product","link":"https:\/\/topdisc.fi\/sv\/produkt\/latitude-64-gold-orbit-pioneer-kevin-kiefer-iii-team-series-2023\/","title":{"rendered":"Latitude 64 Gold Orbit Pioneer &#8211; Kevin Kiefer III Team Series 2023"},"content":{"rendered":"<p>Latitude 64 Gold Orbit Pioneer &#8211; Kevin Kiefer III Team Series 2023<\/p>\n<p>Flygv\u00e4rden: 9 3 0 4<\/p>\n<p><strong>Pioneer<\/strong> on ylivakaa v\u00e4yl\u00e4draiveri, joka tarjoaa varman suorituskyvyn kaikissa olosuhteissa. Fl\u00e4tti profiili tekee siit\u00e4 erinomaisen valinnan sek\u00e4 rysty- ett\u00e4 k\u00e4mmenheittoihin. Pioneer on kiekko, jonka loppufeidiin voit luottaa \u2013 olosuhteet olivat mit\u00e4 tahansa. T\u00e4llainen luotettava kontrollidraiveri kuuluu jokaiseen b\u00e4giin.<\/p>\n<p><strong>Gold Orbit\u00a0<\/strong>on kaksiv\u00e4rinen kest\u00e4v\u00e4, suorituskykyinen ja luotettava premium-muoviseos. Gold Orbit yhdistelee upeasti kahta eri v\u00e4ri\u00e4, joten jokainen kiekko on ainutlaatuinen yksil\u00f6.<\/p>","protected":false},"excerpt":{"rendered":"<p>Latitude 64 Gold Orbit Pioneer &#8211; Kevin Kiefer III Team Series 2023<\/p>\n<p>Flygv\u00e4rden: 9 3 0 4<\/p>\n<p><strong>Pioneer<\/strong> on ylivakaa v\u00e4yl\u00e4draiveri, joka tarjoaa varman suorituskyvyn kaikissa olosuhteissa. Fl\u00e4tti profiili tekee siit\u00e4 erinomaisen valinnan sek\u00e4 rysty- ett\u00e4 k\u00e4mmenheittoihin. Pioneer on kiekko, jonka loppufeidiin voit luottaa \u2013 olosuhteet olivat mit\u00e4 tahansa. T\u00e4llainen luotettava kontrollidraiveri kuuluu jokaiseen b\u00e4giin.<\/p>\n<p><strong>Gold Orbit\u00a0<\/strong>on kaksiv\u00e4rinen kest\u00e4v\u00e4, suorituskykyinen ja luotettava premium-muoviseos. Gold Orbit yhdistelee upeasti kahta eri v\u00e4ri\u00e4, joten jokainen kiekko on ainutlaatuinen yksil\u00f6.<\/p>","protected":false},"featured_media":252690,"comment_status":"open","ping_status":"closed","template":"","meta":{"_acf_changed":false,"om_disable_all_campaigns":false,"_improvement_type_select":"improve_an_existing","_thumb_yes_seoaic":false,"_frame_yes_seoaic":false,"seoaic_generate_description":"","seoaic_improve_instructions_prompt":"","seoaic_rollback_content_improvement":"","seoaic_idea_thumbnail_generator":"","thumbnail_generated":false,"thumbnail_generate_prompt":"","seoaic_article_description":""},"product_brand":[],"product_cat":[1817,2626,1850,369,4065,678,73,2625],"product_tag":[1226,1264,569],"class_list":{"0":"post-252687","1":"product","2":"type-product","3":"status-publish","4":"has-post-thumbnail","6":"product_cat-uudet-kiekot","7":"product_cat-latitude-64","8":"product_cat-uudet-latitude-64-kiekot","9":"product_cat-signature-kiekot","10":"product_cat-special","11":"product_cat-spessut","12":"product_cat-uutuudet","13":"product_cat-valmistajat","14":"product_tag-fairway","15":"product_tag-overstable","16":"product_tag-ylivakaa","17":"pa_feidi-289","18":"pa_liito-272","19":"pa_nopeus-263","20":"pa_paino-331","21":"pa_vakaus-zero","22":"pa_valmistajat-latitude-64","23":"pa_vari-musta-valkoinen","25":"first","26":"instock","27":"taxable","28":"shipping-taxable","29":"purchasable","30":"product-type-variable"},"acf":[],"_links":{"self":[{"href":"https:\/\/topdisc.fi\/sv\/wp-json\/wp\/v2\/product\/252687","targetHints":{"allow":["GET"]}}],"collection":[{"href":"https:\/\/topdisc.fi\/sv\/wp-json\/wp\/v2\/product"}],"about":[{"href":"https:\/\/topdisc.fi\/sv\/wp-json\/wp\/v2\/types\/product"}],"replies":[{"embeddable":true,"href":"https:\/\/topdisc.fi\/sv\/wp-json\/wp\/v2\/comments?post=252687"}],"version-history":[{"count":0,"href":"https:\/\/topdisc.fi\/sv\/wp-json\/wp\/v2\/product\/252687\/revisions"}],"wp:featuredmedia":[{"embeddable":true,"href":"https:\/\/topdisc.fi\/sv\/wp-json\/wp\/v2\/media\/252690"}],"wp:attachment":[{"href":"https:\/\/topdisc.fi\/sv\/wp-json\/wp\/v2\/media?parent=252687"}],"wp:term":[{"taxonomy":"product_brand","embeddable":true,"href":"https:\/\/topdisc.fi\/sv\/wp-json\/wp\/v2\/product_brand?post=252687"},{"taxonomy":"product_cat","embeddable":true,"href":"https:\/\/topdisc.fi\/sv\/wp-json\/wp\/v2\/product_cat?post=252687"},{"taxonomy":"product_tag","embeddable":true,"href":"https:\/\/topdisc.fi\/sv\/wp-json\/wp\/v2\/product_tag?post=252687"}],"curies":[{"name":"wp","href":"https:\/\/api.w.org\/{rel}","templated":true}]}}