{"id":252755,"date":"2025-07-19T10:59:23","date_gmt":"2025-07-19T07:59:23","guid":{"rendered":"https:\/\/topdisc.fi\/?post_type=product&#038;p=252755"},"modified":"2025-07-23T16:57:06","modified_gmt":"2025-07-23T13:57:06","slug":"latitude-64-opto-compass-2","status":"publish","type":"product","link":"https:\/\/topdisc.fi\/sv\/produkt\/latitude-64-opto-compass-2\/","title":{"rendered":"Latitude 64 Opto Compass"},"content":{"rendered":"<p>Latitude 64 Opto Compass<\/p>\n<p>Flygv\u00e4rden: 5 5 0 1<\/p>\n<p>Suoraan lent\u00e4v\u00e4 midari, joka pit\u00e4\u00e4 hyvin heittokulmansa ja on n\u00e4in erinomaisesti hallittavissa.<\/p>\n<p>Kaksinkertaisen maailmanmestarin Ricky Wysockin kanssa yhteisty\u00f6ss\u00e4 aikanaan kehitetty todella varmalentoinen kiekko l\u00e4hestymisiin ja suoriin siivuihin v\u00e4ylill\u00e4.<\/p>\n<p>Opto on muoviseos, jossa yhdistyy erinomainen kulutuksenkesto sek\u00e4 upea ulkon\u00e4k\u00f6. Opto-muovi on l\u00e4pin\u00e4kyv\u00e4\u00e4 muoviseosta, vaikka v\u00e4lill\u00e4 l\u00e4pin\u00e4kyvyyden aste vaihteleekin kiekkokohtaisesti<\/p>\n<p>Stampin v\u00e4ri saattaa vaihdella.<\/p>","protected":false},"excerpt":{"rendered":"<p>Latitude 64 Opto Compass<\/p>\n<p>Flygv\u00e4rden: 5 5 0 1<\/p>\n<p>Suoraan lent\u00e4v\u00e4 midari, joka pit\u00e4\u00e4 hyvin heittokulmansa ja on n\u00e4in erinomaisesti hallittavissa.<\/p>\n<p>Kaksinkertaisen maailmanmestarin Ricky Wysockin kanssa yhteisty\u00f6ss\u00e4 aikanaan kehitetty todella varmalentoinen kiekko l\u00e4hestymisiin ja suoriin siivuihin v\u00e4ylill\u00e4.<\/p>\n<p>Opto on muoviseos, jossa yhdistyy erinomainen kulutuksenkesto sek\u00e4 upea ulkon\u00e4k\u00f6. Opto-muovi on l\u00e4pin\u00e4kyv\u00e4\u00e4 muoviseosta, vaikka v\u00e4lill\u00e4 l\u00e4pin\u00e4kyvyyden aste vaihteleekin kiekkokohtaisesti<\/p>\n<p>Stampin v\u00e4ri saattaa vaihdella.<\/p>","protected":false},"featured_media":252760,"comment_status":"open","ping_status":"closed","template":"","meta":{"_acf_changed":false,"om_disable_all_campaigns":false,"_improvement_type_select":"improve_an_existing","_thumb_yes_seoaic":false,"_frame_yes_seoaic":false,"seoaic_generate_description":"","seoaic_improve_instructions_prompt":"","seoaic_rollback_content_improvement":"","seoaic_idea_thumbnail_generator":"","thumbnail_generated":false,"thumbnail_generate_prompt":"","seoaic_article_description":""},"product_brand":[],"product_cat":[1817,2626,1850,73,2625],"product_tag":[566,839,2521,2520],"class_list":{"0":"post-252755","1":"product","2":"type-product","3":"status-publish","4":"has-post-thumbnail","6":"product_cat-uudet-kiekot","7":"product_cat-latitude-64","8":"product_cat-uudet-latitude-64-kiekot","9":"product_cat-uutuudet","10":"product_cat-valmistajat","11":"product_tag-midari","12":"product_tag-midrange","13":"product_tag-straight","14":"product_tag-suora","15":"pa_feidi-286","16":"pa_liito-274","17":"pa_nopeus-259","18":"pa_paino-328","19":"pa_vakaus-zero","20":"pa_valmistajat-latitude-64","21":"pa_vari-pinkki","22":"pa_vari-sininen","24":"first","25":"instock","26":"taxable","27":"shipping-taxable","28":"purchasable","29":"product-type-variable"},"acf":[],"_links":{"self":[{"href":"https:\/\/topdisc.fi\/sv\/wp-json\/wp\/v2\/product\/252755","targetHints":{"allow":["GET"]}}],"collection":[{"href":"https:\/\/topdisc.fi\/sv\/wp-json\/wp\/v2\/product"}],"about":[{"href":"https:\/\/topdisc.fi\/sv\/wp-json\/wp\/v2\/types\/product"}],"replies":[{"embeddable":true,"href":"https:\/\/topdisc.fi\/sv\/wp-json\/wp\/v2\/comments?post=252755"}],"version-history":[{"count":0,"href":"https:\/\/topdisc.fi\/sv\/wp-json\/wp\/v2\/product\/252755\/revisions"}],"wp:featuredmedia":[{"embeddable":true,"href":"https:\/\/topdisc.fi\/sv\/wp-json\/wp\/v2\/media\/252760"}],"wp:attachment":[{"href":"https:\/\/topdisc.fi\/sv\/wp-json\/wp\/v2\/media?parent=252755"}],"wp:term":[{"taxonomy":"product_brand","embeddable":true,"href":"https:\/\/topdisc.fi\/sv\/wp-json\/wp\/v2\/product_brand?post=252755"},{"taxonomy":"product_cat","embeddable":true,"href":"https:\/\/topdisc.fi\/sv\/wp-json\/wp\/v2\/product_cat?post=252755"},{"taxonomy":"product_tag","embeddable":true,"href":"https:\/\/topdisc.fi\/sv\/wp-json\/wp\/v2\/product_tag?post=252755"}],"curies":[{"name":"wp","href":"https:\/\/api.w.org\/{rel}","templated":true}]}}