{"id":252784,"date":"2025-07-19T12:19:08","date_gmt":"2025-07-19T09:19:08","guid":{"rendered":"https:\/\/topdisc.fi\/?post_type=product&#038;p=252784"},"modified":"2026-03-09T15:15:42","modified_gmt":"2026-03-09T13:15:42","slug":"westside-discs-tournament-orbit-sampo-kalevala-celebration","status":"publish","type":"product","link":"https:\/\/topdisc.fi\/sv\/produkt\/westside-discs-tournament-orbit-sampo-kalevala-celebration\/","title":{"rendered":"Westside Discs Tournament Orbit Sampo &#8211; Kalevala Celebration"},"content":{"rendered":"<p>Westside Discs Tournament Orbit Sampo &#8211; Kalevala Celebration<\/p>\n<p>Lentoarvot: 10 4 -1 2<\/p>\n<p>Kalevala Celebration Sampo on Westside discin kunnianosoitus Suomen syv\u00e4\u00e4n juurtuneelle tarninankerronnalle frisbeegolfin silmin. Myyttinen Sampo kuvaa vaurautta ja yhten\u00e4isyytt\u00e4 Kalevalassa ja syntt\u00e4reit\u00e4 onkin kuvassa saavuttu sankoin joukoin juhlistamaan. T\u00e4m\u00e4 erikoispainos on julkaistu alunperin Kalevalan p\u00e4iv\u00e4n\u00e4 28.helmikuuta.<\/p>\n<p>Sampo-kiekko omaa neutraalin lennon ja hyv\u00e4n liidon. Se soveltuu erityisen hyvin kontrolloituihin pitkiin, suoriin ja mataliin heittoihin.<\/p>\n<p>Orbit on valmistustapa, jolla kiekkoihin saadaan kahta v\u00e4ri\u00e4 \/ v\u00e4ris\u00e4vy\u00e4.<\/p>\n<p>Tournament-muovi kest\u00e4\u00e4 kulutusta VIP-muoviseoksen tapaan, mutta sen lis\u00e4ksi siihen on pyritty saamaan VIP-muovia parempi pito lis\u00e4\u00e4m\u00e4ll\u00e4 seokseen grippi\u00e4 parantavaa ainesosaa.<\/p>\n<p>Stampin v\u00e4ri saattaa vaihdella.<\/p>","protected":false},"excerpt":{"rendered":"<p>Westside Discs Tournament Orbit Sampo &#8211; Kalevala Celebration<\/p>\n<p>Lentoarvot: 10 4 -1 2<\/p>\n<p>Kalevala Celebration Sampo on Westside discin kunnianosoitus Suomen syv\u00e4\u00e4n juurtuneelle tarninankerronnalle frisbeegolfin silmin. Myyttinen Sampo kuvaa vaurautta ja yhten\u00e4isyytt\u00e4 Kalevalassa ja syntt\u00e4reit\u00e4 onkin kuvassa saavuttu sankoin joukoin juhlistamaan. T\u00e4m\u00e4 erikoispainos on julkaistu alunperin Kalevalan p\u00e4iv\u00e4n\u00e4 28.helmikuuta.<\/p>\n<p>Sampo-kiekko omaa neutraalin lennon ja hyv\u00e4n liidon. Se soveltuu erityisen hyvin kontrolloituihin pitkiin, suoriin ja mataliin heittoihin.<\/p>\n<p>Orbit on valmistustapa, jolla kiekkoihin saadaan kahta v\u00e4ri\u00e4 \/ v\u00e4ris\u00e4vy\u00e4.<\/p>\n<p>Tournament-muovi kest\u00e4\u00e4 kulutusta VIP-muoviseoksen tapaan, mutta sen lis\u00e4ksi siihen on pyritty saamaan VIP-muovia parempi pito lis\u00e4\u00e4m\u00e4ll\u00e4 seokseen grippi\u00e4 parantavaa ainesosaa.<\/p>\n<p>Stampin v\u00e4ri saattaa vaihdella.<\/p>","protected":false},"featured_media":252786,"comment_status":"open","ping_status":"closed","template":"","meta":{"_acf_changed":false,"om_disable_all_campaigns":false,"_improvement_type_select":"improve_an_existing","_thumb_yes_seoaic":false,"_frame_yes_seoaic":false,"seoaic_generate_description":"","seoaic_improve_instructions_prompt":"","seoaic_rollback_content_improvement":"","seoaic_idea_thumbnail_generator":"","thumbnail_generated":false,"thumbnail_generate_prompt":"","seoaic_article_description":""},"product_brand":[4875],"product_cat":[1817,4065,678,73,2625,4339,1837],"product_tag":[555,1226,2521,2520],"class_list":{"0":"post-252784","1":"product","2":"type-product","3":"status-publish","4":"has-post-thumbnail","6":"product_brand-westside-discs","7":"product_cat-uudet-kiekot","8":"product_cat-special","9":"product_cat-spessut","10":"product_cat-uutuudet","11":"product_cat-valmistajat","12":"product_cat-westside-discs","13":"product_cat-westside-discs-new-uudet-frisbeegolfkiekot-2","14":"product_tag-driver","15":"product_tag-fairway","16":"product_tag-straight","17":"product_tag-suora","18":"pa_feidi-287","19":"pa_liito-273","20":"pa_nopeus-264","21":"pa_paino-324","22":"pa_vakaus-281","23":"pa_valmistajat-westside-discs","24":"pa_vari-pinkki-sininen","26":"first","27":"instock","28":"taxable","29":"shipping-taxable","30":"purchasable","31":"product-type-variable"},"acf":[],"_links":{"self":[{"href":"https:\/\/topdisc.fi\/sv\/wp-json\/wp\/v2\/product\/252784","targetHints":{"allow":["GET"]}}],"collection":[{"href":"https:\/\/topdisc.fi\/sv\/wp-json\/wp\/v2\/product"}],"about":[{"href":"https:\/\/topdisc.fi\/sv\/wp-json\/wp\/v2\/types\/product"}],"replies":[{"embeddable":true,"href":"https:\/\/topdisc.fi\/sv\/wp-json\/wp\/v2\/comments?post=252784"}],"version-history":[{"count":1,"href":"https:\/\/topdisc.fi\/sv\/wp-json\/wp\/v2\/product\/252784\/revisions"}],"predecessor-version":[{"id":267735,"href":"https:\/\/topdisc.fi\/sv\/wp-json\/wp\/v2\/product\/252784\/revisions\/267735"}],"wp:featuredmedia":[{"embeddable":true,"href":"https:\/\/topdisc.fi\/sv\/wp-json\/wp\/v2\/media\/252786"}],"wp:attachment":[{"href":"https:\/\/topdisc.fi\/sv\/wp-json\/wp\/v2\/media?parent=252784"}],"wp:term":[{"taxonomy":"product_brand","embeddable":true,"href":"https:\/\/topdisc.fi\/sv\/wp-json\/wp\/v2\/product_brand?post=252784"},{"taxonomy":"product_cat","embeddable":true,"href":"https:\/\/topdisc.fi\/sv\/wp-json\/wp\/v2\/product_cat?post=252784"},{"taxonomy":"product_tag","embeddable":true,"href":"https:\/\/topdisc.fi\/sv\/wp-json\/wp\/v2\/product_tag?post=252784"}],"curies":[{"name":"wp","href":"https:\/\/api.w.org\/{rel}","templated":true}]}}