{"id":252801,"date":"2025-07-19T13:30:03","date_gmt":"2025-07-19T10:30:03","guid":{"rendered":"https:\/\/topdisc.fi\/?post_type=product&#038;p=252801"},"modified":"2026-03-09T15:15:42","modified_gmt":"2026-03-09T13:15:42","slug":"westside-discs-vip-maiden","status":"publish","type":"product","link":"https:\/\/topdisc.fi\/sv\/produkt\/westside-discs-vip-maiden\/","title":{"rendered":"Westside Discs VIP Maiden"},"content":{"rendered":"<p>Westside Discs VIP Maiden<\/p>\n<p>Flygv\u00e4rden: 3 4 0 1<\/p>\n<p>Maiden on suoralentoinen ja matalareunainen putteri, joka soveltuu t\u00e4ydellisesti l\u00e4hestymisiin ja minimaalista feidi\u00e4 vaativiin suoriin liid\u00e4ttelyihin.<\/p>\n<p>VIP-muovissa yhdistyy hyv\u00e4 kulutuksenkesto sek\u00e4 selke\u00e4 ulkon\u00e4k\u00f6. VIP-muovi on l\u00e4pin\u00e4kyv\u00e4\u00e4 muoviseosta, vaikka v\u00e4lill\u00e4 l\u00e4pin\u00e4kyvyyden aste vaihteleekin kiekkokohtaisesti. VIP-muovi vastaa ominaisuuksiltaan Latituden Opto-muovia<\/p>\n<p>Stampin v\u00e4ri saattaa vaihdella.<\/p>","protected":false},"excerpt":{"rendered":"<p>Westside Discs VIP Maiden<\/p>\n<p>Flygv\u00e4rden: 3 4 0 1<\/p>\n<p>Maiden on suoralentoinen ja matalareunainen putteri, joka soveltuu t\u00e4ydellisesti l\u00e4hestymisiin ja minimaalista feidi\u00e4 vaativiin suoriin liid\u00e4ttelyihin.<\/p>\n<p>VIP-muovissa yhdistyy hyv\u00e4 kulutuksenkesto sek\u00e4 selke\u00e4 ulkon\u00e4k\u00f6. VIP-muovi on l\u00e4pin\u00e4kyv\u00e4\u00e4 muoviseosta, vaikka v\u00e4lill\u00e4 l\u00e4pin\u00e4kyvyyden aste vaihteleekin kiekkokohtaisesti. VIP-muovi vastaa ominaisuuksiltaan Latituden Opto-muovia<\/p>\n<p>Stampin v\u00e4ri saattaa vaihdella.<\/p>","protected":false},"featured_media":252803,"comment_status":"open","ping_status":"closed","template":"","meta":{"_acf_changed":false,"om_disable_all_campaigns":false,"_improvement_type_select":"improve_an_existing","_thumb_yes_seoaic":false,"_frame_yes_seoaic":false,"seoaic_generate_description":"","seoaic_improve_instructions_prompt":"","seoaic_rollback_content_improvement":"","seoaic_idea_thumbnail_generator":"","thumbnail_generated":false,"thumbnail_generate_prompt":"","seoaic_article_description":""},"product_brand":[4875],"product_cat":[1817,73,2625,4339,1837],"product_tag":[716,2521,2520],"class_list":{"0":"post-252801","1":"product","2":"type-product","3":"status-publish","4":"has-post-thumbnail","6":"product_brand-westside-discs","7":"product_cat-uudet-kiekot","8":"product_cat-uutuudet","9":"product_cat-valmistajat","10":"product_cat-westside-discs","11":"product_cat-westside-discs-new-uudet-frisbeegolfkiekot-2","12":"product_tag-putter","13":"product_tag-straight","14":"product_tag-suora","15":"pa_feidi-286","16":"pa_liito-273","17":"pa_nopeus-257","18":"pa_paino-325","19":"pa_vakaus-zero","20":"pa_valmistajat-westside-discs","21":"pa_vari-sininen","23":"first","24":"instock","25":"taxable","26":"shipping-taxable","27":"purchasable","28":"product-type-variable"},"acf":[],"_links":{"self":[{"href":"https:\/\/topdisc.fi\/sv\/wp-json\/wp\/v2\/product\/252801","targetHints":{"allow":["GET"]}}],"collection":[{"href":"https:\/\/topdisc.fi\/sv\/wp-json\/wp\/v2\/product"}],"about":[{"href":"https:\/\/topdisc.fi\/sv\/wp-json\/wp\/v2\/types\/product"}],"replies":[{"embeddable":true,"href":"https:\/\/topdisc.fi\/sv\/wp-json\/wp\/v2\/comments?post=252801"}],"version-history":[{"count":1,"href":"https:\/\/topdisc.fi\/sv\/wp-json\/wp\/v2\/product\/252801\/revisions"}],"predecessor-version":[{"id":267733,"href":"https:\/\/topdisc.fi\/sv\/wp-json\/wp\/v2\/product\/252801\/revisions\/267733"}],"wp:featuredmedia":[{"embeddable":true,"href":"https:\/\/topdisc.fi\/sv\/wp-json\/wp\/v2\/media\/252803"}],"wp:attachment":[{"href":"https:\/\/topdisc.fi\/sv\/wp-json\/wp\/v2\/media?parent=252801"}],"wp:term":[{"taxonomy":"product_brand","embeddable":true,"href":"https:\/\/topdisc.fi\/sv\/wp-json\/wp\/v2\/product_brand?post=252801"},{"taxonomy":"product_cat","embeddable":true,"href":"https:\/\/topdisc.fi\/sv\/wp-json\/wp\/v2\/product_cat?post=252801"},{"taxonomy":"product_tag","embeddable":true,"href":"https:\/\/topdisc.fi\/sv\/wp-json\/wp\/v2\/product_tag?post=252801"}],"curies":[{"name":"wp","href":"https:\/\/api.w.org\/{rel}","templated":true}]}}