{"id":252832,"date":"2025-07-21T13:13:51","date_gmt":"2025-07-21T10:13:51","guid":{"rendered":"https:\/\/topdisc.fi\/?post_type=product&#038;p=252832"},"modified":"2026-02-14T12:06:45","modified_gmt":"2026-02-14T10:06:45","slug":"latitude-64-zero-soft-pure","status":"publish","type":"product","link":"https:\/\/topdisc.fi\/sv\/produkt\/latitude-64-zero-soft-pure\/","title":{"rendered":"Latitude 64 Zero Soft Pure"},"content":{"rendered":"<p>Latitude 64 Zero Soft Pure<\/p>\n<p>Flygv\u00e4rden: 3 3 -1 1<\/p>\n<p>Pure on todella suoraan lent\u00e4v\u00e4 matala putteri, joka soveltuu hyvin my\u00f6s l\u00e4hestymisiin. Latitude 64:n kautta aikain suosituin putteri.<\/p>\n<p>Zero Soft -muovi on pehme\u00e4\u00e4 ja notkeaa muovia, josta saat hyv\u00e4n ja pit\u00e4v\u00e4n otteen ja tuntuman putteihin. Loistava pito s\u00e4ilyy my\u00f6s kosteassa ja kylm\u00e4ss\u00e4 keliss\u00e4.<\/p>\n<p>Stampin v\u00e4ri saattaa vaihdella.<\/p>","protected":false},"excerpt":{"rendered":"<p>Latitude 64 Zero Soft Pure<\/p>\n<p>Flygv\u00e4rden: 3 3 -1 1<\/p>\n<p>Pure on todella suoraan lent\u00e4v\u00e4 matala putteri, joka soveltuu hyvin my\u00f6s l\u00e4hestymisiin. Latitude 64:n kautta aikain suosituin putteri.<\/p>\n<p>Zero Soft -muovi on pehme\u00e4\u00e4 ja notkeaa muovia, josta saat hyv\u00e4n ja pit\u00e4v\u00e4n otteen ja tuntuman putteihin. Loistava pito s\u00e4ilyy my\u00f6s kosteassa ja kylm\u00e4ss\u00e4 keliss\u00e4.<\/p>\n<p>Stampin v\u00e4ri saattaa vaihdella.<\/p>","protected":false},"featured_media":252836,"comment_status":"open","ping_status":"closed","template":"","meta":{"_acf_changed":false,"om_disable_all_campaigns":false,"_improvement_type_select":"improve_an_existing","_thumb_yes_seoaic":false,"_frame_yes_seoaic":false,"seoaic_generate_description":"","seoaic_improve_instructions_prompt":"","seoaic_rollback_content_improvement":"","seoaic_idea_thumbnail_generator":"","thumbnail_generated":false,"thumbnail_generate_prompt":"","seoaic_article_description":""},"product_brand":[],"product_cat":[1817,2626,1850,73,2625],"product_tag":[716,2521,2520],"class_list":{"0":"post-252832","1":"product","2":"type-product","3":"status-publish","4":"has-post-thumbnail","6":"product_cat-uudet-kiekot","7":"product_cat-latitude-64","8":"product_cat-uudet-latitude-64-kiekot","9":"product_cat-uutuudet","10":"product_cat-valmistajat","11":"product_tag-putter","12":"product_tag-straight","13":"product_tag-suora","14":"pa_feidi-286","15":"pa_liito-272","16":"pa_nopeus-257","17":"pa_paino-325","18":"pa_paino-331","19":"pa_vakaus-281","20":"pa_valmistajat-latitude-64","21":"pa_vari-pinkki","22":"pa_vari-valkoinen","24":"first","25":"instock","26":"taxable","27":"shipping-taxable","28":"purchasable","29":"product-type-variable"},"acf":[],"_links":{"self":[{"href":"https:\/\/topdisc.fi\/sv\/wp-json\/wp\/v2\/product\/252832","targetHints":{"allow":["GET"]}}],"collection":[{"href":"https:\/\/topdisc.fi\/sv\/wp-json\/wp\/v2\/product"}],"about":[{"href":"https:\/\/topdisc.fi\/sv\/wp-json\/wp\/v2\/types\/product"}],"replies":[{"embeddable":true,"href":"https:\/\/topdisc.fi\/sv\/wp-json\/wp\/v2\/comments?post=252832"}],"version-history":[{"count":1,"href":"https:\/\/topdisc.fi\/sv\/wp-json\/wp\/v2\/product\/252832\/revisions"}],"predecessor-version":[{"id":266276,"href":"https:\/\/topdisc.fi\/sv\/wp-json\/wp\/v2\/product\/252832\/revisions\/266276"}],"wp:featuredmedia":[{"embeddable":true,"href":"https:\/\/topdisc.fi\/sv\/wp-json\/wp\/v2\/media\/252836"}],"wp:attachment":[{"href":"https:\/\/topdisc.fi\/sv\/wp-json\/wp\/v2\/media?parent=252832"}],"wp:term":[{"taxonomy":"product_brand","embeddable":true,"href":"https:\/\/topdisc.fi\/sv\/wp-json\/wp\/v2\/product_brand?post=252832"},{"taxonomy":"product_cat","embeddable":true,"href":"https:\/\/topdisc.fi\/sv\/wp-json\/wp\/v2\/product_cat?post=252832"},{"taxonomy":"product_tag","embeddable":true,"href":"https:\/\/topdisc.fi\/sv\/wp-json\/wp\/v2\/product_tag?post=252832"}],"curies":[{"name":"wp","href":"https:\/\/api.w.org\/{rel}","templated":true}]}}