{"id":252847,"date":"2025-07-21T14:13:29","date_gmt":"2025-07-21T11:13:29","guid":{"rendered":"https:\/\/topdisc.fi\/?post_type=product&#038;p=252847"},"modified":"2026-02-14T12:23:16","modified_gmt":"2026-02-14T10:23:16","slug":"latitude-64-recycled-diamond","status":"publish","type":"product","link":"https:\/\/topdisc.fi\/sv\/produkt\/latitude-64-recycled-diamond\/","title":{"rendered":"Latitude 64 Recycled Diamond"},"content":{"rendered":"<p>Latitude 64 Recycled Diamond<\/p>\n<p>Flygv\u00e4rden: 8 6 -3 1<\/p>\n<p>Diamond on erityisesti aloittejioille sopiva alivakaa fairwaydraiveri. Erinomainen liito ja alivakaus tarjoaa helppoheittoisia metrej\u00e4 vasta-alkajille, sek\u00e4 lapsille.<\/p>\n<div class=\"collapse-section\">\n<div id=\"product-plastic-collapser\" class=\"collapse-data collapse show\" data-parent=\"#product-info-collapsers\">\n<p>Recycled-muovi on sekoitus Opto- ja Gold -muoveista. Recycled-muovi on tehtaan prosessissa kierr\u00e4tetty\u00e4 muovia, joka on ominaisuuksiltaan hyvin l\u00e4hell\u00e4 Gold-muovia. Mukavan nahkeapintainen muoviseos, josta saa helposti pit\u00e4v\u00e4n otteen. Recycled-muovisissa kiekoissa voi olla pient\u00e4 kosmeettista ep\u00e4tasaisuutta, joka ei kuitenkaan vaikuta kiekon lento-ominaisuuksiin.<\/p>\n<\/div>\n<\/div>\n<p>Stampin v\u00e4ri saattaa vaihdella.<\/p>","protected":false},"excerpt":{"rendered":"<p>Latitude 64 Recycled Diamond<\/p>\n<p>Flygv\u00e4rden: 8 6 -3 1<\/p>\n<p>Diamond on erityisesti aloittejioille sopiva alivakaa fairwaydraiveri. Erinomainen liito ja alivakaus tarjoaa helppoheittoisia metrej\u00e4 vasta-alkajille, sek\u00e4 lapsille.<\/p>\n<div class=\"collapse-section\">\n<div id=\"product-plastic-collapser\" class=\"collapse-data collapse show\" data-parent=\"#product-info-collapsers\">\n<p>Recycled-muovi on sekoitus Opto- ja Gold -muoveista. Recycled-muovi on tehtaan prosessissa kierr\u00e4tetty\u00e4 muovia, joka on ominaisuuksiltaan hyvin l\u00e4hell\u00e4 Gold-muovia. Mukavan nahkeapintainen muoviseos, josta saa helposti pit\u00e4v\u00e4n otteen. Recycled-muovisissa kiekoissa voi olla pient\u00e4 kosmeettista ep\u00e4tasaisuutta, joka ei kuitenkaan vaikuta kiekon lento-ominaisuuksiin.<\/p>\n<\/div>\n<\/div>\n<p>Stampin v\u00e4ri saattaa vaihdella.<\/p>","protected":false},"featured_media":252851,"comment_status":"open","ping_status":"closed","template":"","meta":{"_acf_changed":false,"om_disable_all_campaigns":false,"_improvement_type_select":"improve_an_existing","_thumb_yes_seoaic":false,"_frame_yes_seoaic":false,"seoaic_generate_description":"","seoaic_improve_instructions_prompt":"","seoaic_rollback_content_improvement":"","seoaic_idea_thumbnail_generator":"","thumbnail_generated":false,"thumbnail_generate_prompt":"","seoaic_article_description":""},"product_brand":[],"product_cat":[1817,2626,1850,73,2625],"product_tag":[2708,1226,3352],"class_list":{"0":"post-252847","1":"product","2":"type-product","3":"status-publish","4":"has-post-thumbnail","6":"product_cat-uudet-kiekot","7":"product_cat-latitude-64","8":"product_cat-uudet-latitude-64-kiekot","9":"product_cat-uutuudet","10":"product_cat-valmistajat","11":"product_tag-aloittelija","12":"product_tag-fairway","13":"product_tag-understable","14":"pa_feidi-286","15":"pa_liito-275","16":"pa_nopeus-262","17":"pa_paino-310","18":"pa_vakaus-279","19":"pa_valmistajat-latitude-64","20":"pa_vari-sininen","22":"first","23":"outofstock","24":"taxable","25":"shipping-taxable","26":"purchasable","27":"product-type-variable"},"acf":[],"_links":{"self":[{"href":"https:\/\/topdisc.fi\/sv\/wp-json\/wp\/v2\/product\/252847","targetHints":{"allow":["GET"]}}],"collection":[{"href":"https:\/\/topdisc.fi\/sv\/wp-json\/wp\/v2\/product"}],"about":[{"href":"https:\/\/topdisc.fi\/sv\/wp-json\/wp\/v2\/types\/product"}],"replies":[{"embeddable":true,"href":"https:\/\/topdisc.fi\/sv\/wp-json\/wp\/v2\/comments?post=252847"}],"version-history":[{"count":1,"href":"https:\/\/topdisc.fi\/sv\/wp-json\/wp\/v2\/product\/252847\/revisions"}],"predecessor-version":[{"id":266277,"href":"https:\/\/topdisc.fi\/sv\/wp-json\/wp\/v2\/product\/252847\/revisions\/266277"}],"wp:featuredmedia":[{"embeddable":true,"href":"https:\/\/topdisc.fi\/sv\/wp-json\/wp\/v2\/media\/252851"}],"wp:attachment":[{"href":"https:\/\/topdisc.fi\/sv\/wp-json\/wp\/v2\/media?parent=252847"}],"wp:term":[{"taxonomy":"product_brand","embeddable":true,"href":"https:\/\/topdisc.fi\/sv\/wp-json\/wp\/v2\/product_brand?post=252847"},{"taxonomy":"product_cat","embeddable":true,"href":"https:\/\/topdisc.fi\/sv\/wp-json\/wp\/v2\/product_cat?post=252847"},{"taxonomy":"product_tag","embeddable":true,"href":"https:\/\/topdisc.fi\/sv\/wp-json\/wp\/v2\/product_tag?post=252847"}],"curies":[{"name":"wp","href":"https:\/\/api.w.org\/{rel}","templated":true}]}}