{"id":252874,"date":"2025-07-21T16:31:46","date_gmt":"2025-07-21T13:31:46","guid":{"rendered":"https:\/\/topdisc.fi\/?post_type=product&#038;p=252874"},"modified":"2026-03-09T15:57:29","modified_gmt":"2026-03-09T13:57:29","slug":"dynamic-discs-classic-soft-justice","status":"publish","type":"product","link":"https:\/\/topdisc.fi\/sv\/produkt\/dynamic-discs-classic-soft-justice\/","title":{"rendered":"Dynamic Discs Classic Soft Justice"},"content":{"rendered":"<p>Dynamic Discs Classic Soft Justice<\/p>\n<p>Flygv\u00e4rden: 5 1 0,5 4<\/p>\n<p>Emporian ja Kaatiksen huipun tuulet kest\u00e4m\u00e4\u00e4n suunniteltu Justice tarjoaa takuuvarmaa ylivakautta tilanteeseen kuin tilanteeseen. Kuluessaan Softi Justiinasta tulee henkil\u00f6kunnan kokemuksen mukaan entist\u00e4 liidottomampi, luottamus siis vain kasvaa mit\u00e4 enemm\u00e4n pitkin metsi\u00e4 kolistelee menem\u00e4\u00e4n.<\/p>\n<div class=\"collapse-section\">\n<div id=\"product-plastic-collapser\" class=\"collapse-data collapse show\" data-parent=\"#product-info-collapsers\">\n<p>Classic Soft -muovi on pehme\u00e4\u00e4 ja notkeaa muovia, jolla saat hyv\u00e4n gripin ja tuntuman puttereihin ja midareihin.<\/p>\n<\/div>\n<\/div>\n<p>Stampin v\u00e4ri saattaa vaihdella.<\/p>","protected":false},"excerpt":{"rendered":"<p>Dynamic Discs Classic Soft Justice<\/p>\n<p>Flygv\u00e4rden: 5 1 0,5 4<\/p>\n<p>Emporian ja Kaatiksen huipun tuulet kest\u00e4m\u00e4\u00e4n suunniteltu Justice tarjoaa takuuvarmaa ylivakautta tilanteeseen kuin tilanteeseen. Kuluessaan Softi Justiinasta tulee henkil\u00f6kunnan kokemuksen mukaan entist\u00e4 liidottomampi, luottamus siis vain kasvaa mit\u00e4 enemm\u00e4n pitkin metsi\u00e4 kolistelee menem\u00e4\u00e4n.<\/p>\n<div class=\"collapse-section\">\n<div id=\"product-plastic-collapser\" class=\"collapse-data collapse show\" data-parent=\"#product-info-collapsers\">\n<p>Classic Soft -muovi on pehme\u00e4\u00e4 ja notkeaa muovia, jolla saat hyv\u00e4n gripin ja tuntuman puttereihin ja midareihin.<\/p>\n<\/div>\n<\/div>\n<p>Stampin v\u00e4ri saattaa vaihdella.<\/p>","protected":false},"featured_media":252876,"comment_status":"open","ping_status":"closed","template":"","meta":{"_acf_changed":false,"om_disable_all_campaigns":false,"_improvement_type_select":"improve_an_existing","_thumb_yes_seoaic":false,"_frame_yes_seoaic":false,"seoaic_generate_description":"","seoaic_improve_instructions_prompt":"","seoaic_rollback_content_improvement":"","seoaic_idea_thumbnail_generator":"","thumbnail_generated":false,"thumbnail_generate_prompt":"","seoaic_article_description":""},"product_brand":[4866],"product_cat":[1817,3323,1820,73,2625],"product_tag":[3002,566,839,1264,569],"class_list":{"0":"post-252874","1":"product","2":"type-product","3":"status-publish","4":"has-post-thumbnail","6":"product_brand-dynamic-discs","7":"product_cat-uudet-kiekot","8":"product_cat-dynamic-discs","9":"product_cat-dynamic-discs-uusi-uudet-frisbeegolfkiekot-2","10":"product_cat-uutuudet","11":"product_cat-valmistajat","12":"product_tag-lahestymis","13":"product_tag-midari","14":"product_tag-midrange","15":"product_tag-overstable","16":"product_tag-ylivakaa","17":"pa_feidi-289","18":"pa_liito-270","19":"pa_nopeus-259","20":"pa_paino-324","21":"pa_vakaus-0-5-2","22":"pa_valmistajat-dynamic-discs","23":"pa_vari-keltainen","25":"first","26":"instock","27":"taxable","28":"shipping-taxable","29":"purchasable","30":"product-type-variable"},"acf":[],"_links":{"self":[{"href":"https:\/\/topdisc.fi\/sv\/wp-json\/wp\/v2\/product\/252874","targetHints":{"allow":["GET"]}}],"collection":[{"href":"https:\/\/topdisc.fi\/sv\/wp-json\/wp\/v2\/product"}],"about":[{"href":"https:\/\/topdisc.fi\/sv\/wp-json\/wp\/v2\/types\/product"}],"replies":[{"embeddable":true,"href":"https:\/\/topdisc.fi\/sv\/wp-json\/wp\/v2\/comments?post=252874"}],"version-history":[{"count":1,"href":"https:\/\/topdisc.fi\/sv\/wp-json\/wp\/v2\/product\/252874\/revisions"}],"predecessor-version":[{"id":267825,"href":"https:\/\/topdisc.fi\/sv\/wp-json\/wp\/v2\/product\/252874\/revisions\/267825"}],"wp:featuredmedia":[{"embeddable":true,"href":"https:\/\/topdisc.fi\/sv\/wp-json\/wp\/v2\/media\/252876"}],"wp:attachment":[{"href":"https:\/\/topdisc.fi\/sv\/wp-json\/wp\/v2\/media?parent=252874"}],"wp:term":[{"taxonomy":"product_brand","embeddable":true,"href":"https:\/\/topdisc.fi\/sv\/wp-json\/wp\/v2\/product_brand?post=252874"},{"taxonomy":"product_cat","embeddable":true,"href":"https:\/\/topdisc.fi\/sv\/wp-json\/wp\/v2\/product_cat?post=252874"},{"taxonomy":"product_tag","embeddable":true,"href":"https:\/\/topdisc.fi\/sv\/wp-json\/wp\/v2\/product_tag?post=252874"}],"curies":[{"name":"wp","href":"https:\/\/api.w.org\/{rel}","templated":true}]}}