{"id":253862,"date":"2025-08-04T14:29:10","date_gmt":"2025-08-04T11:29:10","guid":{"rendered":"https:\/\/topdisc.fi\/?post_type=product&#038;p=253862"},"modified":"2026-01-21T17:05:44","modified_gmt":"2026-01-21T15:05:44","slug":"axiom-discs-neutron-balance-simon-line","status":"publish","type":"product","link":"https:\/\/topdisc.fi\/sv\/produkt\/axiom-discs-neutron-balance-simon-line\/","title":{"rendered":"Axiom Discs Neutron Balance Simon Line"},"content":{"rendered":"<p>Axiom Discs Neutron Balance Simon Line<\/p>\n<p>Flygv\u00e4rden: 5 5 0 2<\/p>\n<p>Balance t\u00e4ydent\u00e4\u00e4 Simon Line-malliston Reactorin ja Pyron v\u00e4liin istuvalla vakaalla midarilla. Balancea voi ajatella Axiomin Hex:in ylivakaana serkkuna, joka kest\u00e4\u00e4 kovempaakin vetoa.<\/p>\n<p>Suurilla l\u00e4ht\u00f6nopeuksilla Balancen lento on suora ja loppuveidi luotettava eteenp\u00e4in puskeva. Hitaammille k\u00e4sille Balance toimii varmana ylivakaana midarina tuleen ja hallittuihin l\u00e4hestymisiin.<\/p>\n<p>&nbsp;<\/p>\n<p>Neutron on Axiom Discsin muoviseos, joka antaa kiekolle upean ulkon\u00e4\u00f6n lis\u00e4ksi hyv\u00e4n heittotuntuman s\u00e4\u00e4ss\u00e4 kuin s\u00e4\u00e4ss\u00e4.<\/p>\n<p>Kiekon v\u00e4ri\u00e4 valitessa ensimm\u00e4inen v\u00e4ri on kannen ja toinen reunan v\u00e4ri.<\/p>\n<p>Stampin v\u00e4ri saattaa vaihdella.<\/p>","protected":false},"excerpt":{"rendered":"<p>Axiom Discs Neutron Balance Simon Line<\/p>\n<p>Flygv\u00e4rden: 5 5 0 2<\/p>\n<p>Balance t\u00e4ydent\u00e4\u00e4 Simon Line-malliston Reactorin ja Pyron v\u00e4liin istuvalla vakaalla midarilla. Balancea voi ajatella Axiomin Hex:in ylivakaana serkkuna, joka kest\u00e4\u00e4 kovempaakin vetoa.<\/p>\n<p>Suurilla l\u00e4ht\u00f6nopeuksilla Balancen lento on suora ja loppuveidi luotettava eteenp\u00e4in puskeva. Hitaammille k\u00e4sille Balance toimii varmana ylivakaana midarina tuleen ja hallittuihin l\u00e4hestymisiin.<\/p>\n<p>&nbsp;<\/p>\n<p>Neutron on Axiom Discsin muoviseos, joka antaa kiekolle upean ulkon\u00e4\u00f6n lis\u00e4ksi hyv\u00e4n heittotuntuman s\u00e4\u00e4ss\u00e4 kuin s\u00e4\u00e4ss\u00e4.<\/p>\n<p>Kiekon v\u00e4ri\u00e4 valitessa ensimm\u00e4inen v\u00e4ri on kannen ja toinen reunan v\u00e4ri.<\/p>\n<p>Stampin v\u00e4ri saattaa vaihdella.<\/p>","protected":false},"featured_media":253867,"comment_status":"open","ping_status":"closed","template":"","meta":{"_acf_changed":false,"om_disable_all_campaigns":false,"_improvement_type_select":"improve_an_existing","_thumb_yes_seoaic":false,"_frame_yes_seoaic":false,"seoaic_generate_description":"","seoaic_improve_instructions_prompt":"","seoaic_rollback_content_improvement":"","seoaic_idea_thumbnail_generator":"","thumbnail_generated":false,"thumbnail_generate_prompt":"","seoaic_article_description":""},"product_brand":[4864],"product_cat":[1817,1897,1898,4630,2621,369,678,73,2625],"product_tag":[3011,1944],"class_list":{"0":"post-253862","1":"product","2":"type-product","3":"status-publish","4":"has-post-thumbnail","6":"product_brand-axiom-discs","7":"product_cat-uudet-kiekot","8":"product_cat-mvp-kaikki-kiekot","9":"product_cat-mvp-uudet-kiekot","10":"product_cat-restock-lokakuu-2025","11":"product_cat-restockit","12":"product_cat-signature-kiekot","13":"product_cat-spessut","14":"product_cat-uutuudet","15":"product_cat-valmistajat","16":"product_tag-stable","17":"product_tag-vakaa","18":"pa_feidi-287","19":"pa_liito-274","20":"pa_nopeus-259","21":"pa_paino-331","22":"pa_paino-332","23":"pa_vakaus-zero","24":"pa_valmistajat-axiom-discs","25":"pa_vari-keltainen-sininen","26":"pa_vari-oranssi-sininen","27":"pa_vari-sininen-punainen","28":"pa_vari-turkoosi-minttu","29":"pa_vari-vihrea-keltainen","30":"pa_vari-violetti-sininen","32":"first","33":"instock","34":"taxable","35":"shipping-taxable","36":"purchasable","37":"product-type-variable"},"acf":[],"_links":{"self":[{"href":"https:\/\/topdisc.fi\/sv\/wp-json\/wp\/v2\/product\/253862","targetHints":{"allow":["GET"]}}],"collection":[{"href":"https:\/\/topdisc.fi\/sv\/wp-json\/wp\/v2\/product"}],"about":[{"href":"https:\/\/topdisc.fi\/sv\/wp-json\/wp\/v2\/types\/product"}],"replies":[{"embeddable":true,"href":"https:\/\/topdisc.fi\/sv\/wp-json\/wp\/v2\/comments?post=253862"}],"version-history":[{"count":1,"href":"https:\/\/topdisc.fi\/sv\/wp-json\/wp\/v2\/product\/253862\/revisions"}],"predecessor-version":[{"id":261553,"href":"https:\/\/topdisc.fi\/sv\/wp-json\/wp\/v2\/product\/253862\/revisions\/261553"}],"wp:featuredmedia":[{"embeddable":true,"href":"https:\/\/topdisc.fi\/sv\/wp-json\/wp\/v2\/media\/253867"}],"wp:attachment":[{"href":"https:\/\/topdisc.fi\/sv\/wp-json\/wp\/v2\/media?parent=253862"}],"wp:term":[{"taxonomy":"product_brand","embeddable":true,"href":"https:\/\/topdisc.fi\/sv\/wp-json\/wp\/v2\/product_brand?post=253862"},{"taxonomy":"product_cat","embeddable":true,"href":"https:\/\/topdisc.fi\/sv\/wp-json\/wp\/v2\/product_cat?post=253862"},{"taxonomy":"product_tag","embeddable":true,"href":"https:\/\/topdisc.fi\/sv\/wp-json\/wp\/v2\/product_tag?post=253862"}],"curies":[{"name":"wp","href":"https:\/\/api.w.org\/{rel}","templated":true}]}}