{"id":253909,"date":"2025-08-06T15:42:25","date_gmt":"2025-08-06T12:42:25","guid":{"rendered":"https:\/\/topdisc.fi\/?post_type=product&#038;p=253909"},"modified":"2026-01-21T17:05:43","modified_gmt":"2026-01-21T15:05:43","slug":"axiom-discs-plasma-envy-2","status":"publish","type":"product","link":"https:\/\/topdisc.fi\/sv\/produkt\/axiom-discs-plasma-envy-2\/","title":{"rendered":"Axiom Discs Plasma Envy"},"content":{"rendered":"<p>Axiom Discs Plasma Envy<\/p>\n<p>Flygv\u00e4rden: 3 3 0 2<\/p>\n<p>Envy on vakaahko heittoputteri, joka kuluessaan muotoutuu todella suoralentoiseksi. Pakasta vedettyn\u00e4 omaa ennustettavan feidin lennon loppuun ja toimii siten hyvin my\u00f6s avauksissa, sek\u00e4 l\u00e4hestymisiss\u00e4.<\/p>\n<p>Plasma on MVP Discs Sportsin eritt\u00e4in hyvin kulutusta kest\u00e4v\u00e4 v\u00e4ris\u00e4vylt\u00e4\u00e4n metallinen muoviseos. Plasma-muoviset kiekot ovat pehme\u00e4mpi\u00e4 ja useasti hieman domekkaampia Neutron-muovisiin verrattuna. Pelaajat ovatkin tyk\u00e4styneet Plasma-muovisten kiekkojen pidemp\u00e4\u00e4n liitoon ja parempaan grippiin.<\/p>\n<p>Plasma -muovilla valmistetuissa kiekoissa voi olla useampaa v\u00e4ri\u00e4 tai v\u00e4ris\u00e4vy\u00e4, tai sitten ne voi olla yksiv\u00e4risi\u00e4. V\u00e4ris\u00e4vyt, kuvion voimakkuus, kuvion muoto ja st\u00e4mpin v\u00e4ri vaihtelee.<\/p>\n<p>Kiekon v\u00e4ri\u00e4 valitessa ensimm\u00e4inen v\u00e4ri on kannen ja toinen reunan v\u00e4ri.<\/p>\n<p>Stampin v\u00e4ri saattaa vaihdella.<\/p>","protected":false},"excerpt":{"rendered":"<p>Axiom Discs Plasma Envy<\/p>\n<p>Flygv\u00e4rden: 3 3 0 2<\/p>\n<p>Envy on vakaahko heittoputteri, joka kuluessaan muotoutuu todella suoralentoiseksi. Pakasta vedettyn\u00e4 omaa ennustettavan feidin lennon loppuun ja toimii siten hyvin my\u00f6s avauksissa, sek\u00e4 l\u00e4hestymisiss\u00e4.<\/p>\n<p>Plasma on MVP Discs Sportsin eritt\u00e4in hyvin kulutusta kest\u00e4v\u00e4 v\u00e4ris\u00e4vylt\u00e4\u00e4n metallinen muoviseos. Plasma-muoviset kiekot ovat pehme\u00e4mpi\u00e4 ja useasti hieman domekkaampia Neutron-muovisiin verrattuna. Pelaajat ovatkin tyk\u00e4styneet Plasma-muovisten kiekkojen pidemp\u00e4\u00e4n liitoon ja parempaan grippiin.<\/p>\n<p>Plasma -muovilla valmistetuissa kiekoissa voi olla useampaa v\u00e4ri\u00e4 tai v\u00e4ris\u00e4vy\u00e4, tai sitten ne voi olla yksiv\u00e4risi\u00e4. V\u00e4ris\u00e4vyt, kuvion voimakkuus, kuvion muoto ja st\u00e4mpin v\u00e4ri vaihtelee.<\/p>\n<p>Kiekon v\u00e4ri\u00e4 valitessa ensimm\u00e4inen v\u00e4ri on kannen ja toinen reunan v\u00e4ri.<\/p>\n<p>Stampin v\u00e4ri saattaa vaihdella.<\/p>","protected":false},"featured_media":253889,"comment_status":"open","ping_status":"closed","template":"","meta":{"_acf_changed":false,"om_disable_all_campaigns":false,"_improvement_type_select":"improve_an_existing","_thumb_yes_seoaic":false,"_frame_yes_seoaic":false,"seoaic_generate_description":"","seoaic_improve_instructions_prompt":"","seoaic_rollback_content_improvement":"","seoaic_idea_thumbnail_generator":"","thumbnail_generated":false,"thumbnail_generate_prompt":"","seoaic_article_description":""},"product_brand":[4864],"product_cat":[1817,1897,1898,4630,2621,73,2625],"product_tag":[716,3011,1944],"class_list":{"0":"post-253909","1":"product","2":"type-product","3":"status-publish","4":"has-post-thumbnail","6":"product_brand-axiom-discs","7":"product_cat-uudet-kiekot","8":"product_cat-mvp-kaikki-kiekot","9":"product_cat-mvp-uudet-kiekot","10":"product_cat-restock-lokakuu-2025","11":"product_cat-restockit","12":"product_cat-uutuudet","13":"product_cat-valmistajat","14":"product_tag-putter","15":"product_tag-stable","16":"product_tag-vakaa","17":"pa_feidi-287","18":"pa_liito-272","19":"pa_nopeus-257","20":"pa_paino-322","21":"pa_vakaus-zero","22":"pa_valmistajat-axiom-discs","23":"pa_vari-valkoinen-oranssi","25":"first","26":"outofstock","27":"taxable","28":"shipping-taxable","29":"product-type-variable"},"acf":[],"_links":{"self":[{"href":"https:\/\/topdisc.fi\/sv\/wp-json\/wp\/v2\/product\/253909","targetHints":{"allow":["GET"]}}],"collection":[{"href":"https:\/\/topdisc.fi\/sv\/wp-json\/wp\/v2\/product"}],"about":[{"href":"https:\/\/topdisc.fi\/sv\/wp-json\/wp\/v2\/types\/product"}],"replies":[{"embeddable":true,"href":"https:\/\/topdisc.fi\/sv\/wp-json\/wp\/v2\/comments?post=253909"}],"version-history":[{"count":1,"href":"https:\/\/topdisc.fi\/sv\/wp-json\/wp\/v2\/product\/253909\/revisions"}],"predecessor-version":[{"id":261551,"href":"https:\/\/topdisc.fi\/sv\/wp-json\/wp\/v2\/product\/253909\/revisions\/261551"}],"wp:featuredmedia":[{"embeddable":true,"href":"https:\/\/topdisc.fi\/sv\/wp-json\/wp\/v2\/media\/253889"}],"wp:attachment":[{"href":"https:\/\/topdisc.fi\/sv\/wp-json\/wp\/v2\/media?parent=253909"}],"wp:term":[{"taxonomy":"product_brand","embeddable":true,"href":"https:\/\/topdisc.fi\/sv\/wp-json\/wp\/v2\/product_brand?post=253909"},{"taxonomy":"product_cat","embeddable":true,"href":"https:\/\/topdisc.fi\/sv\/wp-json\/wp\/v2\/product_cat?post=253909"},{"taxonomy":"product_tag","embeddable":true,"href":"https:\/\/topdisc.fi\/sv\/wp-json\/wp\/v2\/product_tag?post=253909"}],"curies":[{"name":"wp","href":"https:\/\/api.w.org\/{rel}","templated":true}]}}