{"id":253963,"date":"2025-08-11T17:08:55","date_gmt":"2025-08-11T14:08:55","guid":{"rendered":"https:\/\/topdisc.fi\/?post_type=product&#038;p=253963"},"modified":"2026-01-21T17:05:41","modified_gmt":"2026-01-21T15:05:41","slug":"axiom-discs-prism-proton-pyro-2","status":"publish","type":"product","link":"https:\/\/topdisc.fi\/sv\/produkt\/axiom-discs-prism-proton-pyro-2\/","title":{"rendered":"Axiom Discs Prism Proton Pyro"},"content":{"rendered":"<p>Axiom Discs Prism Proton Pyro<\/p>\n<p>Flygv\u00e4rden: 5 4 0 2,5<\/p>\n<p>Prism Pyro on kolmoisfoliopainatuksella, joka yhdess\u00e4 Proton-ytimen ja Prism-reunan kanssa luo upean kaksis\u00e4vyisen, l\u00e4pikuultavan kiekon.<\/p>\n<p><strong data-start=\"214\" data-end=\"235\" data-is-only-node=\"\">Pyro<\/strong> on suunniteltu Axiomin ensimm\u00e4iseksi ylivakaaksi midrange-kiekoksi, jolla on enemm\u00e4n liitoa kuin <strong data-start=\"333\" data-end=\"354\">MVP Deflectorilla<\/strong> silti varma loppufeidi. Pyrossa on riitt\u00e4v\u00e4sti vakautta pitkiin ja tarkkoihin heittoihin my\u00f6s kovassa tuulessa ja voimakkailla heitoilla, ilman ett\u00e4 kiekko karkaa linjaltaan tai k\u00e4\u00e4ntyy pois kohteesta.<\/p>\n<p>Olitpa sitten kilpapelaaja tai harrastaja, <strong data-start=\"772\" data-end=\"780\">Pyro<\/strong> tarjoaa varmuutta ja kontrollia joka heitolla&#8217; ja n\u00e4ytt\u00e4\u00e4 hyv\u00e4lt\u00e4 koko matkan ajan.<\/p>\n<p>Kiekon v\u00e4ri\u00e4 valitessa ensimm\u00e4inen v\u00e4ri on kannen ja toinen reunan v\u00e4ri.<\/p>\n<p>Stampin v\u00e4ri saattaa vaihdella.<\/p>","protected":false},"excerpt":{"rendered":"<p>Axiom Discs Prism Proton Pyro<\/p>\n<p>Flygv\u00e4rden: 5 4 0 2,5<\/p>\n<p>Prism Pyro on kolmoisfoliopainatuksella, joka yhdess\u00e4 Proton-ytimen ja Prism-reunan kanssa luo upean kaksis\u00e4vyisen, l\u00e4pikuultavan kiekon.<\/p>\n<p><strong data-start=\"214\" data-end=\"235\" data-is-only-node=\"\">Pyro<\/strong> on suunniteltu Axiomin ensimm\u00e4iseksi ylivakaaksi midrange-kiekoksi, jolla on enemm\u00e4n liitoa kuin <strong data-start=\"333\" data-end=\"354\">MVP Deflectorilla<\/strong> silti varma loppufeidi. Pyrossa on riitt\u00e4v\u00e4sti vakautta pitkiin ja tarkkoihin heittoihin my\u00f6s kovassa tuulessa ja voimakkailla heitoilla, ilman ett\u00e4 kiekko karkaa linjaltaan tai k\u00e4\u00e4ntyy pois kohteesta.<\/p>\n<p>Olitpa sitten kilpapelaaja tai harrastaja, <strong data-start=\"772\" data-end=\"780\">Pyro<\/strong> tarjoaa varmuutta ja kontrollia joka heitolla&#8217; ja n\u00e4ytt\u00e4\u00e4 hyv\u00e4lt\u00e4 koko matkan ajan.<\/p>\n<p>Kiekon v\u00e4ri\u00e4 valitessa ensimm\u00e4inen v\u00e4ri on kannen ja toinen reunan v\u00e4ri.<\/p>\n<p>Stampin v\u00e4ri saattaa vaihdella.<\/p>","protected":false},"featured_media":253966,"comment_status":"open","ping_status":"closed","template":"","meta":{"_acf_changed":false,"om_disable_all_campaigns":false,"_improvement_type_select":"improve_an_existing","_thumb_yes_seoaic":false,"_frame_yes_seoaic":false,"seoaic_generate_description":"","seoaic_improve_instructions_prompt":"","seoaic_rollback_content_improvement":"","seoaic_idea_thumbnail_generator":"","thumbnail_generated":false,"thumbnail_generate_prompt":"","seoaic_article_description":""},"product_brand":[4864],"product_cat":[1817,1897,1898,4630,2621,73,2625],"product_tag":[569],"class_list":{"0":"post-253963","1":"product","2":"type-product","3":"status-publish","4":"has-post-thumbnail","6":"product_brand-axiom-discs","7":"product_cat-uudet-kiekot","8":"product_cat-mvp-kaikki-kiekot","9":"product_cat-mvp-uudet-kiekot","10":"product_cat-restock-lokakuu-2025","11":"product_cat-restockit","12":"product_cat-uutuudet","13":"product_cat-valmistajat","14":"product_tag-ylivakaa","15":"pa_feidi-2-5","16":"pa_liito-273","17":"pa_nopeus-259","18":"pa_paino-331","19":"pa_paino-332","20":"pa_vakaus-zero","21":"pa_valmistajat-axiom-discs","22":"pa_vari-pinkki-sininen","23":"pa_vari-punainen","24":"pa_vari-vihrea","26":"first","27":"instock","28":"taxable","29":"shipping-taxable","30":"purchasable","31":"product-type-variable"},"acf":[],"_links":{"self":[{"href":"https:\/\/topdisc.fi\/sv\/wp-json\/wp\/v2\/product\/253963","targetHints":{"allow":["GET"]}}],"collection":[{"href":"https:\/\/topdisc.fi\/sv\/wp-json\/wp\/v2\/product"}],"about":[{"href":"https:\/\/topdisc.fi\/sv\/wp-json\/wp\/v2\/types\/product"}],"replies":[{"embeddable":true,"href":"https:\/\/topdisc.fi\/sv\/wp-json\/wp\/v2\/comments?post=253963"}],"version-history":[{"count":1,"href":"https:\/\/topdisc.fi\/sv\/wp-json\/wp\/v2\/product\/253963\/revisions"}],"predecessor-version":[{"id":261548,"href":"https:\/\/topdisc.fi\/sv\/wp-json\/wp\/v2\/product\/253963\/revisions\/261548"}],"wp:featuredmedia":[{"embeddable":true,"href":"https:\/\/topdisc.fi\/sv\/wp-json\/wp\/v2\/media\/253966"}],"wp:attachment":[{"href":"https:\/\/topdisc.fi\/sv\/wp-json\/wp\/v2\/media?parent=253963"}],"wp:term":[{"taxonomy":"product_brand","embeddable":true,"href":"https:\/\/topdisc.fi\/sv\/wp-json\/wp\/v2\/product_brand?post=253963"},{"taxonomy":"product_cat","embeddable":true,"href":"https:\/\/topdisc.fi\/sv\/wp-json\/wp\/v2\/product_cat?post=253963"},{"taxonomy":"product_tag","embeddable":true,"href":"https:\/\/topdisc.fi\/sv\/wp-json\/wp\/v2\/product_tag?post=253963"}],"curies":[{"name":"wp","href":"https:\/\/api.w.org\/{rel}","templated":true}]}}