{"id":253968,"date":"2025-08-11T17:15:30","date_gmt":"2025-08-11T14:15:30","guid":{"rendered":"https:\/\/topdisc.fi\/?post_type=product&#038;p=253968"},"modified":"2026-03-07T11:55:21","modified_gmt":"2026-03-07T09:55:21","slug":"axiom-discs-neutron-tempo","status":"publish","type":"product","link":"https:\/\/topdisc.fi\/sv\/produkt\/axiom-discs-neutron-tempo\/","title":{"rendered":"Axiom Discs Neutron Tempo"},"content":{"rendered":"<p>Axiom Discs Neutron Tempo<\/p>\n<p>Flygv\u00e4rden: 4 4 0 2,5<\/p>\n<p>Tempo on erinomainen ylivakaa putti- ja l\u00e4hestymiskiekko matalan profiilinsa ja tasaisen kannen ansiosta. Voimakkaammat heitt\u00e4j\u00e4t saattavat kokea pient\u00e4 ylik\u00e4\u00e4ntymist\u00e4 ennen kuin v\u00e4\u00e4nt\u00f6\u00e4 kest\u00e4v\u00e4 kiekon muoto ja luotettava loppufeidi ohjaavat kiekon eteenp\u00e4in vakaaseen lopetukseen. V\u00e4hemm\u00e4n voimaa k\u00e4ytt\u00e4v\u00e4t heitt\u00e4j\u00e4t puolestaan saavat suoraviivaisen, ylivakaan kiekon, joka sopii tuulisille p\u00e4iville ja johdonmukaisiin l\u00e4hestymiskulmiin. Ota selv\u00e4\u00e4, mist\u00e4 Tempossa on kyse, ja nappaa oma kiekko itsellesi!<\/p>\n<p>Kiekon v\u00e4ri\u00e4 valitessa ensimm\u00e4inen v\u00e4ri on kannen ja toinen reunan v\u00e4ri.<\/p>\n<p>Stampin v\u00e4ri saattaa vaihdella.<\/p>","protected":false},"excerpt":{"rendered":"<p>Axiom Discs Neutron Tempo<\/p>\n<p>Flygv\u00e4rden: 4 4 0 2,5<\/p>\n<p>Tempo on erinomainen ylivakaa putti- ja l\u00e4hestymiskiekko matalan profiilinsa ja tasaisen kannen ansiosta. Voimakkaammat heitt\u00e4j\u00e4t saattavat kokea pient\u00e4 ylik\u00e4\u00e4ntymist\u00e4 ennen kuin v\u00e4\u00e4nt\u00f6\u00e4 kest\u00e4v\u00e4 kiekon muoto ja luotettava loppufeidi ohjaavat kiekon eteenp\u00e4in vakaaseen lopetukseen. V\u00e4hemm\u00e4n voimaa k\u00e4ytt\u00e4v\u00e4t heitt\u00e4j\u00e4t puolestaan saavat suoraviivaisen, ylivakaan kiekon, joka sopii tuulisille p\u00e4iville ja johdonmukaisiin l\u00e4hestymiskulmiin. Ota selv\u00e4\u00e4, mist\u00e4 Tempossa on kyse, ja nappaa oma kiekko itsellesi!<\/p>\n<p>Kiekon v\u00e4ri\u00e4 valitessa ensimm\u00e4inen v\u00e4ri on kannen ja toinen reunan v\u00e4ri.<\/p>\n<p>Stampin v\u00e4ri saattaa vaihdella.<\/p>","protected":false},"featured_media":253971,"comment_status":"open","ping_status":"closed","template":"","meta":{"_acf_changed":false,"om_disable_all_campaigns":false,"_improvement_type_select":"improve_an_existing","_thumb_yes_seoaic":false,"_frame_yes_seoaic":false,"seoaic_generate_description":"","seoaic_improve_instructions_prompt":"","seoaic_rollback_content_improvement":"","seoaic_idea_thumbnail_generator":"","thumbnail_generated":false,"thumbnail_generate_prompt":"","seoaic_article_description":""},"product_brand":[4864],"product_cat":[1817,1897,1898,4630,2621,73,2625],"product_tag":[],"class_list":{"0":"post-253968","1":"product","2":"type-product","3":"status-publish","4":"has-post-thumbnail","6":"product_brand-axiom-discs","7":"product_cat-uudet-kiekot","8":"product_cat-mvp-kaikki-kiekot","9":"product_cat-mvp-uudet-kiekot","10":"product_cat-restock-lokakuu-2025","11":"product_cat-restockit","12":"product_cat-uutuudet","13":"product_cat-valmistajat","14":"pa_feidi-2-5","15":"pa_liito-273","16":"pa_nopeus-258","17":"pa_paino-323","18":"pa_paino-324","19":"pa_paino-326","20":"pa_vakaus-zero","21":"pa_valmistajat-axiom-discs","22":"pa_vari-oranssi-vihrea","23":"pa_vari-sininen-punainen","24":"pa_vari-vihrea-harmaa","25":"pa_vari-violetti-vihrea","27":"first","28":"instock","29":"taxable","30":"shipping-taxable","31":"purchasable","32":"product-type-variable"},"acf":[],"_links":{"self":[{"href":"https:\/\/topdisc.fi\/sv\/wp-json\/wp\/v2\/product\/253968","targetHints":{"allow":["GET"]}}],"collection":[{"href":"https:\/\/topdisc.fi\/sv\/wp-json\/wp\/v2\/product"}],"about":[{"href":"https:\/\/topdisc.fi\/sv\/wp-json\/wp\/v2\/types\/product"}],"replies":[{"embeddable":true,"href":"https:\/\/topdisc.fi\/sv\/wp-json\/wp\/v2\/comments?post=253968"}],"version-history":[{"count":2,"href":"https:\/\/topdisc.fi\/sv\/wp-json\/wp\/v2\/product\/253968\/revisions"}],"predecessor-version":[{"id":267448,"href":"https:\/\/topdisc.fi\/sv\/wp-json\/wp\/v2\/product\/253968\/revisions\/267448"}],"wp:featuredmedia":[{"embeddable":true,"href":"https:\/\/topdisc.fi\/sv\/wp-json\/wp\/v2\/media\/253971"}],"wp:attachment":[{"href":"https:\/\/topdisc.fi\/sv\/wp-json\/wp\/v2\/media?parent=253968"}],"wp:term":[{"taxonomy":"product_brand","embeddable":true,"href":"https:\/\/topdisc.fi\/sv\/wp-json\/wp\/v2\/product_brand?post=253968"},{"taxonomy":"product_cat","embeddable":true,"href":"https:\/\/topdisc.fi\/sv\/wp-json\/wp\/v2\/product_cat?post=253968"},{"taxonomy":"product_tag","embeddable":true,"href":"https:\/\/topdisc.fi\/sv\/wp-json\/wp\/v2\/product_tag?post=253968"}],"curies":[{"name":"wp","href":"https:\/\/api.w.org\/{rel}","templated":true}]}}