{"id":254008,"date":"2025-08-12T16:57:11","date_gmt":"2025-08-12T13:57:11","guid":{"rendered":"https:\/\/topdisc.fi\/?post_type=product&#038;p=254008"},"modified":"2026-01-21T17:05:40","modified_gmt":"2026-01-21T15:05:40","slug":"axiom-discs-fission-hex-2","status":"publish","type":"product","link":"https:\/\/topdisc.fi\/sv\/produkt\/axiom-discs-fission-hex-2\/","title":{"rendered":"Axiom Discs Fission Hex"},"content":{"rendered":"<p>Axiom Discs Fission Hex<\/p>\n<p>Flygv\u00e4rden: 5 5 -1 1<\/p>\n<p>Hex on todella suora ja ansaitsee paikkansa kenen tahansa b\u00e4giin monipuolisena ja luotettavan suorana midrange-kiekkona. Suurimmilla heittovoimilla Hex lent\u00e4\u00e4 tasaiselta hieman alivakaasti, mutta feidi 1 est\u00e4\u00e4 sit\u00e4 kippaamasta t\u00e4ysin yli. Pienemmill\u00e4 heittovoimilla kiekossa on riitt\u00e4v\u00e4sti ylik\u00e4\u00e4nt\u00f6\u00e4, jotta linjojen muotoilu on vaivatonta. Jos etsit kontrollia mets\u00e4radoille tai yleisk\u00e4ytt\u00f6ist\u00e4 linjojen muotoilijaa, Hex on midrange juuri sinulle.<\/p>\n<p>Kiekon v\u00e4ri\u00e4 valitessa ensimm\u00e4inen v\u00e4ri on kannen ja toinen reunan v\u00e4ri.<\/p>\n<p>Stampin v\u00e4ri saattaa vaihdella.<\/p>","protected":false},"excerpt":{"rendered":"<p>Axiom Discs Fission Hex<\/p>\n<p>Flygv\u00e4rden: 5 5 -1 1<\/p>\n<p>Hex on todella suora ja ansaitsee paikkansa kenen tahansa b\u00e4giin monipuolisena ja luotettavan suorana midrange-kiekkona. Suurimmilla heittovoimilla Hex lent\u00e4\u00e4 tasaiselta hieman alivakaasti, mutta feidi 1 est\u00e4\u00e4 sit\u00e4 kippaamasta t\u00e4ysin yli. Pienemmill\u00e4 heittovoimilla kiekossa on riitt\u00e4v\u00e4sti ylik\u00e4\u00e4nt\u00f6\u00e4, jotta linjojen muotoilu on vaivatonta. Jos etsit kontrollia mets\u00e4radoille tai yleisk\u00e4ytt\u00f6ist\u00e4 linjojen muotoilijaa, Hex on midrange juuri sinulle.<\/p>\n<p>Kiekon v\u00e4ri\u00e4 valitessa ensimm\u00e4inen v\u00e4ri on kannen ja toinen reunan v\u00e4ri.<\/p>\n<p>Stampin v\u00e4ri saattaa vaihdella.<\/p>","protected":false},"featured_media":254013,"comment_status":"open","ping_status":"closed","template":"","meta":{"_acf_changed":false,"om_disable_all_campaigns":false,"_improvement_type_select":"improve_an_existing","_thumb_yes_seoaic":false,"_frame_yes_seoaic":false,"seoaic_generate_description":"","seoaic_improve_instructions_prompt":"","seoaic_rollback_content_improvement":"","seoaic_idea_thumbnail_generator":"","thumbnail_generated":false,"thumbnail_generate_prompt":"","seoaic_article_description":""},"product_brand":[4864],"product_cat":[1817,1897,1898,4630,2621,73,2625],"product_tag":[],"class_list":{"0":"post-254008","1":"product","2":"type-product","3":"status-publish","4":"has-post-thumbnail","6":"product_brand-axiom-discs","7":"product_cat-uudet-kiekot","8":"product_cat-mvp-kaikki-kiekot","9":"product_cat-mvp-uudet-kiekot","10":"product_cat-restock-lokakuu-2025","11":"product_cat-restockit","12":"product_cat-uutuudet","13":"product_cat-valmistajat","14":"pa_feidi-286","15":"pa_liito-274","16":"pa_nopeus-259","17":"pa_paino-332","18":"pa_vakaus-281","19":"pa_valmistajat-axiom-discs","20":"pa_vari-keltainen-punainen","21":"pa_vari-turkoosi-valkoinen-2","23":"first","24":"outofstock","25":"taxable","26":"shipping-taxable","27":"product-type-variable"},"acf":[],"_links":{"self":[{"href":"https:\/\/topdisc.fi\/sv\/wp-json\/wp\/v2\/product\/254008","targetHints":{"allow":["GET"]}}],"collection":[{"href":"https:\/\/topdisc.fi\/sv\/wp-json\/wp\/v2\/product"}],"about":[{"href":"https:\/\/topdisc.fi\/sv\/wp-json\/wp\/v2\/types\/product"}],"replies":[{"embeddable":true,"href":"https:\/\/topdisc.fi\/sv\/wp-json\/wp\/v2\/comments?post=254008"}],"version-history":[{"count":1,"href":"https:\/\/topdisc.fi\/sv\/wp-json\/wp\/v2\/product\/254008\/revisions"}],"predecessor-version":[{"id":261545,"href":"https:\/\/topdisc.fi\/sv\/wp-json\/wp\/v2\/product\/254008\/revisions\/261545"}],"wp:featuredmedia":[{"embeddable":true,"href":"https:\/\/topdisc.fi\/sv\/wp-json\/wp\/v2\/media\/254013"}],"wp:attachment":[{"href":"https:\/\/topdisc.fi\/sv\/wp-json\/wp\/v2\/media?parent=254008"}],"wp:term":[{"taxonomy":"product_brand","embeddable":true,"href":"https:\/\/topdisc.fi\/sv\/wp-json\/wp\/v2\/product_brand?post=254008"},{"taxonomy":"product_cat","embeddable":true,"href":"https:\/\/topdisc.fi\/sv\/wp-json\/wp\/v2\/product_cat?post=254008"},{"taxonomy":"product_tag","embeddable":true,"href":"https:\/\/topdisc.fi\/sv\/wp-json\/wp\/v2\/product_tag?post=254008"}],"curies":[{"name":"wp","href":"https:\/\/api.w.org\/{rel}","templated":true}]}}