{"id":254015,"date":"2025-08-12T17:08:18","date_gmt":"2025-08-12T14:08:18","guid":{"rendered":"https:\/\/topdisc.fi\/?post_type=product&#038;p=254015"},"modified":"2026-01-21T17:05:40","modified_gmt":"2026-01-21T15:05:40","slug":"axiom-discs-neutron-proxy-2","status":"publish","type":"product","link":"https:\/\/topdisc.fi\/sv\/produkt\/axiom-discs-neutron-proxy-2\/","title":{"rendered":"Axiom Discs Neutron Proxy"},"content":{"rendered":"<p>Axiom Discs Neutron Proxy<\/p>\n<p>Lentoarvot: 3 3 -1 0,5<\/p>\n<p><strong data-start=\"20\" data-end=\"29\">Ombud<\/strong> jakaa <strong data-start=\"36\" data-end=\"45\" data-is-only-node=\"\">Envyn<\/strong> muotin ytimen, mik\u00e4 antaa sille saman matalaprofiilisen tuntuman ja varman otteen. Kapea rimmi\u00a0 ja leve\u00e4 kannen -halkaisija tarjoavat erinomaista liitoa. Proxy erottuu Envy-kiekosta poikkeuksellisen suoralla lennolla, joka p\u00e4\u00e4ttyy maltilliseen feidiin. Pieni mahdollisuus k\u00e4\u00e4nty\u00e4 suurilla nopeuksilla tekee Proxysta monipuolisen eri voimatasoilla ja auttaa my\u00f6s v\u00e4hemm\u00e4n voimakkaita heitt\u00e4ji\u00e4 saavuttamaan suoria putteridraiveja.<\/p>\n<p>Kiekon v\u00e4ri\u00e4 valitessa ensimm\u00e4inen v\u00e4ri on kannen ja toinen reunan v\u00e4ri.<\/p>\n<p>Stampin v\u00e4ri saattaa vaihdella.<\/p>","protected":false},"excerpt":{"rendered":"<p>Axiom Discs Neutron Proxy<\/p>\n<p>Lentoarvot: 3 3 -1 0,5<\/p>\n<p><strong data-start=\"20\" data-end=\"29\">Ombud<\/strong> jakaa <strong data-start=\"36\" data-end=\"45\" data-is-only-node=\"\">Envyn<\/strong> muotin ytimen, mik\u00e4 antaa sille saman matalaprofiilisen tuntuman ja varman otteen. Kapea rimmi\u00a0 ja leve\u00e4 kannen -halkaisija tarjoavat erinomaista liitoa. Proxy erottuu Envy-kiekosta poikkeuksellisen suoralla lennolla, joka p\u00e4\u00e4ttyy maltilliseen feidiin. Pieni mahdollisuus k\u00e4\u00e4nty\u00e4 suurilla nopeuksilla tekee Proxysta monipuolisen eri voimatasoilla ja auttaa my\u00f6s v\u00e4hemm\u00e4n voimakkaita heitt\u00e4ji\u00e4 saavuttamaan suoria putteridraiveja.<\/p>\n<p>Kiekon v\u00e4ri\u00e4 valitessa ensimm\u00e4inen v\u00e4ri on kannen ja toinen reunan v\u00e4ri.<\/p>\n<p>Stampin v\u00e4ri saattaa vaihdella.<\/p>","protected":false},"featured_media":254017,"comment_status":"open","ping_status":"closed","template":"","meta":{"_acf_changed":false,"om_disable_all_campaigns":false,"_improvement_type_select":"improve_an_existing","_thumb_yes_seoaic":false,"_frame_yes_seoaic":false,"seoaic_generate_description":"","seoaic_improve_instructions_prompt":"","seoaic_rollback_content_improvement":"","seoaic_idea_thumbnail_generator":"","thumbnail_generated":false,"thumbnail_generate_prompt":"","seoaic_article_description":""},"product_brand":[4864],"product_cat":[1817,1897,1898,4630,2621,73,2625],"product_tag":[],"class_list":{"0":"post-254015","1":"product","2":"type-product","3":"status-publish","4":"has-post-thumbnail","6":"product_brand-axiom-discs","7":"product_cat-uudet-kiekot","8":"product_cat-mvp-kaikki-kiekot","9":"product_cat-mvp-uudet-kiekot","10":"product_cat-restock-lokakuu-2025","11":"product_cat-restockit","12":"product_cat-uutuudet","13":"product_cat-valmistajat","14":"pa_feidi-0-5","15":"pa_liito-272","16":"pa_nopeus-257","17":"pa_paino-322","18":"pa_paino-323","19":"pa_paino-324","20":"pa_vakaus-281","21":"pa_valmistajat-axiom-discs","22":"pa_vari-keltainen-turkoosi","23":"pa_vari-valkoinen-harmaa","24":"pa_vari-valkoinen-sininen","26":"first","27":"instock","28":"taxable","29":"shipping-taxable","30":"purchasable","31":"product-type-variable"},"acf":[],"_links":{"self":[{"href":"https:\/\/topdisc.fi\/sv\/wp-json\/wp\/v2\/product\/254015","targetHints":{"allow":["GET"]}}],"collection":[{"href":"https:\/\/topdisc.fi\/sv\/wp-json\/wp\/v2\/product"}],"about":[{"href":"https:\/\/topdisc.fi\/sv\/wp-json\/wp\/v2\/types\/product"}],"replies":[{"embeddable":true,"href":"https:\/\/topdisc.fi\/sv\/wp-json\/wp\/v2\/comments?post=254015"}],"version-history":[{"count":1,"href":"https:\/\/topdisc.fi\/sv\/wp-json\/wp\/v2\/product\/254015\/revisions"}],"predecessor-version":[{"id":261544,"href":"https:\/\/topdisc.fi\/sv\/wp-json\/wp\/v2\/product\/254015\/revisions\/261544"}],"wp:featuredmedia":[{"embeddable":true,"href":"https:\/\/topdisc.fi\/sv\/wp-json\/wp\/v2\/media\/254017"}],"wp:attachment":[{"href":"https:\/\/topdisc.fi\/sv\/wp-json\/wp\/v2\/media?parent=254015"}],"wp:term":[{"taxonomy":"product_brand","embeddable":true,"href":"https:\/\/topdisc.fi\/sv\/wp-json\/wp\/v2\/product_brand?post=254015"},{"taxonomy":"product_cat","embeddable":true,"href":"https:\/\/topdisc.fi\/sv\/wp-json\/wp\/v2\/product_cat?post=254015"},{"taxonomy":"product_tag","embeddable":true,"href":"https:\/\/topdisc.fi\/sv\/wp-json\/wp\/v2\/product_tag?post=254015"}],"curies":[{"name":"wp","href":"https:\/\/api.w.org\/{rel}","templated":true}]}}