{"id":254043,"date":"2025-08-13T20:22:27","date_gmt":"2025-08-13T17:22:27","guid":{"rendered":"https:\/\/topdisc.fi\/?post_type=product&#038;p=254043"},"modified":"2026-01-21T17:05:39","modified_gmt":"2026-01-21T15:05:39","slug":"axiom-discs-fission-fireball","status":"publish","type":"product","link":"https:\/\/topdisc.fi\/sv\/produkt\/axiom-discs-fission-fireball\/","title":{"rendered":"Axiom Discs Fission Fireball"},"content":{"rendered":"<p>Axiom Discs Fission Fireball<\/p>\n<p>Flygv\u00e4rden: 9 4 0 3<\/p>\n<p><b>Axiom-skivor<\/b>i <strong>Eldkula <\/strong>on ylivakaa v\u00e4yl\u00e4draiveri. Axiomin muiden muottien tapaan <strong>Eldkula<\/strong> on matala profiililtaan ja soveltuu erinomaisesti\u00a0 k\u00e4mmen heittoihin ja vastatuulta vastaan kamppailemaan.<\/p>\n<p><strong>Fission<\/strong>-muovi on Axiomin vastine muiden valmistajien &#8221;kuplamuovisille&#8221; kiekoille. Valmistuksessa muoviseoksen sekaan puhalletaan ilmaa ja n\u00e4inollen saadaan aikaan kevyempi\u00e4 kiekkoja. Tuttuun tapaan Axiomin k\u00e4ytt\u00e4m\u00e4n GYRO-teknologian ansiosta painojakauma pysyy kiekon ulkokeh\u00e4ll\u00e4.<\/p>\n<p>Nyrkkis\u00e4\u00e4nt\u00f6n\u00e4 voinee ajatella, ett\u00e4 <strong>Fission<\/strong> lis\u00e4\u00e4 erityisesti draiverissa 10g lis\u00e4\u00e4 koettuun painoon. 165 g painava draiveri lent\u00e4\u00e4 siis suurin piirtein samalla tavalla kuin 175 g painava draiveri lent\u00e4isi jollain muulla muovilla. Kevyempi kiekko tuo heitolle lis\u00e4\u00e4 mittaa, mutta on alttiimpi tuulen vaikutuksille.<\/p>\n<p>Kiekon v\u00e4ri\u00e4 valitessa ensimm\u00e4inen v\u00e4ri on kannen ja toinen reunan v\u00e4ri.<\/p>\n<p>Stampin v\u00e4ri saattaa vaihdella.<\/p>","protected":false},"excerpt":{"rendered":"<p>Axiom Discs Fission Fireball<\/p>\n<p>Flygv\u00e4rden: 9 4 0 3<\/p>\n<p><b>Axiom-skivor<\/b>i <strong>Eldkula <\/strong>on ylivakaa v\u00e4yl\u00e4draiveri. Axiomin muiden muottien tapaan <strong>Eldkula<\/strong> on matala profiililtaan ja soveltuu erinomaisesti\u00a0 k\u00e4mmen heittoihin ja vastatuulta vastaan kamppailemaan.<\/p>\n<p><strong>Fission<\/strong>-muovi on Axiomin vastine muiden valmistajien &#8221;kuplamuovisille&#8221; kiekoille. Valmistuksessa muoviseoksen sekaan puhalletaan ilmaa ja n\u00e4inollen saadaan aikaan kevyempi\u00e4 kiekkoja. Tuttuun tapaan Axiomin k\u00e4ytt\u00e4m\u00e4n GYRO-teknologian ansiosta painojakauma pysyy kiekon ulkokeh\u00e4ll\u00e4.<\/p>\n<p>Nyrkkis\u00e4\u00e4nt\u00f6n\u00e4 voinee ajatella, ett\u00e4 <strong>Fission<\/strong> lis\u00e4\u00e4 erityisesti draiverissa 10g lis\u00e4\u00e4 koettuun painoon. 165 g painava draiveri lent\u00e4\u00e4 siis suurin piirtein samalla tavalla kuin 175 g painava draiveri lent\u00e4isi jollain muulla muovilla. Kevyempi kiekko tuo heitolle lis\u00e4\u00e4 mittaa, mutta on alttiimpi tuulen vaikutuksille.<\/p>\n<p>Kiekon v\u00e4ri\u00e4 valitessa ensimm\u00e4inen v\u00e4ri on kannen ja toinen reunan v\u00e4ri.<\/p>\n<p>Stampin v\u00e4ri saattaa vaihdella.<\/p>","protected":false},"featured_media":254147,"comment_status":"open","ping_status":"closed","template":"","meta":{"_acf_changed":false,"om_disable_all_campaigns":false,"_improvement_type_select":"improve_an_existing","_thumb_yes_seoaic":false,"_frame_yes_seoaic":false,"seoaic_generate_description":"","seoaic_improve_instructions_prompt":"","seoaic_rollback_content_improvement":"","seoaic_idea_thumbnail_generator":"","thumbnail_generated":false,"thumbnail_generate_prompt":"","seoaic_article_description":""},"product_brand":[4864],"product_cat":[1817,1897,1898,4630,2621,73,2625],"product_tag":[1226,569],"class_list":{"0":"post-254043","1":"product","2":"type-product","3":"status-publish","4":"has-post-thumbnail","6":"product_brand-axiom-discs","7":"product_cat-uudet-kiekot","8":"product_cat-mvp-kaikki-kiekot","9":"product_cat-mvp-uudet-kiekot","10":"product_cat-restock-lokakuu-2025","11":"product_cat-restockit","12":"product_cat-uutuudet","13":"product_cat-valmistajat","14":"product_tag-fairway","15":"product_tag-ylivakaa","16":"pa_feidi-288","17":"pa_liito-273","18":"pa_nopeus-263","19":"pa_paino-323","20":"pa_paino-325","21":"pa_vakaus-zero","22":"pa_valmistajat-axiom-discs","23":"pa_vari-persikka-oranssi","24":"pa_vari-vihrea-oranssi","26":"first","27":"instock","28":"taxable","29":"shipping-taxable","30":"purchasable","31":"product-type-variable"},"acf":[],"_links":{"self":[{"href":"https:\/\/topdisc.fi\/sv\/wp-json\/wp\/v2\/product\/254043","targetHints":{"allow":["GET"]}}],"collection":[{"href":"https:\/\/topdisc.fi\/sv\/wp-json\/wp\/v2\/product"}],"about":[{"href":"https:\/\/topdisc.fi\/sv\/wp-json\/wp\/v2\/types\/product"}],"replies":[{"embeddable":true,"href":"https:\/\/topdisc.fi\/sv\/wp-json\/wp\/v2\/comments?post=254043"}],"version-history":[{"count":1,"href":"https:\/\/topdisc.fi\/sv\/wp-json\/wp\/v2\/product\/254043\/revisions"}],"predecessor-version":[{"id":261543,"href":"https:\/\/topdisc.fi\/sv\/wp-json\/wp\/v2\/product\/254043\/revisions\/261543"}],"wp:featuredmedia":[{"embeddable":true,"href":"https:\/\/topdisc.fi\/sv\/wp-json\/wp\/v2\/media\/254147"}],"wp:attachment":[{"href":"https:\/\/topdisc.fi\/sv\/wp-json\/wp\/v2\/media?parent=254043"}],"wp:term":[{"taxonomy":"product_brand","embeddable":true,"href":"https:\/\/topdisc.fi\/sv\/wp-json\/wp\/v2\/product_brand?post=254043"},{"taxonomy":"product_cat","embeddable":true,"href":"https:\/\/topdisc.fi\/sv\/wp-json\/wp\/v2\/product_cat?post=254043"},{"taxonomy":"product_tag","embeddable":true,"href":"https:\/\/topdisc.fi\/sv\/wp-json\/wp\/v2\/product_tag?post=254043"}],"curies":[{"name":"wp","href":"https:\/\/api.w.org\/{rel}","templated":true}]}}