{"id":254055,"date":"2025-08-13T20:30:38","date_gmt":"2025-08-13T17:30:38","guid":{"rendered":"https:\/\/topdisc.fi\/?post_type=product&#038;p=254055"},"modified":"2026-01-21T17:28:53","modified_gmt":"2026-01-21T15:28:53","slug":"axiom-discs-neutron-envy","status":"publish","type":"product","link":"https:\/\/topdisc.fi\/sv\/produkt\/axiom-discs-neutron-envy\/","title":{"rendered":"Axiom Discs Neutron Envy"},"content":{"rendered":"<p>Axiom Discs Neutron Envy<\/p>\n<p>Flygv\u00e4rden: 3 3 0 2<\/p>\n<p>Envy on hieman ylivakaa heittoputteri, joka kuluessaan muotoutuu todella suoralentoiseksi. Pakasta vedettyn\u00e4 omaa ennustettavan feidin lennon loppuun ja toimii siten hyvin my\u00f6s avauksissa, sek\u00e4 l\u00e4hestymisiss\u00e4.<\/p>\n<p><strong data-start=\"0\" data-end=\"11\">Neutron<\/strong> on Axiom Discsin ja MVP Disc Sportsin k\u00e4ytt\u00e4m\u00e4 <strong data-start=\"59\" data-end=\"87\">premium-luokan muoviseos<\/strong>, joka on suunniteltu yhdist\u00e4m\u00e4\u00e4n kest\u00e4vyys, hyv\u00e4 pito ja n\u00e4ytt\u00e4v\u00e4 ulkon\u00e4k\u00f6. Muovi on melko j\u00e4ykk\u00e4\u00e4, mutta ei t\u00e4ysin kovaa; sopii monenlaisiin otteisiin ilman taipumista.<\/p>\n<p>Kiekon v\u00e4ri\u00e4 valitessa ensimm\u00e4inen v\u00e4ri on kannen ja toinen reunan v\u00e4ri.<\/p>\n<p>Stampin v\u00e4ri saattaa vaihdella.<\/p>","protected":false},"excerpt":{"rendered":"<p>Axiom Discs Neutron Envy<\/p>\n<p>Flygv\u00e4rden: 3 3 0 2<\/p>\n<p>Envy on hieman ylivakaa heittoputteri, joka kuluessaan muotoutuu todella suoralentoiseksi. Pakasta vedettyn\u00e4 omaa ennustettavan feidin lennon loppuun ja toimii siten hyvin my\u00f6s avauksissa, sek\u00e4 l\u00e4hestymisiss\u00e4.<\/p>\n<p><strong data-start=\"0\" data-end=\"11\">Neutron<\/strong> on Axiom Discsin ja MVP Disc Sportsin k\u00e4ytt\u00e4m\u00e4 <strong data-start=\"59\" data-end=\"87\">premium-luokan muoviseos<\/strong>, joka on suunniteltu yhdist\u00e4m\u00e4\u00e4n kest\u00e4vyys, hyv\u00e4 pito ja n\u00e4ytt\u00e4v\u00e4 ulkon\u00e4k\u00f6. Muovi on melko j\u00e4ykk\u00e4\u00e4, mutta ei t\u00e4ysin kovaa; sopii monenlaisiin otteisiin ilman taipumista.<\/p>\n<p>Kiekon v\u00e4ri\u00e4 valitessa ensimm\u00e4inen v\u00e4ri on kannen ja toinen reunan v\u00e4ri.<\/p>\n<p>Stampin v\u00e4ri saattaa vaihdella.<\/p>","protected":false},"featured_media":254058,"comment_status":"open","ping_status":"closed","template":"","meta":{"_acf_changed":false,"om_disable_all_campaigns":false,"_improvement_type_select":"improve_an_existing","_thumb_yes_seoaic":false,"_frame_yes_seoaic":false,"seoaic_generate_description":"","seoaic_improve_instructions_prompt":"","seoaic_rollback_content_improvement":"","seoaic_idea_thumbnail_generator":"","thumbnail_generated":false,"thumbnail_generate_prompt":"","seoaic_article_description":""},"product_brand":[4864,4857],"product_cat":[1817,1897,1898,4630,2621,73,2625],"product_tag":[569],"class_list":{"0":"post-254055","1":"product","2":"type-product","3":"status-publish","4":"has-post-thumbnail","6":"product_brand-axiom-discs","7":"product_brand-mvp-disc-sports","8":"product_cat-uudet-kiekot","9":"product_cat-mvp-kaikki-kiekot","10":"product_cat-mvp-uudet-kiekot","11":"product_cat-restock-lokakuu-2025","12":"product_cat-restockit","13":"product_cat-uutuudet","14":"product_cat-valmistajat","15":"product_tag-ylivakaa","16":"pa_feidi-287","17":"pa_liito-272","18":"pa_nopeus-257","19":"pa_paino-322","20":"pa_paino-323","21":"pa_vakaus-zero","22":"pa_valmistajat-axiom-discs","23":"pa_vari-keltainen-violetti","24":"pa_vari-pinkki-sininen","26":"first","27":"instock","28":"taxable","29":"shipping-taxable","30":"purchasable","31":"product-type-variable"},"acf":[],"_links":{"self":[{"href":"https:\/\/topdisc.fi\/sv\/wp-json\/wp\/v2\/product\/254055","targetHints":{"allow":["GET"]}}],"collection":[{"href":"https:\/\/topdisc.fi\/sv\/wp-json\/wp\/v2\/product"}],"about":[{"href":"https:\/\/topdisc.fi\/sv\/wp-json\/wp\/v2\/types\/product"}],"replies":[{"embeddable":true,"href":"https:\/\/topdisc.fi\/sv\/wp-json\/wp\/v2\/comments?post=254055"}],"version-history":[{"count":1,"href":"https:\/\/topdisc.fi\/sv\/wp-json\/wp\/v2\/product\/254055\/revisions"}],"predecessor-version":[{"id":261541,"href":"https:\/\/topdisc.fi\/sv\/wp-json\/wp\/v2\/product\/254055\/revisions\/261541"}],"wp:featuredmedia":[{"embeddable":true,"href":"https:\/\/topdisc.fi\/sv\/wp-json\/wp\/v2\/media\/254058"}],"wp:attachment":[{"href":"https:\/\/topdisc.fi\/sv\/wp-json\/wp\/v2\/media?parent=254055"}],"wp:term":[{"taxonomy":"product_brand","embeddable":true,"href":"https:\/\/topdisc.fi\/sv\/wp-json\/wp\/v2\/product_brand?post=254055"},{"taxonomy":"product_cat","embeddable":true,"href":"https:\/\/topdisc.fi\/sv\/wp-json\/wp\/v2\/product_cat?post=254055"},{"taxonomy":"product_tag","embeddable":true,"href":"https:\/\/topdisc.fi\/sv\/wp-json\/wp\/v2\/product_tag?post=254055"}],"curies":[{"name":"wp","href":"https:\/\/api.w.org\/{rel}","templated":true}]}}