{"id":254151,"date":"2025-08-23T11:59:24","date_gmt":"2025-08-23T08:59:24","guid":{"rendered":"https:\/\/topdisc.fi\/?post_type=product&#038;p=254151"},"modified":"2026-01-21T17:05:38","modified_gmt":"2026-01-21T15:05:38","slug":"axiom-discs-neutron-fireball","status":"publish","type":"product","link":"https:\/\/topdisc.fi\/sv\/produkt\/axiom-discs-neutron-fireball\/","title":{"rendered":"Axiom Discs Neutron Fireball"},"content":{"rendered":"<p>Axiom Discs Neutron Fireball<\/p>\n<p>Flygv\u00e4rden: 9 3,5 0 3,5<\/p>\n<p><b>Axiom-skivor<\/b>i <strong>Eldkula <\/strong>on ylivakaa v\u00e4yl\u00e4draiveri. Axiomin muiden muottien tapaan <strong>Eldkula<\/strong> on matala profiililtaan ja soveltuu erinomaisesti\u00a0 k\u00e4mmen heittoihin ja vastatuulta vastaan kamppailemaan.<\/p>\n<p>Neutron on Axiom Discsin muoviseos, joka antaa kiekolle upean ulkon\u00e4\u00f6n lis\u00e4ksi hyv\u00e4n heittotuntuman s\u00e4\u00e4ss\u00e4 kuin s\u00e4\u00e4ss\u00e4.<\/p>\n<p>Kiekon v\u00e4ri\u00e4 valitessa ensimm\u00e4inen v\u00e4ri on kannen ja toinen reunan v\u00e4ri.<\/p>\n<p>Stampin v\u00e4ri saattaa vaihdella.<\/p>","protected":false},"excerpt":{"rendered":"<p>Axiom Discs Neutron Fireball<\/p>\n<p>Flygv\u00e4rden: 9 3,5 0 3,5<\/p>\n<p><b>Axiom-skivor<\/b>i <strong>Eldkula <\/strong>on ylivakaa v\u00e4yl\u00e4draiveri. Axiomin muiden muottien tapaan <strong>Eldkula<\/strong> on matala profiililtaan ja soveltuu erinomaisesti\u00a0 k\u00e4mmen heittoihin ja vastatuulta vastaan kamppailemaan.<\/p>\n<p>Neutron on Axiom Discsin muoviseos, joka antaa kiekolle upean ulkon\u00e4\u00f6n lis\u00e4ksi hyv\u00e4n heittotuntuman s\u00e4\u00e4ss\u00e4 kuin s\u00e4\u00e4ss\u00e4.<\/p>\n<p>Kiekon v\u00e4ri\u00e4 valitessa ensimm\u00e4inen v\u00e4ri on kannen ja toinen reunan v\u00e4ri.<\/p>\n<p>Stampin v\u00e4ri saattaa vaihdella.<\/p>","protected":false},"featured_media":254154,"comment_status":"open","ping_status":"closed","template":"","meta":{"_acf_changed":false,"om_disable_all_campaigns":false,"_improvement_type_select":"improve_an_existing","_thumb_yes_seoaic":false,"_frame_yes_seoaic":false,"seoaic_generate_description":"","seoaic_improve_instructions_prompt":"","seoaic_rollback_content_improvement":"","seoaic_idea_thumbnail_generator":"","thumbnail_generated":false,"thumbnail_generate_prompt":"","seoaic_article_description":""},"product_brand":[4864],"product_cat":[1817,1897,1898,4630,2621,73,2625],"product_tag":[1226,569],"class_list":{"0":"post-254151","1":"product","2":"type-product","3":"status-publish","4":"has-post-thumbnail","6":"product_brand-axiom-discs","7":"product_cat-uudet-kiekot","8":"product_cat-mvp-kaikki-kiekot","9":"product_cat-mvp-uudet-kiekot","10":"product_cat-restock-lokakuu-2025","11":"product_cat-restockit","12":"product_cat-uutuudet","13":"product_cat-valmistajat","14":"product_tag-fairway","15":"product_tag-ylivakaa","16":"pa_feidi-3-5","17":"pa_liito-3-5","18":"pa_nopeus-263","19":"pa_paino-323","20":"pa_vakaus-zero","21":"pa_valmistajat-axiom-discs","22":"pa_vari-valkoinen-sininen","24":"first","25":"outofstock","26":"taxable","27":"shipping-taxable","28":"product-type-variable"},"acf":[],"_links":{"self":[{"href":"https:\/\/topdisc.fi\/sv\/wp-json\/wp\/v2\/product\/254151","targetHints":{"allow":["GET"]}}],"collection":[{"href":"https:\/\/topdisc.fi\/sv\/wp-json\/wp\/v2\/product"}],"about":[{"href":"https:\/\/topdisc.fi\/sv\/wp-json\/wp\/v2\/types\/product"}],"replies":[{"embeddable":true,"href":"https:\/\/topdisc.fi\/sv\/wp-json\/wp\/v2\/comments?post=254151"}],"version-history":[{"count":1,"href":"https:\/\/topdisc.fi\/sv\/wp-json\/wp\/v2\/product\/254151\/revisions"}],"predecessor-version":[{"id":261540,"href":"https:\/\/topdisc.fi\/sv\/wp-json\/wp\/v2\/product\/254151\/revisions\/261540"}],"wp:featuredmedia":[{"embeddable":true,"href":"https:\/\/topdisc.fi\/sv\/wp-json\/wp\/v2\/media\/254154"}],"wp:attachment":[{"href":"https:\/\/topdisc.fi\/sv\/wp-json\/wp\/v2\/media?parent=254151"}],"wp:term":[{"taxonomy":"product_brand","embeddable":true,"href":"https:\/\/topdisc.fi\/sv\/wp-json\/wp\/v2\/product_brand?post=254151"},{"taxonomy":"product_cat","embeddable":true,"href":"https:\/\/topdisc.fi\/sv\/wp-json\/wp\/v2\/product_cat?post=254151"},{"taxonomy":"product_tag","embeddable":true,"href":"https:\/\/topdisc.fi\/sv\/wp-json\/wp\/v2\/product_tag?post=254151"}],"curies":[{"name":"wp","href":"https:\/\/api.w.org\/{rel}","templated":true}]}}