{"id":254253,"date":"2025-09-03T12:03:04","date_gmt":"2025-09-03T09:03:04","guid":{"rendered":"https:\/\/topdisc.fi\/?post_type=product&#038;p=254253"},"modified":"2026-01-27T15:36:36","modified_gmt":"2026-01-27T13:36:36","slug":"discmania-swirl-s-line-vanguard","status":"publish","type":"product","link":"https:\/\/topdisc.fi\/sv\/produkt\/discmania-swirl-s-line-vanguard\/","title":{"rendered":"Discmania Swirl S-Line Vanguard &#8211; Creator Series"},"content":{"rendered":"<h3 data-start=\"131\" data-end=\"185\">Discmania Swirl S-Line Vanguard \u2013 Creator Series<\/h3>\n<p data-start=\"187\" data-end=\"461\"><strong data-start=\"187\" data-end=\"199\">F\u00f6rtrupp<\/strong>, huippupelaaja <strong data-start=\"215\" data-end=\"231\">Kyle Kleinin<\/strong> suunnittelema Creator Series -malliston draiveri, yhdist\u00e4\u00e4 hallitun vakauden ja luotettavan feidin. Se on suunniteltu antamaan varmuutta pitkiin kontrolliheittoihin ja tarkkoihin v\u00e4yl\u00e4avauksiin, joissa virhemarginaali on pieni.<\/p>\n<p data-start=\"463\" data-end=\"733\">Premium-laatuinen <strong data-start=\"481\" data-end=\"504\">Swirl S-Line -muovi<\/strong> tarjoaa erinomaisen otteen ja kest\u00e4vyyden, joka s\u00e4ilytt\u00e4\u00e4 kiekon lentoominaisuudet pitk\u00e4\u00e4n. Jokainen Vanguard on yksil\u00f6llinen swirl-v\u00e4rityksens\u00e4 ansiosta, joten se on yht\u00e4 aikaa tehokas heittoty\u00f6kalu ja n\u00e4ytt\u00e4v\u00e4 ker\u00e4ilykiekko.<\/p>\n<p data-start=\"735\" data-end=\"763\"><strong data-start=\"735\" data-end=\"761\">Miksi valita Vanguard?<\/strong><\/p>\n<ul data-start=\"764\" data-end=\"1050\">\n<li data-start=\"764\" data-end=\"830\">\n<p data-start=\"766\" data-end=\"830\">Suunniteltu yhteisty\u00f6ss\u00e4 huippupelaaja <strong data-start=\"805\" data-end=\"821\">Kyle Kleinin<\/strong> kanssa<\/p>\n<\/li>\n<li data-start=\"831\" data-end=\"887\">\n<p data-start=\"833\" data-end=\"887\">Luotettava draiveri hallittuihin kontrolliheittoihin<\/p>\n<\/li>\n<li data-start=\"888\" data-end=\"943\">\n<p data-start=\"890\" data-end=\"943\">Vakaus ja varma feidi takaavat ennustettavan lennon<\/p>\n<\/li>\n<li data-start=\"944\" data-end=\"1004\">\n<p data-start=\"946\" data-end=\"1004\">Premium Swirl S-Line -muovi \u2013 jokainen kiekko on uniikki<\/p>\n<\/li>\n<li data-start=\"1005\" data-end=\"1050\">\n<p data-start=\"1007\" data-end=\"1050\">Osa arvostettua Creator Series -mallistoa<\/p>\n<\/li>\n<\/ul>\n<p data-start=\"1052\" data-end=\"1149\"><strong data-start=\"1052\" data-end=\"1112\">Discmania Swirl S-Line Vanguard \u2013 Kyle Kleinin k\u00e4sialaa.<\/strong> V\u00e4yl\u00e4draiveri, johon voit aina luottaa.<\/p>","protected":false},"excerpt":{"rendered":"<h3 data-start=\"131\" data-end=\"185\">Discmania Swirl S-Line Vanguard \u2013 Creator Series<\/h3>\n<p data-start=\"187\" data-end=\"461\"><strong data-start=\"187\" data-end=\"199\">F\u00f6rtrupp<\/strong>, huippupelaaja <strong data-start=\"215\" data-end=\"231\">Kyle Kleinin<\/strong> suunnittelema Creator Series -malliston draiveri, yhdist\u00e4\u00e4 hallitun vakauden ja luotettavan feidin. Se on suunniteltu antamaan varmuutta pitkiin kontrolliheittoihin ja tarkkoihin v\u00e4yl\u00e4avauksiin, joissa virhemarginaali on pieni.<\/p>\n<p data-start=\"463\" data-end=\"733\">Premium-laatuinen <strong data-start=\"481\" data-end=\"504\">Swirl S-Line -muovi<\/strong> tarjoaa erinomaisen otteen ja kest\u00e4vyyden, joka s\u00e4ilytt\u00e4\u00e4 kiekon lentoominaisuudet pitk\u00e4\u00e4n. Jokainen Vanguard on yksil\u00f6llinen swirl-v\u00e4rityksens\u00e4 ansiosta, joten se on yht\u00e4 aikaa tehokas heittoty\u00f6kalu ja n\u00e4ytt\u00e4v\u00e4 ker\u00e4ilykiekko.<\/p>\n<p data-start=\"735\" data-end=\"763\"><strong data-start=\"735\" data-end=\"761\">Miksi valita Vanguard?<\/strong><\/p>\n<ul data-start=\"764\" data-end=\"1050\">\n<li data-start=\"764\" data-end=\"830\">\n<p data-start=\"766\" data-end=\"830\">Suunniteltu yhteisty\u00f6ss\u00e4 huippupelaaja <strong data-start=\"805\" data-end=\"821\">Kyle Kleinin<\/strong> kanssa<\/p>\n<\/li>\n<li data-start=\"831\" data-end=\"887\">\n<p data-start=\"833\" data-end=\"887\">Luotettava draiveri hallittuihin kontrolliheittoihin<\/p>\n<\/li>\n<li data-start=\"888\" data-end=\"943\">\n<p data-start=\"890\" data-end=\"943\">Vakaus ja varma feidi takaavat ennustettavan lennon<\/p>\n<\/li>\n<li data-start=\"944\" data-end=\"1004\">\n<p data-start=\"946\" data-end=\"1004\">Premium Swirl S-Line -muovi \u2013 jokainen kiekko on uniikki<\/p>\n<\/li>\n<li data-start=\"1005\" data-end=\"1050\">\n<p data-start=\"1007\" data-end=\"1050\">Osa arvostettua Creator Series -mallistoa<\/p>\n<\/li>\n<\/ul>\n<p data-start=\"1052\" data-end=\"1149\"><strong data-start=\"1052\" data-end=\"1112\">Discmania Swirl S-Line Vanguard \u2013 Kyle Kleinin k\u00e4sialaa.<\/strong> V\u00e4yl\u00e4draiveri, johon voit aina luottaa.<\/p>","protected":false},"featured_media":254257,"comment_status":"open","ping_status":"closed","template":"","meta":{"_acf_changed":false,"om_disable_all_campaigns":false,"_improvement_type_select":"improve_an_existing","_thumb_yes_seoaic":false,"_frame_yes_seoaic":false,"seoaic_generate_description":"","seoaic_improve_instructions_prompt":"","seoaic_rollback_content_improvement":"","seoaic_idea_thumbnail_generator":"","thumbnail_generated":false,"thumbnail_generate_prompt":"","seoaic_article_description":""},"product_brand":[4855],"product_cat":[656,1861,369,678,1817,73,2625],"product_tag":[],"class_list":{"0":"post-254253","1":"product","2":"type-product","3":"status-publish","4":"has-post-thumbnail","6":"product_brand-discmania","7":"product_cat-discmania-kaikki","8":"product_cat-discmania-uudet-kiekot","9":"product_cat-signature-kiekot","10":"product_cat-spessut","11":"product_cat-uudet-kiekot","12":"product_cat-uutuudet","13":"product_cat-valmistajat","14":"pa_feidi-287","15":"pa_liito-274","16":"pa_nopeus-263","17":"pa_paino-324","18":"pa_paino-331","19":"pa_vakaus-zero","20":"pa_valmistajat-discmania","21":"pa_vari-pinkki-valkoinen","22":"pa_vari-violetti-valkoinen","24":"first","25":"instock","26":"shipping-taxable","27":"purchasable","28":"product-type-variable"},"acf":[],"_links":{"self":[{"href":"https:\/\/topdisc.fi\/sv\/wp-json\/wp\/v2\/product\/254253","targetHints":{"allow":["GET"]}}],"collection":[{"href":"https:\/\/topdisc.fi\/sv\/wp-json\/wp\/v2\/product"}],"about":[{"href":"https:\/\/topdisc.fi\/sv\/wp-json\/wp\/v2\/types\/product"}],"replies":[{"embeddable":true,"href":"https:\/\/topdisc.fi\/sv\/wp-json\/wp\/v2\/comments?post=254253"}],"version-history":[{"count":1,"href":"https:\/\/topdisc.fi\/sv\/wp-json\/wp\/v2\/product\/254253\/revisions"}],"predecessor-version":[{"id":263678,"href":"https:\/\/topdisc.fi\/sv\/wp-json\/wp\/v2\/product\/254253\/revisions\/263678"}],"wp:featuredmedia":[{"embeddable":true,"href":"https:\/\/topdisc.fi\/sv\/wp-json\/wp\/v2\/media\/254257"}],"wp:attachment":[{"href":"https:\/\/topdisc.fi\/sv\/wp-json\/wp\/v2\/media?parent=254253"}],"wp:term":[{"taxonomy":"product_brand","embeddable":true,"href":"https:\/\/topdisc.fi\/sv\/wp-json\/wp\/v2\/product_brand?post=254253"},{"taxonomy":"product_cat","embeddable":true,"href":"https:\/\/topdisc.fi\/sv\/wp-json\/wp\/v2\/product_cat?post=254253"},{"taxonomy":"product_tag","embeddable":true,"href":"https:\/\/topdisc.fi\/sv\/wp-json\/wp\/v2\/product_tag?post=254253"}],"curies":[{"name":"wp","href":"https:\/\/api.w.org\/{rel}","templated":true}]}}