{"id":254269,"date":"2025-09-03T16:52:03","date_gmt":"2025-09-03T13:52:03","guid":{"rendered":"https:\/\/topdisc.fi\/?post_type=product&#038;p=254269"},"modified":"2026-01-27T18:32:08","modified_gmt":"2026-01-27T16:32:08","slug":"kastaplast-k1-falk-niiskuneiti","status":"publish","type":"product","link":"https:\/\/topdisc.fi\/sv\/produkt\/kastaplast-k1-falk-niiskuneiti\/","title":{"rendered":"Kastaplast K1 Falk &#8211; Niiskuneiti"},"content":{"rendered":"<h3 data-start=\"104\" data-end=\"142\">Kastaplast K1 Falk &#8211; Niiskuneiti<\/h3>\n<p data-start=\"144\" data-end=\"514\"><strong data-start=\"144\" data-end=\"152\">Falk<\/strong> on Kastaplastin monipuolinen ja helposti hallittava <strong data-start=\"205\" data-end=\"223\">Fairway f\u00f6rare<\/strong>, joka yhdist\u00e4\u00e4 pituuden ja kontrollin. Se on suunniteltu pelaajille, jotka kaipaavat luotettavaa draiveria kapeille v\u00e4ylille ja pitkiin, liit\u00e4viin heittoihin. Falk lent\u00e4\u00e4 vakaasti aloittelijoiden k\u00e4siss\u00e4 ja tarjoaa kokeneemmille pelaajille hienoja mahdollisuuksia monipuolisiin linjoihin.<\/p>\n<p data-start=\"516\" data-end=\"780\">T\u00e4m\u00e4 erikoisversio kantaa <strong data-start=\"542\" data-end=\"567\">Niiskuneidin (Moomin)<\/strong> kuvitusta, joka tekee kiekosta ker\u00e4ilyharvinaisuuden sek\u00e4 loistavan peliv\u00e4lineen. <strong data-start=\"650\" data-end=\"662\">K1-muovi<\/strong> on Kastaplastin kest\u00e4vin ja laadukkain materiaaliseos, joka tarjoaa erinomaisen otteen ja kest\u00e4\u00e4 kulutusta pitk\u00e4\u00e4n.<\/p>\n<p data-start=\"782\" data-end=\"820\"><strong data-start=\"782\" data-end=\"818\">Miksi valita Falk \u2013 Niiskuneiti?<\/strong><\/p>\n<ul data-start=\"821\" data-end=\"1065\">\n<li data-start=\"821\" data-end=\"866\">\n<p data-start=\"823\" data-end=\"866\">Monipuolinen ja hallittava fairway driver<\/p>\n<\/li>\n<li data-start=\"867\" data-end=\"933\">\n<p data-start=\"869\" data-end=\"933\">Soveltuu hyvin sek\u00e4 aloittelijoille ett\u00e4 kokeneille pelaajille<\/p>\n<\/li>\n<li data-start=\"934\" data-end=\"995\">\n<p data-start=\"936\" data-end=\"995\">Premium-laatuinen K1-muovi: erinomainen pito ja kest\u00e4vyys<\/p>\n<\/li>\n<li data-start=\"996\" data-end=\"1065\">\n<p data-start=\"998\" data-end=\"1065\">Uniikki Niiskuneiti-design \u2013 t\u00e4ydellinen pelaamiseen ja ker\u00e4ilyyn<\/p>\n<\/li>\n<\/ul>\n<p data-start=\"1067\" data-end=\"1155\"><strong data-start=\"1067\" data-end=\"1104\">Kastaplast K1 Falk \u2013 Niiskuneiti.<\/strong> Kiekko, joka liit\u00e4\u00e4 pitk\u00e4lle ja n\u00e4ytt\u00e4\u00e4 upealta.<\/p>\n<p>&nbsp;<\/p>","protected":false},"excerpt":{"rendered":"<h3 data-start=\"104\" data-end=\"142\">Kastaplast K1 Falk \u2013 Niiskuneiti<\/h3>\n<p data-start=\"144\" data-end=\"514\"><strong data-start=\"144\" data-end=\"152\">Falk<\/strong> on Kastaplastin monipuolinen ja helposti hallittava <strong data-start=\"205\" data-end=\"223\">Fairway f\u00f6rare<\/strong>, joka yhdist\u00e4\u00e4 pituuden ja kontrollin. Se on suunniteltu pelaajille, jotka kaipaavat luotettavaa draiveria kapeille v\u00e4ylille ja pitkiin, liit\u00e4viin heittoihin. Falk lent\u00e4\u00e4 vakaasti aloittelijoiden k\u00e4siss\u00e4 ja tarjoaa kokeneemmille pelaajille hienoja mahdollisuuksia monipuolisiin linjoihin.<\/p>\n<p data-start=\"516\" data-end=\"780\">T\u00e4m\u00e4 erikoisversio kantaa <strong data-start=\"542\" data-end=\"567\">Niiskuneidin (Moomin)<\/strong> kuvitusta, joka tekee kiekosta ker\u00e4ilyharvinaisuuden sek\u00e4 loistavan peliv\u00e4lineen. <strong data-start=\"650\" data-end=\"662\">K1-muovi<\/strong> on Kastaplastin kest\u00e4vin ja laadukkain materiaaliseos, joka tarjoaa erinomaisen otteen ja kest\u00e4\u00e4 kulutusta pitk\u00e4\u00e4n.<\/p>\n<p data-start=\"782\" data-end=\"820\"><strong data-start=\"782\" data-end=\"818\">Miksi valita Falk \u2013 Niiskuneiti?<\/strong><\/p>\n<ul data-start=\"821\" data-end=\"1065\">\n<li data-start=\"821\" data-end=\"866\">\n<p data-start=\"823\" data-end=\"866\">Monipuolinen ja hallittava fairway driver<\/p>\n<\/li>\n<li data-start=\"867\" data-end=\"933\">\n<p data-start=\"869\" data-end=\"933\">Soveltuu hyvin sek\u00e4 aloittelijoille ett\u00e4 kokeneille pelaajille<\/p>\n<\/li>\n<li data-start=\"934\" data-end=\"995\">\n<p data-start=\"936\" data-end=\"995\">Premium-laatuinen K1-muovi: erinomainen pito ja kest\u00e4vyys<\/p>\n<\/li>\n<li data-start=\"996\" data-end=\"1065\">\n<p data-start=\"998\" data-end=\"1065\">Uniikki Niiskuneiti-design \u2013 t\u00e4ydellinen pelaamiseen ja ker\u00e4ilyyn<\/p>\n<\/li>\n<\/ul>\n<p data-start=\"1067\" data-end=\"1155\"><strong data-start=\"1067\" data-end=\"1104\">Kastaplast K1 Falk \u2013 Niiskuneiti.<\/strong> Kiekko, joka liit\u00e4\u00e4 pitk\u00e4lle ja n\u00e4ytt\u00e4\u00e4 upealta.<\/p>","protected":false},"featured_media":254271,"comment_status":"open","ping_status":"closed","template":"","meta":{"_acf_changed":false,"om_disable_all_campaigns":false,"_improvement_type_select":"improve_an_existing","_thumb_yes_seoaic":false,"_frame_yes_seoaic":false,"seoaic_generate_description":"","seoaic_improve_instructions_prompt":"","seoaic_rollback_content_improvement":"","seoaic_idea_thumbnail_generator":"","thumbnail_generated":false,"thumbnail_generate_prompt":"","seoaic_article_description":""},"product_brand":[4870],"product_cat":[4080,1810,4065,73,2625],"product_tag":[],"class_list":{"0":"post-254269","1":"product","2":"type-product","3":"status-publish","4":"has-post-thumbnail","6":"product_brand-kastaplast","7":"product_cat-kastaplast","8":"product_cat-fairwayt","9":"product_cat-special","10":"product_cat-uutuudet","11":"product_cat-valmistajat","12":"pa_feidi-286","13":"pa_liito-275","14":"pa_nopeus-263","15":"pa_paino-324","16":"pa_vakaus-280","17":"pa_valmistajat-kastaplast","18":"pa_vari-keltainen","20":"first","21":"instock","22":"taxable","23":"shipping-taxable","24":"purchasable","25":"product-type-variable"},"acf":[],"_links":{"self":[{"href":"https:\/\/topdisc.fi\/sv\/wp-json\/wp\/v2\/product\/254269","targetHints":{"allow":["GET"]}}],"collection":[{"href":"https:\/\/topdisc.fi\/sv\/wp-json\/wp\/v2\/product"}],"about":[{"href":"https:\/\/topdisc.fi\/sv\/wp-json\/wp\/v2\/types\/product"}],"replies":[{"embeddable":true,"href":"https:\/\/topdisc.fi\/sv\/wp-json\/wp\/v2\/comments?post=254269"}],"version-history":[{"count":1,"href":"https:\/\/topdisc.fi\/sv\/wp-json\/wp\/v2\/product\/254269\/revisions"}],"predecessor-version":[{"id":264282,"href":"https:\/\/topdisc.fi\/sv\/wp-json\/wp\/v2\/product\/254269\/revisions\/264282"}],"wp:featuredmedia":[{"embeddable":true,"href":"https:\/\/topdisc.fi\/sv\/wp-json\/wp\/v2\/media\/254271"}],"wp:attachment":[{"href":"https:\/\/topdisc.fi\/sv\/wp-json\/wp\/v2\/media?parent=254269"}],"wp:term":[{"taxonomy":"product_brand","embeddable":true,"href":"https:\/\/topdisc.fi\/sv\/wp-json\/wp\/v2\/product_brand?post=254269"},{"taxonomy":"product_cat","embeddable":true,"href":"https:\/\/topdisc.fi\/sv\/wp-json\/wp\/v2\/product_cat?post=254269"},{"taxonomy":"product_tag","embeddable":true,"href":"https:\/\/topdisc.fi\/sv\/wp-json\/wp\/v2\/product_tag?post=254269"}],"curies":[{"name":"wp","href":"https:\/\/api.w.org\/{rel}","templated":true}]}}