{"id":254459,"date":"2025-09-11T12:07:19","date_gmt":"2025-09-11T09:07:19","guid":{"rendered":"https:\/\/topdisc.fi\/?post_type=product&#038;p=254459"},"modified":"2026-01-21T15:21:49","modified_gmt":"2026-01-21T13:21:49","slug":"latitude-64-opto-ice-moonshine-splash-pure","status":"publish","type":"product","link":"https:\/\/topdisc.fi\/sv\/produkt\/latitude-64-opto-ice-moonshine-splash-pure\/","title":{"rendered":"Latitude 64 Opto-Ice Moonshine Splash Pure"},"content":{"rendered":"<p>Latitude 64 Opto-Ice Moonshine Splash Pure<\/p>\n<p>Flygv\u00e4rden: 3 3 -1 1<\/p>\n<p>Pure on Latitude 64:n suosituin putteri. Pure lent\u00e4\u00e4 todella suoraan, liit\u00e4\u00e4 hyvin ja omaa minimaalisen feidin.<\/p>\n<p>Opto Ice -muovi on j\u00e4ykkyydelt\u00e4\u00e4n Opto- ja Opto-X-muovien v\u00e4lilt\u00e4. Se kest\u00e4\u00e4 kulutusta erinomaisesti ja on lennoltaan yleens\u00e4 ylivakaampi kuin tavallinen Opto-muovi.<\/p>\n<p>Eri v\u00e4reill\u00e4 tehty Splash-efekti on yksil\u00f6llinen jokaisessa kiekossa.<\/p>\n<p>Moonshine on muovia, joka hohtaa pime\u00e4ss\u00e4. Lataa kiekko hohtavaksi tehokkaalla taskulampulla ja jatka kierrostasi my\u00f6s h\u00e4m\u00e4r\u00e4n saapuessa.<\/p>\n<p>Stampin v\u00e4ri saattaa vaihdella.<\/p>","protected":false},"excerpt":{"rendered":"<p>Latitude 64 Opto-Ice Moonshine Splash Pure<\/p>\n<p>Flygv\u00e4rden: 3 3 -1 1<\/p>\n<p>Pure on Latitude 64:n suosituin putteri. Pure lent\u00e4\u00e4 todella suoraan, liit\u00e4\u00e4 hyvin ja omaa minimaalisen feidin.<\/p>\n<p>Opto Ice -muovi on j\u00e4ykkyydelt\u00e4\u00e4n Opto- ja Opto-X-muovien v\u00e4lilt\u00e4. Se kest\u00e4\u00e4 kulutusta erinomaisesti ja on lennoltaan yleens\u00e4 ylivakaampi kuin tavallinen Opto-muovi.<\/p>\n<p>Eri v\u00e4reill\u00e4 tehty Splash-efekti on yksil\u00f6llinen jokaisessa kiekossa.<\/p>\n<p>Stampin v\u00e4ri saattaa vaihdella.<\/p>\n<p>Moonshine on muovia, joka hohtaa pime\u00e4ss\u00e4. Lataa kiekko hohtavaksi tehokkaalla taskulampulla ja jatka kierrostasi my\u00f6s h\u00e4m\u00e4r\u00e4n saapuessa.<\/p>","protected":false},"featured_media":254463,"comment_status":"open","ping_status":"closed","template":"","meta":{"_acf_changed":false,"om_disable_all_campaigns":false,"_improvement_type_select":"improve_an_existing","_thumb_yes_seoaic":false,"_frame_yes_seoaic":false,"seoaic_generate_description":"","seoaic_improve_instructions_prompt":"","seoaic_rollback_content_improvement":"","seoaic_idea_thumbnail_generator":"","thumbnail_generated":false,"thumbnail_generate_prompt":"","seoaic_article_description":""},"product_brand":[],"product_cat":[1817,366,2626,1850,4630,4065,678,73,2625],"product_tag":[4862,716,2521,2520],"class_list":{"0":"post-254459","1":"product","2":"type-product","3":"status-publish","4":"has-post-thumbnail","6":"product_cat-uudet-kiekot","7":"product_cat-glowit","8":"product_cat-latitude-64","9":"product_cat-uudet-latitude-64-kiekot","10":"product_cat-restock-lokakuu-2025","11":"product_cat-special","12":"product_cat-spessut","13":"product_cat-uutuudet","14":"product_cat-valmistajat","15":"product_tag-glow","16":"product_tag-putter","17":"product_tag-straight","18":"product_tag-suora","19":"pa_feidi-286","20":"pa_liito-272","21":"pa_nopeus-257","22":"pa_paino-324","23":"pa_paino-331","24":"pa_vakaus-281","25":"pa_valmistajat-latitude-64","26":"pa_vari-minttu","27":"pa_vari-pinkki","29":"first","30":"instock","31":"taxable","32":"shipping-taxable","33":"purchasable","34":"product-type-variable"},"acf":[],"_links":{"self":[{"href":"https:\/\/topdisc.fi\/sv\/wp-json\/wp\/v2\/product\/254459","targetHints":{"allow":["GET"]}}],"collection":[{"href":"https:\/\/topdisc.fi\/sv\/wp-json\/wp\/v2\/product"}],"about":[{"href":"https:\/\/topdisc.fi\/sv\/wp-json\/wp\/v2\/types\/product"}],"replies":[{"embeddable":true,"href":"https:\/\/topdisc.fi\/sv\/wp-json\/wp\/v2\/comments?post=254459"}],"version-history":[{"count":1,"href":"https:\/\/topdisc.fi\/sv\/wp-json\/wp\/v2\/product\/254459\/revisions"}],"predecessor-version":[{"id":261252,"href":"https:\/\/topdisc.fi\/sv\/wp-json\/wp\/v2\/product\/254459\/revisions\/261252"}],"wp:featuredmedia":[{"embeddable":true,"href":"https:\/\/topdisc.fi\/sv\/wp-json\/wp\/v2\/media\/254463"}],"wp:attachment":[{"href":"https:\/\/topdisc.fi\/sv\/wp-json\/wp\/v2\/media?parent=254459"}],"wp:term":[{"taxonomy":"product_brand","embeddable":true,"href":"https:\/\/topdisc.fi\/sv\/wp-json\/wp\/v2\/product_brand?post=254459"},{"taxonomy":"product_cat","embeddable":true,"href":"https:\/\/topdisc.fi\/sv\/wp-json\/wp\/v2\/product_cat?post=254459"},{"taxonomy":"product_tag","embeddable":true,"href":"https:\/\/topdisc.fi\/sv\/wp-json\/wp\/v2\/product_tag?post=254459"}],"curies":[{"name":"wp","href":"https:\/\/api.w.org\/{rel}","templated":true}]}}