{"id":265120,"date":"2026-02-03T17:08:51","date_gmt":"2026-02-03T15:08:51","guid":{"rendered":"https:\/\/topdisc.fi\/?post_type=product&#038;p=265120"},"modified":"2026-02-13T23:55:24","modified_gmt":"2026-02-13T21:55:24","slug":"innova-shimmer-star-shryke","status":"publish","type":"product","link":"https:\/\/topdisc.fi\/sv\/produkt\/innova-shimmer-star-shryke\/","title":{"rendered":"Innova Shimmer Star Shryke"},"content":{"rendered":"<p>Innova Shimmer Star Shryke<br \/>\nFlygv\u00e4rden: 13 6 -2 2<\/p>\n<p>Skick: BA+<\/p>\n<p>Vikt: 174g<\/p>\n<p>Mark\u00f6rer: -<\/p>\n<p>Baltic Disc Golf Championships on yksi Baltian alueen merkitt\u00e4vimmist\u00e4 frisbeegolfturnauksista, joka kokoaa yhteen huippupelaajia useista maista. Kilpailu tunnetaan kovatasoisesta pelist\u00e4 ja kansainv\u00e4lisest\u00e4 tunnelmasta. \ud83e\udd4f<\/p>","protected":false},"excerpt":{"rendered":"<p>Innova Shimmer Star Shryke<br \/>\nFlygv\u00e4rden: 13 6 -2 2<\/p>\n<p>Skick: BA+<\/p>\n<p>Vikt: 174g<\/p>\n<p>Mark\u00f6rer: -<\/p>\n<p>Baltic Disc Golf Championships on yksi Baltian alueen merkitt\u00e4vimmist\u00e4 frisbeegolfturnauksista, joka kokoaa yhteen huippupelaajia useista maista. Kilpailu tunnetaan kovatasoisesta pelist\u00e4 ja kansainv\u00e4lisest\u00e4 tunnelmasta. \ud83e\udd4f<\/p>","protected":false},"featured_media":265336,"comment_status":"open","ping_status":"closed","template":"","meta":{"_acf_changed":false,"om_disable_all_campaigns":false,"_improvement_type_select":"improve_an_existing","_thumb_yes_seoaic":false,"_frame_yes_seoaic":false,"seoaic_generate_description":"","seoaic_improve_instructions_prompt":"","seoaic_rollback_content_improvement":"","seoaic_idea_thumbnail_generator":"","thumbnail_generated":false,"thumbnail_generate_prompt":"","seoaic_article_description":""},"product_brand":[4854],"product_cat":[4063,1868,1772,1824,1845,1809,1806,4904,2625],"product_tag":[4880],"class_list":{"0":"post-265120","1":"product","2":"type-product","3":"status-publish","4":"has-post-thumbnail","6":"product_brand-innova","7":"product_cat-fundraiser","8":"product_cat-innova-kaikki","9":"product_cat-innova-kaytetyt-driverit","10":"product_cat-innova-kaytetyt-kiekot","11":"product_cat-innova-kaytetyt-spesiaalikiekot-innova-kaytetyt-frisbeegolfkiekot-2","12":"product_cat-driverit","13":"product_cat-kaytetyt-frisbeegolfkiekot","14":"product_cat-restock-helmikuu-2026","15":"product_cat-valmistajat","16":"product_tag-spessu","17":"pa_feidi-287","18":"pa_kunto-ba","19":"pa_liito-275","20":"pa_nopeus-267","21":"pa_paino-325","22":"pa_vakaus-280","23":"pa_valmistajat-innova","25":"first","26":"instock","27":"shipping-taxable","28":"purchasable","29":"product-type-simple"},"acf":[],"_links":{"self":[{"href":"https:\/\/topdisc.fi\/sv\/wp-json\/wp\/v2\/product\/265120","targetHints":{"allow":["GET"]}}],"collection":[{"href":"https:\/\/topdisc.fi\/sv\/wp-json\/wp\/v2\/product"}],"about":[{"href":"https:\/\/topdisc.fi\/sv\/wp-json\/wp\/v2\/types\/product"}],"replies":[{"embeddable":true,"href":"https:\/\/topdisc.fi\/sv\/wp-json\/wp\/v2\/comments?post=265120"}],"version-history":[{"count":2,"href":"https:\/\/topdisc.fi\/sv\/wp-json\/wp\/v2\/product\/265120\/revisions"}],"predecessor-version":[{"id":265122,"href":"https:\/\/topdisc.fi\/sv\/wp-json\/wp\/v2\/product\/265120\/revisions\/265122"}],"wp:featuredmedia":[{"embeddable":true,"href":"https:\/\/topdisc.fi\/sv\/wp-json\/wp\/v2\/media\/265336"}],"wp:attachment":[{"href":"https:\/\/topdisc.fi\/sv\/wp-json\/wp\/v2\/media?parent=265120"}],"wp:term":[{"taxonomy":"product_brand","embeddable":true,"href":"https:\/\/topdisc.fi\/sv\/wp-json\/wp\/v2\/product_brand?post=265120"},{"taxonomy":"product_cat","embeddable":true,"href":"https:\/\/topdisc.fi\/sv\/wp-json\/wp\/v2\/product_cat?post=265120"},{"taxonomy":"product_tag","embeddable":true,"href":"https:\/\/topdisc.fi\/sv\/wp-json\/wp\/v2\/product_tag?post=265120"}],"curies":[{"name":"wp","href":"https:\/\/api.w.org\/{rel}","templated":true}]}}