{"id":265493,"date":"2026-02-09T17:03:50","date_gmt":"2026-02-09T15:03:50","guid":{"rendered":"https:\/\/topdisc.fi\/?post_type=product&#038;p=265493"},"modified":"2026-02-13T23:53:41","modified_gmt":"2026-02-13T21:53:41","slug":"innova-gstar-teebird","status":"publish","type":"product","link":"https:\/\/topdisc.fi\/sv\/produkt\/innova-gstar-teebird\/","title":{"rendered":"Innova GStar Teebird"},"content":{"rendered":"<p>Innova GStar Teebird<\/p>\n<p>Flygv\u00e4rden: 7 5 0 2<br \/>\nSkick: B+<br \/>\nVikt: 173g<br \/>\nMark\u00f6rer: Rimmi<\/p>\n<p>Teebird \u00e4r k\u00e4nt f\u00f6r sin noggrannhet och tillf\u00f6rlitlighet som fairwayf\u00f6rare. Den kombinerar en rak bana, utm\u00e4rkt glid och hastighet, vilket g\u00f6r den till ett utm\u00e4rkt val f\u00f6r l\u00e5nga kast under en m\u00e4ngd olika f\u00f6rh\u00e5llanden. Denna skiva \u00e4r l\u00e4mplig f\u00f6r b\u00e5de knog- och handflatkast, och erbjuder m\u00e5ngsidighet och kontroll.<\/p>","protected":false},"excerpt":{"rendered":"<p>Innova GStar Teebird<\/p>\n<p>Flygv\u00e4rden: 7 5 0 2<br \/>\nSkick: B+<br \/>\nVikt: 173g<br \/>\nMark\u00f6rer: Rimmi<\/p>\n<p>Teebird \u00e4r k\u00e4nt f\u00f6r sin noggrannhet och tillf\u00f6rlitlighet som fairwayf\u00f6rare. Den kombinerar en rak bana, utm\u00e4rkt glid och hastighet, vilket g\u00f6r den till ett utm\u00e4rkt val f\u00f6r l\u00e5nga kast under en m\u00e4ngd olika f\u00f6rh\u00e5llanden. Denna skiva \u00e4r l\u00e4mplig f\u00f6r b\u00e5de knog- och handflatkast, och erbjuder m\u00e5ngsidighet och kontroll.<\/p>","protected":false},"featured_media":265652,"comment_status":"open","ping_status":"closed","template":"","meta":{"_acf_changed":false,"om_disable_all_campaigns":false,"_improvement_type_select":"improve_an_existing","_thumb_yes_seoaic":false,"_frame_yes_seoaic":false,"seoaic_generate_description":"","seoaic_improve_instructions_prompt":"","seoaic_rollback_content_improvement":"","seoaic_idea_thumbnail_generator":"","thumbnail_generated":false,"thumbnail_generate_prompt":"","seoaic_article_description":""},"product_brand":[4854],"product_cat":[1868,1869,1845,1810,1806,4904],"product_tag":[4886],"class_list":{"0":"post-265493","1":"product","2":"type-product","3":"status-publish","4":"has-post-thumbnail","6":"product_brand-innova","7":"product_cat-innova-kaikki","8":"product_cat-innova-fairwayt","9":"product_cat-innova-kaytetyt-spesiaalikiekot-innova-kaytetyt-frisbeegolfkiekot-2","10":"product_cat-fairwayt","11":"product_cat-kaytetyt-frisbeegolfkiekot","12":"product_cat-restock-helmikuu-2026","13":"product_tag-soft","14":"pa_feidi-287","15":"pa_kunto-b","16":"pa_liito-274","17":"pa_nopeus-261","18":"pa_paino-324","19":"pa_vakaus-zero","20":"pa_valmistajat-innova","22":"first","23":"instock","24":"taxable","25":"shipping-taxable","26":"purchasable","27":"product-type-simple"},"acf":[],"_links":{"self":[{"href":"https:\/\/topdisc.fi\/sv\/wp-json\/wp\/v2\/product\/265493","targetHints":{"allow":["GET"]}}],"collection":[{"href":"https:\/\/topdisc.fi\/sv\/wp-json\/wp\/v2\/product"}],"about":[{"href":"https:\/\/topdisc.fi\/sv\/wp-json\/wp\/v2\/types\/product"}],"replies":[{"embeddable":true,"href":"https:\/\/topdisc.fi\/sv\/wp-json\/wp\/v2\/comments?post=265493"}],"version-history":[{"count":1,"href":"https:\/\/topdisc.fi\/sv\/wp-json\/wp\/v2\/product\/265493\/revisions"}],"predecessor-version":[{"id":265497,"href":"https:\/\/topdisc.fi\/sv\/wp-json\/wp\/v2\/product\/265493\/revisions\/265497"}],"wp:featuredmedia":[{"embeddable":true,"href":"https:\/\/topdisc.fi\/sv\/wp-json\/wp\/v2\/media\/265652"}],"wp:attachment":[{"href":"https:\/\/topdisc.fi\/sv\/wp-json\/wp\/v2\/media?parent=265493"}],"wp:term":[{"taxonomy":"product_brand","embeddable":true,"href":"https:\/\/topdisc.fi\/sv\/wp-json\/wp\/v2\/product_brand?post=265493"},{"taxonomy":"product_cat","embeddable":true,"href":"https:\/\/topdisc.fi\/sv\/wp-json\/wp\/v2\/product_cat?post=265493"},{"taxonomy":"product_tag","embeddable":true,"href":"https:\/\/topdisc.fi\/sv\/wp-json\/wp\/v2\/product_tag?post=265493"}],"curies":[{"name":"wp","href":"https:\/\/api.w.org\/{rel}","templated":true}]}}