{"id":265561,"date":"2026-02-09T18:00:39","date_gmt":"2026-02-09T16:00:39","guid":{"rendered":"https:\/\/topdisc.fi\/?post_type=product&#038;p=265561"},"modified":"2026-03-26T22:02:58","modified_gmt":"2026-03-26T20:02:58","slug":"innova-champion-leopard-pfn-pearly","status":"publish","type":"product","link":"https:\/\/topdisc.fi\/sv\/produkt\/innova-champion-leopard-pfn-pearly\/","title":{"rendered":"Innova Champion Leopard PFN Pearly\u00a0"},"content":{"rendered":"<p>Innova Champion Leopard PFN Pearly<\/p>\n<p>Flygv\u00e4rden: 6 5 -2 1<\/p>\n<p>Skick: BA+<\/p>\n<p>Vikt: 165g<\/p>\n<p>Mark\u00f6rer: -<\/p>\n<div class=\"Y3BBE\" data-sfc-cp=\"\" data-hveid=\"CAEIBBAA\" data-complete=\"true\" data-processed=\"true\">T\u00e4m\u00e4 ei ole mik\u00e4 tahansa markettikiekko, vaan ker\u00e4ilij\u00f6iden ja ammattilaisten arvostama\u00a0<strong class=\"Yjhzub\" data-complete=\"true\" data-processed=\"true\">Pre-Flight Number (PFN)<\/strong>\u00a0-aikakauden yksil\u00f6. Kiekosta puuttuvat nykyaikaiset lentonumerot, mik\u00e4 on merkki aidosta, vanhemmasta tuotannosta.<\/p>\n<\/div>\n<div class=\"Y3BBE\" data-sfc-cp=\"\" data-hveid=\"CAEIBRAA\" data-complete=\"true\" data-processed=\"true\"><strong class=\"Yjhzub\" data-complete=\"true\" data-processed=\"true\">Miksi t\u00e4m\u00e4 Leopard on erityinen?<\/strong><\/div>\n<ul class=\"KsbFXc U6u95\" data-complete=\"true\" data-processed=\"true\">\n<li data-hveid=\"CAEIBhAA\" data-complete=\"true\" data-sae=\"\"><span class=\"T286Pc\" data-sfc-cp=\"\" data-complete=\"true\"><strong class=\"Yjhzub\" data-complete=\"true\">Pearly Champion -muovi:<\/strong>\u00a0Kiekko on valmistettu legendaarisesta &#8221;helmi\u00e4ismuovista&#8221;, joka tunnetaan poikkeuksellisesta kest\u00e4vyydest\u00e4\u00e4n ja upeasta ulkon\u00e4\u00f6st\u00e4\u00e4n.<\/span><\/li>\n<li data-hveid=\"CAEIBhAB\" data-complete=\"true\" data-sae=\"\"><span class=\"T286Pc\" data-sfc-cp=\"\" data-complete=\"true\"><strong class=\"Yjhzub\" data-complete=\"true\">Ennustettava lento:<\/strong>\u00a0Toisin kuin uudemmat painokset, t\u00e4m\u00e4 PFN-yksil\u00f6 s\u00e4ilytt\u00e4\u00e4 tarkan lentoratansa (Turn -2, Fade 1) ja &#8221;sweet spotinsa&#8221; vuosia.<\/span><\/li>\n<li data-hveid=\"CAEIBhAC\" data-complete=\"true\" data-sae=\"\"><span class=\"T286Pc\" data-sfc-cp=\"\" data-complete=\"true\"><strong class=\"Yjhzub\" data-complete=\"true\">K\u00e4sialatuntuma:<\/strong>\u00a0Vanha Champion-muovi tarjoaa monen mielest\u00e4 paremman gripin ja j\u00e4ykkyyden kuin nykyiset variantit.<\/span><\/li>\n<li data-hveid=\"CAEIBhAD\" data-complete=\"true\" data-sae=\"\"><span class=\"T286Pc\" data-sfc-cp=\"\" data-complete=\"true\" aria-owns=\"action-menu-parent-container\"><strong class=\"Yjhzub\" data-complete=\"true\">Ker\u00e4ilyarvo:<\/strong>\u00a0Barry Schultz -allekirjoitus ja &#8221;Patent Pending&#8221; -merkinn\u00e4t tekev\u00e4t t\u00e4st\u00e4 sijoituskohteen, jonka arvo vain nousee.<\/span><\/li>\n<\/ul>","protected":false},"excerpt":{"rendered":"<p>Innova Champion Leopard PFN Pearly<\/p>\n<p>Flygv\u00e4rden: 6 5 -2 1<\/p>\n<p>Skick: BA+<\/p>\n<p>Vikt: 165g<\/p>\n<p>Mark\u00f6rer: -<\/p>\n<div class=\"Y3BBE\" data-sfc-cp=\"\" data-hveid=\"CAEIBBAA\" data-complete=\"true\" data-processed=\"true\">T\u00e4m\u00e4 ei ole mik\u00e4 tahansa markettikiekko, vaan ker\u00e4ilij\u00f6iden ja ammattilaisten arvostama\u00a0<strong class=\"Yjhzub\" data-complete=\"true\" data-processed=\"true\">Pre-Flight Number (PFN)<\/strong>\u00a0-aikakauden yksil\u00f6. Kiekosta puuttuvat nykyaikaiset lentonumerot, mik\u00e4 on merkki aidosta, vanhemmasta tuotannosta.<\/p>\n<\/div>\n<div class=\"Y3BBE\" data-sfc-cp=\"\" data-hveid=\"CAEIBRAA\" data-complete=\"true\" data-processed=\"true\"><strong class=\"Yjhzub\" data-complete=\"true\" data-processed=\"true\">Miksi t\u00e4m\u00e4 Leopard on erityinen?<\/strong><\/div>\n<ul class=\"KsbFXc U6u95\" data-complete=\"true\" data-processed=\"true\">\n<li data-hveid=\"CAEIBhAA\" data-complete=\"true\" data-sae=\"\"><span class=\"T286Pc\" data-sfc-cp=\"\" data-complete=\"true\"><strong class=\"Yjhzub\" data-complete=\"true\">Pearly Champion -muovi:<\/strong>\u00a0Kiekko on valmistettu legendaarisesta &#8221;helmi\u00e4ismuovista&#8221;, joka tunnetaan poikkeuksellisesta kest\u00e4vyydest\u00e4\u00e4n ja upeasta ulkon\u00e4\u00f6st\u00e4\u00e4n.<\/span><\/li>\n<li data-hveid=\"CAEIBhAB\" data-complete=\"true\" data-sae=\"\"><span class=\"T286Pc\" data-sfc-cp=\"\" data-complete=\"true\"><strong class=\"Yjhzub\" data-complete=\"true\">Ennustettava lento:<\/strong>\u00a0Toisin kuin uudemmat painokset, t\u00e4m\u00e4 PFN-yksil\u00f6 s\u00e4ilytt\u00e4\u00e4 tarkan lentoratansa (Turn -2, Fade 1) ja &#8221;sweet spotinsa&#8221; vuosia.<\/span><\/li>\n<li data-hveid=\"CAEIBhAC\" data-complete=\"true\" data-sae=\"\"><span class=\"T286Pc\" data-sfc-cp=\"\" data-complete=\"true\"><strong class=\"Yjhzub\" data-complete=\"true\">K\u00e4sialatuntuma:<\/strong>\u00a0Vanha Champion-muovi tarjoaa monen mielest\u00e4 paremman gripin ja j\u00e4ykkyyden kuin nykyiset variantit.<\/span><\/li>\n<li data-hveid=\"CAEIBhAD\" data-complete=\"true\" data-sae=\"\"><span class=\"T286Pc\" data-sfc-cp=\"\" data-complete=\"true\" aria-owns=\"action-menu-parent-container\"><strong class=\"Yjhzub\" data-complete=\"true\">Ker\u00e4ilyarvo:<\/strong>\u00a0Barry Schultz -allekirjoitus ja &#8221;Patent Pending&#8221; -merkinn\u00e4t tekev\u00e4t t\u00e4st\u00e4 sijoituskohteen, jonka arvo vain nousee.<\/span><\/li>\n<\/ul>","protected":false},"featured_media":265594,"comment_status":"open","ping_status":"closed","template":"","meta":{"_acf_changed":false,"om_disable_all_campaigns":false,"_improvement_type_select":"improve_an_existing","_thumb_yes_seoaic":false,"_frame_yes_seoaic":false,"seoaic_generate_description":"","seoaic_improve_instructions_prompt":"","seoaic_rollback_content_improvement":"","seoaic_idea_thumbnail_generator":"","thumbnail_generated":false,"thumbnail_generate_prompt":"","seoaic_article_description":""},"product_brand":[4854],"product_cat":[1806,1868,1869,1824,1845,1810,4904,2621,4065,2625],"product_tag":[4911],"class_list":{"0":"post-265561","1":"product","2":"type-product","3":"status-publish","4":"has-post-thumbnail","6":"product_brand-innova","7":"product_cat-kaytetyt-frisbeegolfkiekot","8":"product_cat-innova-kaikki","9":"product_cat-innova-fairwayt","10":"product_cat-innova-kaytetyt-kiekot","11":"product_cat-innova-kaytetyt-spesiaalikiekot-innova-kaytetyt-frisbeegolfkiekot-2","12":"product_cat-fairwayt","13":"product_cat-restock-helmikuu-2026","14":"product_cat-restockit","15":"product_cat-special","16":"product_cat-valmistajat","17":"product_tag-pfn","18":"pa_feidi-286","19":"pa_kunto-ba","20":"pa_liito-274","21":"pa_nopeus-260","22":"pa_paino-316","23":"pa_vakaus-280","24":"pa_valmistajat-innova","26":"first","27":"outofstock","28":"shipping-taxable","29":"purchasable","30":"product-type-simple"},"acf":[],"_links":{"self":[{"href":"https:\/\/topdisc.fi\/sv\/wp-json\/wp\/v2\/product\/265561","targetHints":{"allow":["GET"]}}],"collection":[{"href":"https:\/\/topdisc.fi\/sv\/wp-json\/wp\/v2\/product"}],"about":[{"href":"https:\/\/topdisc.fi\/sv\/wp-json\/wp\/v2\/types\/product"}],"replies":[{"embeddable":true,"href":"https:\/\/topdisc.fi\/sv\/wp-json\/wp\/v2\/comments?post=265561"}],"version-history":[{"count":2,"href":"https:\/\/topdisc.fi\/sv\/wp-json\/wp\/v2\/product\/265561\/revisions"}],"predecessor-version":[{"id":265564,"href":"https:\/\/topdisc.fi\/sv\/wp-json\/wp\/v2\/product\/265561\/revisions\/265564"}],"wp:featuredmedia":[{"embeddable":true,"href":"https:\/\/topdisc.fi\/sv\/wp-json\/wp\/v2\/media\/265594"}],"wp:attachment":[{"href":"https:\/\/topdisc.fi\/sv\/wp-json\/wp\/v2\/media?parent=265561"}],"wp:term":[{"taxonomy":"product_brand","embeddable":true,"href":"https:\/\/topdisc.fi\/sv\/wp-json\/wp\/v2\/product_brand?post=265561"},{"taxonomy":"product_cat","embeddable":true,"href":"https:\/\/topdisc.fi\/sv\/wp-json\/wp\/v2\/product_cat?post=265561"},{"taxonomy":"product_tag","embeddable":true,"href":"https:\/\/topdisc.fi\/sv\/wp-json\/wp\/v2\/product_tag?post=265561"}],"curies":[{"name":"wp","href":"https:\/\/api.w.org\/{rel}","templated":true}]}}