{"id":266347,"date":"2026-02-14T13:47:39","date_gmt":"2026-02-14T11:47:39","guid":{"rendered":"https:\/\/topdisc.fi\/?post_type=product&#038;p=266347"},"modified":"2026-03-01T00:42:23","modified_gmt":"2026-02-28T22:42:23","slug":"latitude-64-opto-pearl","status":"publish","type":"product","link":"https:\/\/topdisc.fi\/sv\/produkt\/latitude-64-opto-pearl\/","title":{"rendered":"Latitude 64 Opto Pearl"},"content":{"rendered":"<p>Latitude 64 Opto Pearl<\/p>\n<p>Flygv\u00e4rden: 4 6 -4 0<\/p>\n<p>Skick: B<\/p>\n<p>Vikt: 158g<\/p>\n<p>Mark\u00f6rer: omslag<\/p>\n<p>Pearl \u00e4r en midari, som \u00e4r l\u00e4tt och riktigt l\u00e4tt att kasta, som kan f\u00e5ngas \u00e4ven med en mindre hand. Den \u00e4r en del av den l\u00e4ttanv\u00e4nda serien och \u00e4r den perfekta midaren f\u00f6r nyb\u00f6rjare, barn och spelare med m\u00e5ttlig handhastighet.<\/p>","protected":false},"excerpt":{"rendered":"<p>Latitude 64 Opto Pearl<\/p>\n<p>Flygv\u00e4rden: 4 6 -4 0<\/p>\n<p>Skick: B<\/p>\n<p>Vikt: 158g<\/p>\n<p>Mark\u00f6rer: omslag<\/p>\n<p>Pearl \u00e4r en midari, som \u00e4r l\u00e4tt och riktigt l\u00e4tt att kasta, som kan f\u00e5ngas \u00e4ven med en mindre hand. Den \u00e4r en del av den l\u00e4ttanv\u00e4nda serien och \u00e4r den perfekta midaren f\u00f6r nyb\u00f6rjare, barn och spelare med m\u00e5ttlig handhastighet.<\/p>","protected":false},"featured_media":266988,"comment_status":"open","ping_status":"closed","template":"","meta":{"_acf_changed":false,"om_disable_all_campaigns":false,"_improvement_type_select":"improve_an_existing","_thumb_yes_seoaic":false,"_frame_yes_seoaic":false,"seoaic_generate_description":"","seoaic_improve_instructions_prompt":"","seoaic_rollback_content_improvement":"","seoaic_idea_thumbnail_generator":"","thumbnail_generated":false,"thumbnail_generate_prompt":"","seoaic_article_description":""},"product_brand":[4871],"product_cat":[2626,4919,1806,1811,1822,1850,1817],"product_tag":[4881],"class_list":{"0":"post-266347","1":"product","2":"type-product","3":"status-publish","4":"has-post-thumbnail","6":"product_brand-latitude-64","7":"product_cat-latitude-64","8":"product_cat-helmet","9":"product_cat-kaytetyt-frisbeegolfkiekot","10":"product_cat-midarit","11":"product_cat-latitude-64-kaytetyt-frisbeegolfkiekot-2","12":"product_cat-uudet-latitude-64-kiekot","13":"product_cat-uudet-kiekot","14":"product_tag-kevyt","15":"pa_kunto-b-2","16":"pa_kunto-b","17":"pa_liito-275","18":"pa_nopeus-258","19":"pa_vakaus-278","20":"pa_valmistajat-latitude-64","22":"first","23":"instock","24":"taxable","25":"shipping-taxable","26":"purchasable","27":"product-type-simple"},"acf":[],"_links":{"self":[{"href":"https:\/\/topdisc.fi\/sv\/wp-json\/wp\/v2\/product\/266347","targetHints":{"allow":["GET"]}}],"collection":[{"href":"https:\/\/topdisc.fi\/sv\/wp-json\/wp\/v2\/product"}],"about":[{"href":"https:\/\/topdisc.fi\/sv\/wp-json\/wp\/v2\/types\/product"}],"replies":[{"embeddable":true,"href":"https:\/\/topdisc.fi\/sv\/wp-json\/wp\/v2\/comments?post=266347"}],"version-history":[{"count":1,"href":"https:\/\/topdisc.fi\/sv\/wp-json\/wp\/v2\/product\/266347\/revisions"}],"predecessor-version":[{"id":266349,"href":"https:\/\/topdisc.fi\/sv\/wp-json\/wp\/v2\/product\/266347\/revisions\/266349"}],"wp:featuredmedia":[{"embeddable":true,"href":"https:\/\/topdisc.fi\/sv\/wp-json\/wp\/v2\/media\/266988"}],"wp:attachment":[{"href":"https:\/\/topdisc.fi\/sv\/wp-json\/wp\/v2\/media?parent=266347"}],"wp:term":[{"taxonomy":"product_brand","embeddable":true,"href":"https:\/\/topdisc.fi\/sv\/wp-json\/wp\/v2\/product_brand?post=266347"},{"taxonomy":"product_cat","embeddable":true,"href":"https:\/\/topdisc.fi\/sv\/wp-json\/wp\/v2\/product_cat?post=266347"},{"taxonomy":"product_tag","embeddable":true,"href":"https:\/\/topdisc.fi\/sv\/wp-json\/wp\/v2\/product_tag?post=266347"}],"curies":[{"name":"wp","href":"https:\/\/api.w.org\/{rel}","templated":true}]}}