{"id":266533,"date":"2026-02-18T15:25:19","date_gmt":"2026-02-18T13:25:19","guid":{"rendered":"https:\/\/topdisc.fi\/?post_type=product&#038;p=266533"},"modified":"2026-03-01T00:41:06","modified_gmt":"2026-02-28T22:41:06","slug":"prodigy-disc-400-pa-5-first-run","status":"publish","type":"product","link":"https:\/\/topdisc.fi\/sv\/produkt\/prodigy-disc-400-pa-5-first-run\/","title":{"rendered":"Prodigy Disc 400 Pa-5 First Run"},"content":{"rendered":"<p>Prodigy Disc 400 Pa-5 First Run<\/p>\n<p>Flygv\u00e4rden: 3 4 -2 0,5<\/p>\n<p>Skick: B<\/p>\n<p>Vikt: 175g<\/p>\n<p>PA-5 \u00e4r en understabil och l\u00e5gprofilputter som flyger rakt \u00e4ven med ett l\u00e4tt kast. N\u00e4r man kastar h\u00e5rdare fungerar PA-5 utm\u00e4rkt f\u00f6r kast som kr\u00f6ker sig fr\u00e5n v\u00e4nster till h\u00f6ger (h\u00f6ger knogkast).<\/p>","protected":false},"excerpt":{"rendered":"<p>Prodigy Disc 400 Pa-5 First Run<\/p>\n<p>Flygv\u00e4rden: 3 4 -2 0,5<\/p>\n<p>Skick: B<\/p>\n<p>Vikt: 175g<\/p>\n<p>PA-5 \u00e4r en understabil och l\u00e5gprofilputter som flyger rakt \u00e4ven med ett l\u00e4tt kast. N\u00e4r man kastar h\u00e5rdare fungerar PA-5 utm\u00e4rkt f\u00f6r kast som kr\u00f6ker sig fr\u00e5n v\u00e4nster till h\u00f6ger (h\u00f6ger knogkast).<\/p>","protected":false},"featured_media":267055,"comment_status":"open","ping_status":"closed","template":"","meta":{"_acf_changed":false,"om_disable_all_campaigns":false,"_improvement_type_select":"improve_an_existing","_thumb_yes_seoaic":false,"_frame_yes_seoaic":false,"seoaic_generate_description":"","seoaic_improve_instructions_prompt":"","seoaic_rollback_content_improvement":"","seoaic_idea_thumbnail_generator":"","thumbnail_generated":false,"thumbnail_generate_prompt":"","seoaic_article_description":""},"product_brand":[4872],"product_cat":[1806,4919,1808,1823,1901],"product_tag":[4889],"class_list":{"0":"post-266533","1":"product","2":"type-product","3":"status-publish","4":"has-post-thumbnail","6":"product_brand-prodigy-disc","7":"product_cat-kaytetyt-frisbeegolfkiekot","8":"product_cat-helmet","9":"product_cat-kaytetyt-putterit","10":"product_cat-prodigy-kaytetyt-frisbeegolfkiekot-2","11":"product_cat-prodigy-kaytetyt-putterit","12":"product_tag-first-run","13":"pa_feidi-0-5","14":"pa_liito-273","15":"pa_nopeus-257","16":"pa_paino-326","17":"pa_vakaus-280","18":"pa_valmistajat-prodigy-discs","20":"first","21":"instock","22":"shipping-taxable","23":"purchasable","24":"product-type-simple"},"acf":[],"_links":{"self":[{"href":"https:\/\/topdisc.fi\/sv\/wp-json\/wp\/v2\/product\/266533","targetHints":{"allow":["GET"]}}],"collection":[{"href":"https:\/\/topdisc.fi\/sv\/wp-json\/wp\/v2\/product"}],"about":[{"href":"https:\/\/topdisc.fi\/sv\/wp-json\/wp\/v2\/types\/product"}],"replies":[{"embeddable":true,"href":"https:\/\/topdisc.fi\/sv\/wp-json\/wp\/v2\/comments?post=266533"}],"version-history":[{"count":1,"href":"https:\/\/topdisc.fi\/sv\/wp-json\/wp\/v2\/product\/266533\/revisions"}],"predecessor-version":[{"id":266534,"href":"https:\/\/topdisc.fi\/sv\/wp-json\/wp\/v2\/product\/266533\/revisions\/266534"}],"wp:featuredmedia":[{"embeddable":true,"href":"https:\/\/topdisc.fi\/sv\/wp-json\/wp\/v2\/media\/267055"}],"wp:attachment":[{"href":"https:\/\/topdisc.fi\/sv\/wp-json\/wp\/v2\/media?parent=266533"}],"wp:term":[{"taxonomy":"product_brand","embeddable":true,"href":"https:\/\/topdisc.fi\/sv\/wp-json\/wp\/v2\/product_brand?post=266533"},{"taxonomy":"product_cat","embeddable":true,"href":"https:\/\/topdisc.fi\/sv\/wp-json\/wp\/v2\/product_cat?post=266533"},{"taxonomy":"product_tag","embeddable":true,"href":"https:\/\/topdisc.fi\/sv\/wp-json\/wp\/v2\/product_tag?post=266533"}],"curies":[{"name":"wp","href":"https:\/\/api.w.org\/{rel}","templated":true}]}}