{"id":268131,"date":"2026-03-12T15:22:53","date_gmt":"2026-03-12T13:22:53","guid":{"rendered":"https:\/\/topdisc.fi\/?post_type=product&#038;p=268131"},"modified":"2026-03-21T13:15:48","modified_gmt":"2026-03-21T11:15:48","slug":"kastaplast-k1-grind-lots","status":"publish","type":"product","link":"https:\/\/topdisc.fi\/sv\/produkt\/kastaplast-k1-grind-lots\/","title":{"rendered":"Kastaplast K1 Grind Lots"},"content":{"rendered":"<h4>Kastaplast K1 Grind Lots<\/h4>\n<p>Flygv\u00e4rden: 9 5 -1 2<\/p>\n<p>Skick: B+<\/p>\n<p>Vikt: 175g<\/p>\n<p>Mark\u00f6rer:<\/p>\n<p><strong>Kastaplast K1 Grind Lots<\/strong> on luotettava ja vakaa v\u00e4yl\u00e4draiveri, joka loistaa erityisesti kapeilla v\u00e4ylill\u00e4 ja vastatuulessa.<\/p>\n<p data-start=\"144\" data-end=\"514\">","protected":false},"excerpt":{"rendered":"<h4>Kastaplast K1 Grind Lots<\/h4>\n<p>Flygv\u00e4rden: 9 5 -1 2<\/p>\n<p>Skick: B+<\/p>\n<p>Vikt: 175g<\/p>\n<p>Mark\u00f6rer:<\/p>\n<p><strong>Kastaplast K1 Grind Lots<\/strong> on luotettava ja vakaa v\u00e4yl\u00e4draiveri, joka loistaa erityisesti kapeilla v\u00e4ylill\u00e4 ja vastatuulessa.<\/p>","protected":false},"featured_media":268781,"comment_status":"open","ping_status":"closed","template":"","meta":{"_acf_changed":false,"om_disable_all_campaigns":false,"_improvement_type_select":"improve_an_existing","_thumb_yes_seoaic":false,"_frame_yes_seoaic":false,"seoaic_generate_description":"","seoaic_improve_instructions_prompt":"","seoaic_rollback_content_improvement":"","seoaic_idea_thumbnail_generator":"","thumbnail_generated":false,"thumbnail_generate_prompt":"","seoaic_article_description":""},"product_brand":[4870],"product_cat":[4080,1828,1810,1806,2625],"product_tag":[4928],"class_list":{"0":"post-268131","1":"product","2":"type-product","3":"status-publish","4":"has-post-thumbnail","6":"product_brand-kastaplast","7":"product_cat-kastaplast","8":"product_cat-kastaplast-kaytetyt-frisbeegolfkiekot-2","9":"product_cat-fairwayt","10":"product_cat-kaytetyt-frisbeegolfkiekot","11":"product_cat-valmistajat","12":"product_tag-restock-maaliskuu","13":"pa_feidi-287","14":"pa_kunto-b","15":"pa_liito-274","16":"pa_nopeus-263","17":"pa_paino-326","18":"pa_vakaus-281","19":"pa_valmistajat-kastaplast","21":"first","22":"instock","23":"shipping-taxable","24":"purchasable","25":"product-type-simple"},"acf":[],"_links":{"self":[{"href":"https:\/\/topdisc.fi\/sv\/wp-json\/wp\/v2\/product\/268131","targetHints":{"allow":["GET"]}}],"collection":[{"href":"https:\/\/topdisc.fi\/sv\/wp-json\/wp\/v2\/product"}],"about":[{"href":"https:\/\/topdisc.fi\/sv\/wp-json\/wp\/v2\/types\/product"}],"replies":[{"embeddable":true,"href":"https:\/\/topdisc.fi\/sv\/wp-json\/wp\/v2\/comments?post=268131"}],"version-history":[{"count":4,"href":"https:\/\/topdisc.fi\/sv\/wp-json\/wp\/v2\/product\/268131\/revisions"}],"predecessor-version":[{"id":268135,"href":"https:\/\/topdisc.fi\/sv\/wp-json\/wp\/v2\/product\/268131\/revisions\/268135"}],"wp:featuredmedia":[{"embeddable":true,"href":"https:\/\/topdisc.fi\/sv\/wp-json\/wp\/v2\/media\/268781"}],"wp:attachment":[{"href":"https:\/\/topdisc.fi\/sv\/wp-json\/wp\/v2\/media?parent=268131"}],"wp:term":[{"taxonomy":"product_brand","embeddable":true,"href":"https:\/\/topdisc.fi\/sv\/wp-json\/wp\/v2\/product_brand?post=268131"},{"taxonomy":"product_cat","embeddable":true,"href":"https:\/\/topdisc.fi\/sv\/wp-json\/wp\/v2\/product_cat?post=268131"},{"taxonomy":"product_tag","embeddable":true,"href":"https:\/\/topdisc.fi\/sv\/wp-json\/wp\/v2\/product_tag?post=268131"}],"curies":[{"name":"wp","href":"https:\/\/api.w.org\/{rel}","templated":true}]}}