{"id":268145,"date":"2026-03-12T15:57:37","date_gmt":"2026-03-12T13:57:37","guid":{"rendered":"https:\/\/topdisc.fi\/?post_type=product&#038;p=268145"},"modified":"2026-03-21T12:11:51","modified_gmt":"2026-03-21T10:11:51","slug":"innova-star-rollo-2","status":"publish","type":"product","link":"https:\/\/topdisc.fi\/sv\/produkt\/innova-star-rollo-2\/","title":{"rendered":"Innova Star Rollo"},"content":{"rendered":"<p>Innova Star Rollo<\/p>\n<p>Lentoarvot: 5 6 -4 1<br \/>\nSkick: BA+<br \/>\nVikt: 167g<br \/>\nMark\u00f6rer: -<\/p>\n<p>Innova Rollo \u00e4r den perfekta skivan f\u00f6r rullar. Rollo \u00e4r riktigt instabil och klibbig midari, s\u00e5 den \u00e4r \u00e4ven perfekt f\u00f6r nyb\u00f6rjare. Flera mer erfarna spelare har ocks\u00e5 f\u00f6r\u00e4lskat sig i Rollos m\u00e5ngsidighet och den fungerar som en perfekt &quot;gimmickpuck&quot;.<\/p>","protected":false},"excerpt":{"rendered":"<p>Innova Star Rollo<\/p>\n<p>Lentoarvot: 5 6 -4 1<br \/>\nSkick: BA+<br \/>\nVikt: 167g<br \/>\nMark\u00f6rer: -<\/p>\n<p>Innova Rollo \u00e4r den perfekta skivan f\u00f6r rullar. Rollo \u00e4r riktigt instabil och klibbig midari, s\u00e5 den \u00e4r \u00e4ven perfekt f\u00f6r nyb\u00f6rjare. Flera mer erfarna spelare har ocks\u00e5 f\u00f6r\u00e4lskat sig i Rollos m\u00e5ngsidighet och den fungerar som en perfekt &quot;gimmickpuck&quot;.<\/p>","protected":false},"featured_media":268227,"comment_status":"open","ping_status":"closed","template":"","meta":{"_acf_changed":false,"om_disable_all_campaigns":false,"_improvement_type_select":"improve_an_existing","_thumb_yes_seoaic":false,"_frame_yes_seoaic":false,"seoaic_generate_description":"","seoaic_improve_instructions_prompt":"","seoaic_rollback_content_improvement":"","seoaic_idea_thumbnail_generator":"","thumbnail_generated":false,"thumbnail_generate_prompt":"","seoaic_article_description":""},"product_brand":[4854],"product_cat":[1868,1773,1846,1806,1811],"product_tag":[4928],"class_list":{"0":"post-268145","1":"product","2":"type-product","3":"status-publish","4":"has-post-thumbnail","6":"product_brand-innova","7":"product_cat-innova-kaikki","8":"product_cat-innova-kaytetyt-aloittelijoille","9":"product_cat-innova-kaytetyt-midarit-innova-kaytetyt-frisbeegolfkiekot-2","10":"product_cat-kaytetyt-frisbeegolfkiekot","11":"product_cat-midarit","12":"product_tag-restock-maaliskuu","13":"pa_feidi-286","14":"pa_liito-275","15":"pa_nopeus-259","16":"pa_paino-318","17":"pa_vakaus-278","18":"pa_valmistajat-innova","20":"first","21":"instock","22":"taxable","23":"shipping-taxable","24":"purchasable","25":"product-type-simple"},"acf":[],"_links":{"self":[{"href":"https:\/\/topdisc.fi\/sv\/wp-json\/wp\/v2\/product\/268145","targetHints":{"allow":["GET"]}}],"collection":[{"href":"https:\/\/topdisc.fi\/sv\/wp-json\/wp\/v2\/product"}],"about":[{"href":"https:\/\/topdisc.fi\/sv\/wp-json\/wp\/v2\/types\/product"}],"replies":[{"embeddable":true,"href":"https:\/\/topdisc.fi\/sv\/wp-json\/wp\/v2\/comments?post=268145"}],"version-history":[{"count":1,"href":"https:\/\/topdisc.fi\/sv\/wp-json\/wp\/v2\/product\/268145\/revisions"}],"predecessor-version":[{"id":268150,"href":"https:\/\/topdisc.fi\/sv\/wp-json\/wp\/v2\/product\/268145\/revisions\/268150"}],"wp:featuredmedia":[{"embeddable":true,"href":"https:\/\/topdisc.fi\/sv\/wp-json\/wp\/v2\/media\/268227"}],"wp:attachment":[{"href":"https:\/\/topdisc.fi\/sv\/wp-json\/wp\/v2\/media?parent=268145"}],"wp:term":[{"taxonomy":"product_brand","embeddable":true,"href":"https:\/\/topdisc.fi\/sv\/wp-json\/wp\/v2\/product_brand?post=268145"},{"taxonomy":"product_cat","embeddable":true,"href":"https:\/\/topdisc.fi\/sv\/wp-json\/wp\/v2\/product_cat?post=268145"},{"taxonomy":"product_tag","embeddable":true,"href":"https:\/\/topdisc.fi\/sv\/wp-json\/wp\/v2\/product_tag?post=268145"}],"curies":[{"name":"wp","href":"https:\/\/api.w.org\/{rel}","templated":true}]}}